{"id":3181,"date":"2023-03-14T17:54:48","date_gmt":"2023-03-14T16:54:48","guid":{"rendered":"https:\/\/chronologiekritik.de\/en\/?page_id=3181"},"modified":"2024-03-27T14:59:53","modified_gmt":"2024-03-27T13:59:53","slug":"the-background","status":"publish","type":"page","link":"https:\/\/chronologiekritik.de\/en\/the-background\/","title":{"rendered":"Background"},"content":{"rendered":"\r\n<h4 style=\"text-align: left;\">Criticism of chronology &#8211; an unheard-of discipline?<\/h4>\r\n\r\n\r\n<div class=\"wp-block-image\">\r\n<figure class=\"alignleft size-large is-resized\"><img loading=\"lazy\" decoding=\"async\" class=\"wp-image-51\" src=\"https:\/\/chronologiekritik.files.wordpress.com\/2022\/06\/bibliothek.jpg?w=1024\" alt=\"\" width=\"403\" height=\"403\" \/><\/figure>\r\n<\/div>\r\n\r\n\r\n<p style=\"text-align: left;\">Although the theses presented here will seem surprising to almost all readers -most scholars will agree that they have never heard of such a thing- they are, for the most part, not so new. The researchers in chronology critique of the 20th and 21st centuries are by no means on their own: there is a long tradition of chronology critique. This is a recent finding that has only gained weight in recent years.<\/p>\r\n\r\n\r\n\r\n<p style=\"text-align: left;\">Since the beginnings of historiography, there have always been authors -some undisputed prestigious characters of their time- who have challenged conventional chronology. Others, though not the measure of time as such, have recognised many claims about our past as falsifications.<\/p>\r\n\r\n\r\n\r\n<p style=\"text-align: left;\">This began as early as the 17th century in Spain with <strong>Nicolas Antonio<\/strong>, in France with <strong>Launoy<\/strong>, <strong>Hardouin<\/strong> and <strong>Germon<\/strong>, and a little later in England with the mathematician<strong> Isaac Newton<\/strong>, who himself drew up a time scheme that did not match the one we have today. Since then, many scientists have expressed similar ideas, but although some provoked enormous public debates, they were mostly forgotten soon after their deaths. Most of these authors were not even known in the circles of today&#8217;s historical critics when they put forward their theories about a truncated chronology, and were only gradually rediscovered later.<\/p>\r\n\r\n\r\n\r\n<h5 style=\"text-align: left;\">Chronological overview<\/h5>\r\n\r\n\r\n\r\n<p style=\"text-align: left;\">This chronological-geographical index attempts to give an impression of when and where certain scholars have challenged the conventional view of history, although by no means all of the authors mentioned have cast doubt on chronology as such. The geographical assignment is rather loose and more oriented towards linguistic aspects. Click on the name for more information!<\/p>\r\n\r\n\r\n\r\n<p style=\"text-align: left;\">This panel contains only some of the most active authors. A more comprehensive compilation is provided on the <a href=\"https:\/\/chronologiekritik.de\/en\/who-is-who\/\">Author List<\/a>.<\/p>\r\n\r\n\r\n\r\n<p style=\"text-align: left;\">\u00a0<\/p>\r\n\r\n<div style=\"overflow-x: auto; text-align: left;\">\r\n<figure class=\"wp-block-table is-style-stripes has-small-font-size\">\r\n<table style=\"height: 34.375em; width: 100%; border-color: #bab6b6; border-style: none;\" class=\"mtr-table mtr-thead-th\">\r\n<thead>\r\n<tr style=\"height: 48px; border-style: solid; border-color: #000000; background-color: #dbd5d5;\">\r\n<th style=\"width: 5.77328%; height: 48px; background-color: #f2bdbd; border-style: solid; text-align: center;\" data-mtr-content=\"language-area\" class=\"mtr-th-tag\"><div class=\"mtr-cell-content\"><span style=\"color: #333333;\"><strong>language-area<\/strong><\/span><\/div><\/th>\r\n<th style=\"width: 29.1093%; height: 48px; background-color: #f2bdbd; text-align: center;\" data-mtr-content=\"German\" class=\"mtr-th-tag\"><div class=\"mtr-cell-content\"><span style=\"color: #333333;\">German<\/span><\/div><\/th>\r\n<th style=\"width: 13.6437%; height: 48px; background-color: #f2bdbd; text-align: center;\" data-mtr-content=\"English\" class=\"mtr-th-tag\"><div class=\"mtr-cell-content\"><span style=\"color: #333333;\">English<\/span><\/div><\/th>\r\n<th style=\"width: 15.9758%; height: 48px; background-color: #f2bdbd; text-align: center;\" data-mtr-content=\"French\" class=\"mtr-th-tag\"><div class=\"mtr-cell-content\"><span style=\"color: #333333;\">French<\/span><\/div><\/th>\r\n<th style=\"width: 16.7611%; height: 48px; background-color: #f2bdbd; text-align: center;\" data-mtr-content=\"Spanish\" class=\"mtr-th-tag\"><div class=\"mtr-cell-content\"><span style=\"color: #333333;\">Spanish<\/span><\/div><\/th>\r\n<th style=\"width: 16.7368%; height: 48px; background-color: #f2bdbd; text-align: center;\" data-mtr-content=\"Russian\" class=\"mtr-th-tag\"><div class=\"mtr-cell-content\"><span style=\"color: #333333;\">Russian<\/span><\/div><\/th>\r\n<\/tr>\r\n<\/thead>\r\n<tbody>\r\n<tr style=\"height: 176px;\">\r\n<td style=\"width: 5.77328%; height: 176px; background-color: #a0f2f2;\" data-mtr-content=\"language-area\" class=\"mtr-td-tag\"><div class=\"mtr-cell-content\">1980-2020<\/div><\/td>\r\n<td style=\"width: 29.1093%; height: 176px;\" data-mtr-content=\"German\" class=\"mtr-td-tag\"><div class=\"mtr-cell-content\"><a href=\"https:\/\/chronologiekritik.de\/en\/who-is-who\/#_ftn7\">E. Gabowitsch<\/a><span style=\"colour: #000000;\"> \u2013 <\/span><a href=\"https:\/\/chronologiekritik.de\/en\/who-is-who\/#_ftn15\">Andreas Otte<\/a> <a href=\"https:\/\/chronologiekritik.de\/en\/who-is-who\/#_ftnref14\">Hans-U. Niemitz<\/a><span style=\"color: #000000;\"> \u2013 <\/span><a href=\"https:\/\/chronologiekritik.de\/en\/who-is-who\/#_ftn2\">Christian Bl\u00f6ss<\/a> <a href=\"https:\/\/chronologiekritik.de\/en\/who-is-who\/#_ftn9\">Heribert Illig<\/a><span style=\"color: #000000;\"> \u2013 <\/span><a href=\"http:\/\/www.%20ilya.it\/chrono\/dtpages\/weristwer.html#heinsohn\">Gunnar Heinsohn<\/a> <a href=\"http:\/\/www.ilya.it\/chrono\/dtpages\/weristwer.html#marx\">Christoph Marx<\/a><span style=\"color: #000000;\"> \u2013 <\/span><a href=\"https:\/\/chronologiekritik.de\/en\/who-is-who\/#_ftn13\">Z. A. M\u00fcller<\/a><\/div><\/td>\r\n<td style=\"width: 13.6437%; height: 176px;\" data-mtr-content=\"English\" class=\"mtr-td-tag\"><div class=\"mtr-cell-content\"><a href=\"https:\/\/chronologiekritik.de\/en\/who-is-who\/#_ftn23\">Clark Whelton<\/a> <a href=\"https:\/\/chronologiekritik.de\/en\/who-is-who\/#_ftn7\">Alfred de Grazia<\/a><\/div><\/td>\r\n<td style=\"width: 15.9758%; height: 176px;\" data-mtr-content=\"French\" class=\"mtr-td-tag\"><div class=\"mtr-cell-content\"><a href=\"https:\/\/chronologiekritik.de\/en\/who-is-who\/#_ftn19\">Fran\u00e7ois de Sarre<\/a><\/div><\/td>\r\n<td style=\"width: 16.7611%; height: 176px;\" data-mtr-content=\"Spanish\" class=\"mtr-td-tag\"><div class=\"mtr-cell-content\"><a href=\"https:\/\/chronologiekritik.de\/en\/who-is-who\/#_ftn6\">Emilio G. Ferr\u00edn<\/a> <a href=\"https:\/\/chronologiekritik.de\/en\/who-is-who\/#_ftn2\">Caro Baroja<\/a><\/div><\/td>\r\n<td style=\"width: 16.7368%; height: 176px;\" data-mtr-content=\"Russian\" class=\"mtr-td-tag\"><div class=\"mtr-cell-content\"><a href=\"https:\/\/chronologiekritik.de\/en\/who-is-who\/#_ftn20\">Jordan Tabov<\/a> <a href=\"https:\/\/chronologiekritik.de\/en\/who-is-who\/#_ftn14\">Gleb Nosovski<\/a> <a href=\"https:\/\/chronologiekritik.de\/en\/who-is-who\/#_ftn6\">Anatoly Fomenko<\/a><\/div><\/td>\r\n<\/tr>\r\n<tr style=\"height: 48px;\">\r\n<td style=\"width: 5.77328%; height: 48px; background-color: #a0f2f2;\" data-mtr-content=\"language-area\" class=\"mtr-td-tag\"><div class=\"mtr-cell-content\">1950-1980<\/div><\/td>\r\n<td style=\"width: 29.1093%; height: 48px;\" data-mtr-content=\"German\" class=\"mtr-td-tag\"><div class=\"mtr-cell-content\"><a href=\"https:\/\/chronologiekritik.de\/en\/who-is-who\/#_ftn20\">Uwe Topper<\/a> \u2013 <a href=\"https:\/\/chronologiekritik.de\/en\/who-is-who\/#_ftn12\">G\u00fcnter L\u00fcling<\/a><\/div><\/td>\r\n<td style=\"width: 13.6437%; height: 48px;\" data-mtr-content=\"English\" class=\"mtr-td-tag\"><div class=\"mtr-cell-content\"><a href=\"https:\/\/chronologiekritik.de\/en\/who-is-who\/#_ftn22\">Imm. Velikovsky<\/a><\/div><\/td>\r\n<td style=\"width: 15.9758%; height: 48px;\" data-mtr-content=\"French\" class=\"mtr-td-tag\"><div class=\"mtr-cell-content\">\u00a0<\/div><\/td>\r\n<td style=\"width: 16.7611%; height: 48px;\" data-mtr-content=\"Spanish\" class=\"mtr-td-tag\"><div class=\"mtr-cell-content\"><a href=\"https:\/\/chronologiekritik.de\/en\/who-is-who\/#_ftn15\">Ignacio Olag\u00fce<\/a><\/div><\/td>\r\n<td style=\"width: 16.7368%; height: 48px;\" data-mtr-content=\"Russian\" class=\"mtr-td-tag\"><div class=\"mtr-cell-content\">\u00a0<\/div><\/td>\r\n<\/tr>\r\n<tr style=\"height: 72px;\">\r\n<td style=\"width: 5.77328%; height: 72px; background-color: #a0f2f2;\" data-mtr-content=\"language-area\" class=\"mtr-td-tag\"><div class=\"mtr-cell-content\">1900-1950<\/div><\/td>\r\n<td style=\"width: 29.1093%; height: 72px;\" data-mtr-content=\"German\" class=\"mtr-td-tag\"><div class=\"mtr-cell-content\"><a href=\"https:\/\/chronologiekritik.de\/en\/who-is-who\/#_ftn11\">Wilh. Kammeier<\/a> \u2013 <a href=\"https:\/\/chronologiekritik.de\/en\/who-is-who\/#_ftn19\">Oswald Spengler<\/a> <a href=\"http:\/\/www.ilya.it\/chrono\/dtpages\/weristwer.html#baldauf\">Robert Baldauf<\/a><\/div><\/td>\r\n<td style=\"width: 13.6437%; height: 72px;\" data-mtr-content=\"English\" class=\"mtr-td-tag\"><div class=\"mtr-cell-content\">\u00a0<\/div><\/td>\r\n<td style=\"width: 15.9758%; height: 72px;\" data-mtr-content=\"French\" class=\"mtr-td-tag\"><div class=\"mtr-cell-content\">\u00a0<\/div><\/td>\r\n<td style=\"width: 16.7611%; height: 72px;\" data-mtr-content=\"Spanish\" class=\"mtr-td-tag\"><div class=\"mtr-cell-content\">\u00a0<\/div><\/td>\r\n<td style=\"width: 16.7368%; height: 72px;\" data-mtr-content=\"Russian\" class=\"mtr-td-tag\"><div class=\"mtr-cell-content\"><a href=\"https:\/\/chronologiekritik.de\/en\/who-is-who\/#_ftn13\">Nikolai Morozov<\/a><\/div><\/td>\r\n<\/tr>\r\n<tr style=\"height: 48px;\">\r\n<td style=\"width: 5.77328%; height: 48px; background-color: #a0f2f2;\" data-mtr-content=\"language-area\" class=\"mtr-td-tag\"><div class=\"mtr-cell-content\">1800-1900<\/div><\/td>\r\n<td style=\"width: 29.1093%; height: 48px;\" data-mtr-content=\"German\" class=\"mtr-td-tag\"><div class=\"mtr-cell-content\"><a href=\"https:\/\/chronologiekritik.de\/en\/who-is-who\/#_ftn1\">Joseph Aschbach<\/a><\/div><\/td>\r\n<td style=\"width: 13.6437%; height: 48px;\" data-mtr-content=\"English\" class=\"mtr-td-tag\"><div class=\"mtr-cell-content\"><a href=\"https:\/\/chronologiekritik.de\/en\/who-is-who\/#_ftn10\">Edwin Johnson<\/a><\/div><\/td>\r\n<td style=\"width: 15.9758%; height: 48px;\" data-mtr-content=\"French\" class=\"mtr-td-tag\"><div class=\"mtr-cell-content\"><a href=\"https:\/\/chronologiekritik.de\/en\/who-is-who\/#_ftn8\">Polydore Hochart<\/a><\/div><\/td>\r\n<td style=\"width: 16.7611%; height: 48px;\" data-mtr-content=\"Spanish\" class=\"mtr-td-tag\"><div class=\"mtr-cell-content\">\u00a0<\/div><\/td>\r\n<td style=\"width: 16.7368%; height: 48px;\" data-mtr-content=\"Russian\" class=\"mtr-td-tag\"><div class=\"mtr-cell-content\">\u00a0<\/div><\/td>\r\n<\/tr>\r\n<tr style=\"height: 72px;\">\r\n<td style=\"width: 5.77328%; height: 72px; background-color: #a0f2f2;\" data-mtr-content=\"language-area\" class=\"mtr-td-tag\"><div class=\"mtr-cell-content\">1700-1800<\/div><\/td>\r\n<td style=\"width: 29.1093%; height: 72px;\" data-mtr-content=\"German\" class=\"mtr-td-tag\"><div class=\"mtr-cell-content\">\u00a0<\/div><\/td>\r\n<td style=\"width: 13.6437%; height: 72px;\" data-mtr-content=\"English\" class=\"mtr-td-tag\"><div class=\"mtr-cell-content\"><a href=\"https:\/\/chronologiekritik.de\/en\/who-is-who\/#_ftn14\">Isaac Newton<\/a><\/div><\/td>\r\n<td style=\"width: 15.9758%; height: 72px;\" data-mtr-content=\"French\" class=\"mtr-td-tag\"><div class=\"mtr-cell-content\"><a href=\"https:\/\/chronologiekritik.de\/en\/who-is-who\/#_ftn2\">Nicolas Boulanger<\/a> <a href=\"https:\/\/chronologiekritik.de\/en\/who-is-who\/#_ftn7\">Barth. Germon<\/a><\/div><\/td>\r\n<td style=\"width: 16.7611%; height: 72px;\" data-mtr-content=\"Spanish\" class=\"mtr-td-tag\"><div class=\"mtr-cell-content\"><a href=\"https:\/\/chronologiekritik.de\/en\/who-is-who\/#_ftn19\">G. Mayans y Siscar<\/a><\/div><\/td>\r\n<td style=\"width: 16.7368%; height: 72px;\" data-mtr-content=\"Russian\" class=\"mtr-td-tag\"><div class=\"mtr-cell-content\">\u00a0<\/div><\/td>\r\n<\/tr>\r\n<tr style=\"height: 80px;\">\r\n<td style=\"width: 5.77328%; height: 80px; background-color: #a0f2f2;\" data-mtr-content=\"language-area\" class=\"mtr-td-tag\"><div class=\"mtr-cell-content\">1600-1700<\/div><\/td>\r\n<td style=\"width: 29.1093%; height: 80px;\" data-mtr-content=\"German\" class=\"mtr-td-tag\"><div class=\"mtr-cell-content\">\u00a0<\/div><\/td>\r\n<td style=\"width: 13.6437%; height: 80px;\" data-mtr-content=\"English\" class=\"mtr-td-tag\"><div class=\"mtr-cell-content\">\u00a0<\/div><\/td>\r\n<td style=\"width: 15.9758%; height: 80px;\" data-mtr-content=\"French\" class=\"mtr-td-tag\"><div class=\"mtr-cell-content\"><a href=\"https:\/\/chronologiekritik.de\/en\/who-is-who\/#_ftn8\">Jean Hardouin<\/a> <a href=\"https:\/\/chronologiekritik.de\/en\/who-is-who\/#_ftn12\">Jean de Launoy<\/a><\/div><\/td>\r\n<td style=\"width: 16.7611%; height: 80px;\" data-mtr-content=\"Spanish\" class=\"mtr-td-tag\"><div class=\"mtr-cell-content\"><a href=\"https:\/\/chronologiekritik.de\/en\/who-is-who\/#_ftn1\">Nicolas Antonio<\/a><\/div><\/td>\r\n<td style=\"width: 16.7368%; height: 80px;\" data-mtr-content=\"Russian\" class=\"mtr-td-tag\"><div class=\"mtr-cell-content\">\u00a0<\/div><\/td>\r\n<\/tr>\r\n<\/tbody>\r\n<\/table>\r\n<\/figure>\r\n<\/div>\r\n<p style=\"text-align: left;\">\u00a0<\/p>\r\n\r\n<h5 style=\"text-align: left;\">Catastrophists<\/h5>\r\n\r\n\r\n\r\n<p style=\"text-align: left;\">In addition to the decidedly chronology-critical works, there were always publications by scholars who propagated an alternative view of the historical sequence, often with catastrophist foundations. They were also academically discussed but usually only cited as marginal figures. We have touched on or discussed some of these outsiders (see in the Reading Room reviews of <a href=\"https:\/\/chronologiekritik.de\/blog\/2001\/07\/04\/muck\/\">Muck<\/a>, <a href=\"https:\/\/chronologiekritik.de\/blog\/2006\/04\/10\/pallmann\/\" target=\"_blank\" rel=\"noopener\">Pallmann<\/a>, <a href=\"https:\/\/chronologiekritik.de\/blog\/2006\/06\/08\/dacque\/\">Dacqu\u00e9<\/a>, <a href=\"https:\/\/chronologiekritik.de\/blog\/2000\/12\/31\/ceram-hethiter\/\">Ceram<\/a>,\u00a0<a href=\"https:\/\/chronologiekritik.de\/blog\/2009\/12\/31\/katastrophe-von-innen\/\">Kaiser<\/a>,\u00a0or older ones such as <a href=\"https:\/\/chronologiekritik.de\/blog\/2011\/12\/31\/niebuhr\/\">Niebuhr<\/a>, Fallmerayer). A new version of <a href=\"https:\/\/chronologiekritik.de\/blog\/2015\/11\/12\/vordenker-der-chronologiekritik\/\">strange pioneers<\/a> has just been released.<\/p>\r\n\r\n\r\n\r\n<h5 style=\"text-align: left;\">The last 20 years<\/h5>\r\n\r\n\r\n\r\n<p style=\"text-align: left;\">In earlier centuries, it was mostly isolated scholars who questioned chronology and had to defend their theses against the experts alone. A fundamental change began in the 1980s, when several German and Swiss researchers -Christoph Marx, Gunnar Heinsohn, Heribert Illig, Christian Bl\u00f6ss and others- founded the &#8220;Gesellschaft zur Rekonstruktion der Menschheits- und Naturgeschichte&#8221; (GRMNG), which for the first time made it possible for many similarly minded authors to join forces.<\/p>\r\n\r\n\r\n\r\n<p style=\"text-align: left;\">In part, the GRMNG built on the ideas of the American psychoanalyst Immanuel Velikovsky, who had developed a model of history characterised by cosmic catastrophes in his book &#8220;Worlds in Collision&#8221; in the 1950s (Marx translated several of Velikovsky&#8217;s books into German). However, Velikovsky rigidly adhered to the biblical tradition; more flexible was the German researcher Uwe Topper, who in the 1970s independently of Velikovsky had recognised the fundamental role of catastrophes in history. His view of history, shaped mainly by field research in Asia, North Africa and Spain, had been expressed in his book &#8220;Das Erbe der Giganten&#8221; (1977), which had provoked some discussion.<\/p>\r\n\r\n\r\n\r\n<p style=\"text-align: left;\">The complete overthrow of chronology -which actually the well-known philosopher of history Oswald Spengler had already called for in the 1920s- only began, however, with the GRMNG and became known to the public above all with Heinsohn&#8217;s book &#8220;Die Sumerer gab es nicht&#8221; (1988). After the dissolution of the GRMNG in 1988, the journal Vorzeit-Fr\u00fchzeit-Gegenwart, directed by Illig in Munich, became the most important forum for critics for several years. In the early 1990s, Topper became acquainted with Heinsohn, Illig, Niemitz and other representatives of the scene and incorporated the idea of abbreviated chronology into his theses.<\/p>\r\n\r\n\r\n\r\n<p style=\"text-align: left;\">In the mid-1990s, the computer scientist Eugen Gabovich drew the attention of the scene to the fact that a New Chronological School had existed in Russia for years, led by the mathematician Anatoly Fomenko and based on the Russian scholar Nikolai Morozov of the 1920s. Based on statistical analysis, this group considers all events in and before the Middle Ages to be reflections of later events.<\/p>\r\n\r\n\r\n\r\n<p style=\"text-align: left;\">Because of their mathematical working method, which only evaluates statistical data of the chronicles and does not or hardly deal with archaeological finds, Fomenko&#8217;s ideas are rather rejected by a large part of German historians -among them also the authors of this page-, however, they are often only superficially known in the scene because of missing translations from Russian.<\/p>\r\n\r\n\r\n\r\n<p style=\"text-align: left;\">Discussion rounds and regular meetings now keep the work going, especially in Germany, and enable an ongoing exchange of ideas between an ever-increasing number of interested parties; worth mentioning are the annual subscriber meetings of the journal edited by Illig (first called <em>Vorzeit-Fr\u00fchzeit-Gegenwart (VFG)<\/em>, later <em>Zeitenspr\u00fcnge<\/em>), the Berlin Geschichtssalon (BGS) founded by Niemitz, Bl\u00f6ss and Topper in 1994, the Karlsruhe Geschichtssalon led by Gabowitsch from 1999 onwards, and the Geschichtssalon Potsdam founded by him with Topper and others in 2002.<\/p>","protected":false},"excerpt":{"rendered":"<p>Criticism of chronology &#8211; an unheard-of discipline? Although the theses presented here will seem surprising to almost all readers -most scholars will agree that they have never heard of such a thing- they are, for the most part, not so new. The researchers in chronology critique of the 20th and 21st centuries are by no means on their own: there is a long tradition of chronology critique. This is a recent finding that has only gained weight in recent years. Since the beginnings of historiography, there have always been authors -some undisputed prestigious characters of their time- who have challenged conventional chronology. Others, though not the measure of time as such, have recognised many claims about our past as falsifications. This began as early as the 17th century in Spain with Nicolas Antonio, in France with Launoy, Hardouin and Germon, and a little later in England with the mathematician Isaac Newton, who himself drew up a time scheme that did not match the one we have today. Since then, many scientists have expressed similar ideas, but although some provoked enormous public debates, they were mostly forgotten soon after their deaths. Most of these authors were not even known in the circles of today&#8217;s historical critics when they put forward their theories about a truncated chronology, and were only gradually rediscovered later. Chronological overview This chronological-geographical index attempts to give an impression of when and where certain scholars have challenged the conventional view of history, although by no means all of the authors mentioned have cast doubt on chronology as such. The geographical assignment is rather loose and more oriented towards linguistic aspects. Click on the name for more information! This panel contains only some of the most active authors. A more comprehensive compilation is provided on the Author List. \u00a0 language-area German English French Spanish Russian 1980-2020 E. Gabowitsch \u2013 Andreas Otte Hans-U. Niemitz \u2013 Christian Bl\u00f6ss Heribert Illig \u2013 Gunnar Heinsohn Christoph Marx \u2013 Z. A. M\u00fcller Clark Whelton Alfred de Grazia Fran\u00e7ois de Sarre Emilio G. Ferr\u00edn Caro Baroja Jordan Tabov Gleb Nosovski Anatoly Fomenko 1950-1980 Uwe Topper \u2013 G\u00fcnter L\u00fcling Imm. Velikovsky \u00a0 Ignacio Olag\u00fce \u00a0 1900-1950 Wilh. Kammeier \u2013 Oswald Spengler Robert Baldauf \u00a0 \u00a0 \u00a0 Nikolai Morozov 1800-1900 Joseph Aschbach Edwin Johnson Polydore Hochart \u00a0 \u00a0 1700-1800 \u00a0 Isaac Newton Nicolas Boulanger Barth. Germon G. Mayans y Siscar \u00a0 1600-1700 \u00a0 \u00a0 Jean Hardouin Jean de Launoy Nicolas Antonio \u00a0 \u00a0 Catastrophists In addition to the decidedly chronology-critical works, there were always publications by scholars who propagated an alternative view of the historical sequence, often with catastrophist foundations. They were also academically discussed but usually only cited as marginal figures. We have touched on or discussed some of these outsiders (see in the Reading Room reviews of Muck, Pallmann, Dacqu\u00e9, Ceram,\u00a0Kaiser,\u00a0or older ones such as Niebuhr, Fallmerayer). A new version of strange pioneers has just been released. The last 20 years In earlier centuries, it was mostly isolated scholars who questioned chronology and had to defend their theses against the experts alone. A fundamental change began in the 1980s, when several German and Swiss researchers -Christoph Marx, Gunnar Heinsohn, Heribert Illig, Christian Bl\u00f6ss and others- founded the &#8220;Gesellschaft zur Rekonstruktion der Menschheits- und Naturgeschichte&#8221; (GRMNG), which for the first time made it possible for many similarly minded authors to join forces. In part, the GRMNG built on the ideas of the American psychoanalyst Immanuel Velikovsky, who had developed a model of history characterised by cosmic catastrophes in his book &#8220;Worlds in Collision&#8221; in the 1950s (Marx translated several of Velikovsky&#8217;s books into German). However, Velikovsky rigidly adhered to the biblical tradition; more flexible was the German researcher Uwe Topper, who in the 1970s independently of Velikovsky had recognised the fundamental role of catastrophes in history. His view of history, shaped mainly by field research in Asia, North Africa and Spain, had been expressed in his book &#8220;Das Erbe der Giganten&#8221; (1977), which had provoked some discussion. The complete overthrow of chronology -which actually the well-known philosopher of history Oswald Spengler had already called for in the 1920s- only began, however, with the GRMNG and became known to the public above all with Heinsohn&#8217;s book &#8220;Die Sumerer gab es nicht&#8221; (1988). After the dissolution of the GRMNG in 1988, the journal Vorzeit-Fr\u00fchzeit-Gegenwart, directed by Illig in Munich, became the most important forum for critics for several years. In the early 1990s, Topper became acquainted with Heinsohn, Illig, Niemitz and other representatives of the scene and incorporated the idea of abbreviated chronology into his theses. In the mid-1990s, the computer scientist Eugen Gabovich drew the attention of the scene to the fact that a New Chronological School had existed in Russia for years, led by the mathematician Anatoly Fomenko and based on the Russian scholar Nikolai Morozov of the 1920s. Based on statistical analysis, this group considers all events in and before the Middle Ages to be reflections of later events. Because of their mathematical working method, which only evaluates statistical data of the chronicles and does not or hardly deal with archaeological finds, Fomenko&#8217;s ideas are rather rejected by a large part of German historians -among them also the authors of this page-, however, they are often only superficially known in the scene because of missing translations from Russian. Discussion rounds and regular meetings now keep the work going, especially in Germany, and enable an ongoing exchange of ideas between an ever-increasing number of interested parties; worth mentioning are the annual subscriber meetings of the journal edited by Illig (first called Vorzeit-Fr\u00fchzeit-Gegenwart (VFG), later Zeitenspr\u00fcnge), the Berlin Geschichtssalon (BGS) founded by Niemitz, Bl\u00f6ss and Topper in 1994, the Karlsruhe Geschichtssalon led by Gabowitsch from 1999 onwards, and the Geschichtssalon Potsdam founded by him with Topper and others in 2002.<\/p>\n","protected":false},"author":1,"featured_media":0,"parent":0,"menu_order":0,"comment_status":"closed","ping_status":"closed","template":"","meta":{"footnotes":""},"class_list":["post-3181","page","type-page","status-publish","hentry"],"jetpack_sharing_enabled":true,"_links":{"self":[{"href":"https:\/\/chronologiekritik.de\/en\/wp-json\/wp\/v2\/pages\/3181","targetHints":{"allow":["GET"]}}],"collection":[{"href":"https:\/\/chronologiekritik.de\/en\/wp-json\/wp\/v2\/pages"}],"about":[{"href":"https:\/\/chronologiekritik.de\/en\/wp-json\/wp\/v2\/types\/page"}],"author":[{"embeddable":true,"href":"https:\/\/chronologiekritik.de\/en\/wp-json\/wp\/v2\/users\/1"}],"replies":[{"embeddable":true,"href":"https:\/\/chronologiekritik.de\/en\/wp-json\/wp\/v2\/comments?post=3181"}],"version-history":[{"count":23,"href":"https:\/\/chronologiekritik.de\/en\/wp-json\/wp\/v2\/pages\/3181\/revisions"}],"predecessor-version":[{"id":4174,"href":"https:\/\/chronologiekritik.de\/en\/wp-json\/wp\/v2\/pages\/3181\/revisions\/4174"}],"wp:attachment":[{"href":"https:\/\/chronologiekritik.de\/en\/wp-json\/wp\/v2\/media?parent=3181"}],"curies":[{"name":"wp","href":"https:\/\/api.w.org\/{rel}","templated":true}]}}