{"id":3783,"date":"2023-08-24T11:23:34","date_gmt":"2023-08-24T09:23:34","guid":{"rendered":"https:\/\/chronologiekritik.de\/en\/?page_id=3783"},"modified":"2023-09-13T22:13:47","modified_gmt":"2023-09-13T20:13:47","slug":"gunnar-heinsohn","status":"publish","type":"page","link":"https:\/\/chronologiekritik.de\/en\/staff\/gunnar-heinsohn\/","title":{"rendered":"Gunnar Heinsohn"},"content":{"rendered":"\r\n<div class=\"wp-block-group alignfull has-background-background-color has-background\"><div class=\"wp-block-group__inner-container is-layout-flow wp-block-group-is-layout-flow\">\r\n<div class=\"wp-block-jetpack-layout-grid alignfull column1-desktop-grid__span-3 column1-desktop-grid__start-2 column1-desktop-grid__row-1 column2-desktop-grid__span-6 column2-desktop-grid__start-6 column2-desktop-grid__row-1 column1-tablet-grid__span-3 column1-tablet-grid__row-1 column2-tablet-grid__span-5 column2-tablet-grid__start-4 column2-tablet-grid__row-1 column1-mobile-grid__span-4 column1-mobile-grid__row-1 column2-mobile-grid__span-4 column2-mobile-grid__row-2\">\r\n<div class=\"wp-block-jetpack-layout-grid-column wp-block-jetpack-layout-grid__padding-none\">\r\n<figure class=\"wp-block-image size-large is-style-circle-mask is-style-rounded\"><img decoding=\"async\" class=\"wp-image-470\" src=\"https:\/\/chronologiekritik.de\/wp-content\/uploads\/2022\/09\/heinsohn-gunnar.png?w=185\" alt=\"\" \/><\/figure>\r\n\r\n\r\n\r\n<p class=\"has-text-align-center\" style=\"font-size: 18px;\">* Gdynia, 1943 \u2020 Gdansk, 2023<br \/>Lived in: Bremen, Germany<\/p>\r\n<\/div>\r\n\r\n\r\n\r\n<div class=\"wp-block-jetpack-layout-grid-column wp-block-jetpack-layout-grid__padding-none\">\r\n<h4 class=\"wp-block-heading\">Sociologist<\/h4>\r\n\r\n\r\n Dr. Heinsohn studied Philosophie, Economy and Sociology in Berlin, and obtained his PhD in Sociology 1974. In 1982 he took also a PhD degree in Economics. Since 1984 he was professor at the University Bremen (Germany). He is one of the first German critics of chronology and in 1982 he was, together with\u00a0 <a href=\"https:\/\/chronologiekritik.de\/en\/who-is-who\/#marx\" target=\"_blank\" rel=\"noopener\">Christoph Marx<\/a>, Ch.\u00a0<a href=\"https:\/\/chronologiekritik.de\/en\/who-is-who\/#bloess\" target=\"_blank\" rel=\"noopener\">Bl\u00f6ss<\/a>\u00a0and H.\u00a0<a href=\"https:\/\/chronologiekritik.de\/en\/who-is-who\/#illig\" target=\"_blank\" rel=\"noopener\">Illig<\/a>, one of the founders of the Society for the Reconstruction of the History of Humankind and Nature (GRMNG). His first book about history and chronology was called <i>The Sumerians never existed<\/i> ( 1988). \u00a0Based on stratigraphical facts, Heinsohn was able to show that the conventional history of Mesopotamia and Egypt has been stretched over 2000 years, added to real history due to ther first archeologists accepting the Bible&#8217;s dates for Abraham as basis for dating their excavations.<\/div>\r\n<div>\u00a0<\/div>\r\n<div class=\"wp-block-jetpack-layout-grid-column wp-block-jetpack-layout-grid__padding-none\">Heinsohn has published also books about the history of Egypt, about the Middle Ages, the persecution of witches, the history of religion and the development of money. Heinsohn was a frequent contributor to several German newspapers about sociological subjects, like immigration, and wrote also for the French daily <em>Le Monde<\/em> and the American papers <em>The New York Times<\/em> and <em>The Wall Street Journal<\/em>.\u00a0 He died on 16th Februar 2023 in Gdansk (Poland).<\/div>\r\n<div class=\"wp-block-jetpack-layout-grid-column wp-block-jetpack-layout-grid__padding-none\"><\/div>\r\n<\/div>\r\n\r\n\r\n\r\n<h4 class=\"wp-block-heading\">Books and Essays<\/h4>\r\n\r\n\r\n\r\n<ul class=\"wp-block-list\">\r\n<li>1984: <em><strong>Privateigentum, Patriarchat, Geldwirtschaft, sozialtheoretische Rekonstruktion zur Antike<\/strong>.<\/em> Suhrkamp.<\/li>\r\n<li>1985:\u00a0<em><strong>Die Vernichtung der weisen Frauen. <\/strong>Beitr\u00e4ge zur Theorie und Geschichte von Bev\u00f6lkerung und Kindheit.<\/em> M\u00e4rz, Herbstein (together with Otto Steiger).<\/li>\r\n<li>1988: <em><strong>Was ist Antisemitismus? <\/strong>Der Ursprung von Monotheismus und Judenha\u00df.<\/em> Eichborn.<\/li>\r\n<li>1988: <em><strong>Die Sumerer gab es nicht<\/strong>. Von den Phantom-Imperien der Lehrb\u00fccher zur wirklichen Epochenabfolge in der \u201eZivilisationswiege\u201c S\u00fcdmesopotamien.<\/em> Eichborn.<\/li>\r\n<li>1990: <em><strong>Wann lebten die Pharaonen?<\/strong> Arch\u00e4ologische und technologische Grundlagen f\u00fcr eine Neuschreibung der Geschichte \u00c4gyptens und der \u00fcbrigen Welt.<\/em> Eichborn, (together with Heribert Illig).<\/li>\r\n<li>1991: <em><strong>Wie alt ist das Menschengeschlecht?<\/strong> Stratigraphische Grundlegung der Pal\u00e4oanthropologie und der Vorzeit.<\/em>\u00a0Mantis, Gr\u00e4felfing.<\/li>\r\n<li>1993: <em><strong>Wer herrschte im Industal?<\/strong> Die wiedergefundenen Imperien der Meder und Perser.<\/em>\u00a0Mantis, Gr\u00e4felfing.<\/li>\r\n<li>1995: <em><strong>Warum Auschwitz? <\/strong>Hitlers Plan und die Ratlosigkeit der Nachwelt.<\/em> Rowohlt.<\/li>\r\n<li>1996: <em><strong>Eigentum, Zins und Geld.<\/strong> Ungel\u00f6ste R\u00e4tsel der Wirtschaftswissenschaft.<\/em> Rowohlt.<\/li>\r\n<li>1997: <em><strong>Die Erschaffung der G\u00f6tter<\/strong>. Das Opfer als Ursprung der Religion.<\/em> Rowohlt.<\/li>\r\n<li>1998: <em><strong>Lexikon der V\u00f6lkermorde<\/strong>.<\/em> Rowohlt.<\/li>\r\n<li>2003: <em><strong>S\u00f6hne und Weltmacht<\/strong>. Terror im Aufstieg und Fall der Nationen.<\/em> Orell F\u00fcssli, Zurich.<\/li>\r\n<\/ul>\r\n<\/div><\/div>","protected":false},"excerpt":{"rendered":"<p>Books and Essays 1984: Privateigentum, Patriarchat, Geldwirtschaft, sozialtheoretische Rekonstruktion zur Antike. Suhrkamp. 1985:\u00a0Die Vernichtung der weisen Frauen. Beitr\u00e4ge zur Theorie und Geschichte von Bev\u00f6lkerung und Kindheit. M\u00e4rz, Herbstein (together with Otto Steiger). 1988: Was ist Antisemitismus? Der Ursprung von Monotheismus und Judenha\u00df. Eichborn. 1988: Die Sumerer gab es nicht. Von den Phantom-Imperien der Lehrb\u00fccher zur wirklichen Epochenabfolge in der \u201eZivilisationswiege\u201c S\u00fcdmesopotamien. Eichborn. 1990: Wann lebten die Pharaonen? Arch\u00e4ologische und technologische Grundlagen f\u00fcr eine Neuschreibung der Geschichte \u00c4gyptens und der \u00fcbrigen Welt. Eichborn, (together with Heribert Illig). 1991: Wie alt ist das Menschengeschlecht? Stratigraphische Grundlegung der Pal\u00e4oanthropologie und der Vorzeit.\u00a0Mantis, Gr\u00e4felfing. 1993: Wer herrschte im Industal? Die wiedergefundenen Imperien der Meder und Perser.\u00a0Mantis, Gr\u00e4felfing. 1995: Warum Auschwitz? Hitlers Plan und die Ratlosigkeit der Nachwelt. Rowohlt. 1996: Eigentum, Zins und Geld. Ungel\u00f6ste R\u00e4tsel der Wirtschaftswissenschaft. Rowohlt. 1997: Die Erschaffung der G\u00f6tter. Das Opfer als Ursprung der Religion. Rowohlt. 1998: Lexikon der V\u00f6lkermorde. Rowohlt. 2003: S\u00f6hne und Weltmacht. Terror im Aufstieg und Fall der Nationen. Orell F\u00fcssli, Zurich.<\/p>\n","protected":false},"author":2,"featured_media":0,"parent":3756,"menu_order":0,"comment_status":"closed","ping_status":"closed","template":"","meta":{"footnotes":""},"class_list":["post-3783","page","type-page","status-publish","hentry"],"jetpack_sharing_enabled":true,"_links":{"self":[{"href":"https:\/\/chronologiekritik.de\/en\/wp-json\/wp\/v2\/pages\/3783","targetHints":{"allow":["GET"]}}],"collection":[{"href":"https:\/\/chronologiekritik.de\/en\/wp-json\/wp\/v2\/pages"}],"about":[{"href":"https:\/\/chronologiekritik.de\/en\/wp-json\/wp\/v2\/types\/page"}],"author":[{"embeddable":true,"href":"https:\/\/chronologiekritik.de\/en\/wp-json\/wp\/v2\/users\/2"}],"replies":[{"embeddable":true,"href":"https:\/\/chronologiekritik.de\/en\/wp-json\/wp\/v2\/comments?post=3783"}],"version-history":[{"count":2,"href":"https:\/\/chronologiekritik.de\/en\/wp-json\/wp\/v2\/pages\/3783\/revisions"}],"predecessor-version":[{"id":3812,"href":"https:\/\/chronologiekritik.de\/en\/wp-json\/wp\/v2\/pages\/3783\/revisions\/3812"}],"up":[{"embeddable":true,"href":"https:\/\/chronologiekritik.de\/en\/wp-json\/wp\/v2\/pages\/3756"}],"wp:attachment":[{"href":"https:\/\/chronologiekritik.de\/en\/wp-json\/wp\/v2\/media?parent=3783"}],"curies":[{"name":"wp","href":"https:\/\/api.w.org\/{rel}","templated":true}]}}