{"id":3321,"date":"2023-07-09T18:20:38","date_gmt":"2023-07-09T16:20:38","guid":{"rendered":"https:\/\/chronologiekritik.de\/es\/?page_id=3321"},"modified":"2023-07-30T15:54:29","modified_gmt":"2023-07-30T13:54:29","slug":"emilio-g-ferrin","status":"publish","type":"page","link":"https:\/\/chronologiekritik.de\/es\/colaboradores\/emilio-g-ferrin\/","title":{"rendered":"Emilio G. Ferr\u00edn"},"content":{"rendered":"<div class=\"wp-block-jetpack-layout-grid alignfull column1-desktop-grid__span-3 column1-desktop-grid__start-2 column1-desktop-grid__row-1 column2-desktop-grid__span-6 column2-desktop-grid__start-6 column2-desktop-grid__row-1 column1-tablet-grid__span-3 column1-tablet-grid__row-1 column2-tablet-grid__span-5 column2-tablet-grid__start-4 column2-tablet-grid__row-1 column1-mobile-grid__span-4 column1-mobile-grid__row-1 column2-mobile-grid__span-4 column2-mobile-grid__row-2\">\n<div class=\"wp-block-jetpack-layout-grid-column wp-block-jetpack-layout-grid__padding-none\">\n<figure class=\"wp-block-image size-large is-style-circle-mask is-style-rounded\"><img decoding=\"async\" class=\"wp-image-70\" src=\"https:\/\/chronologiekritik.de\/wp-content\/uploads\/2022\/09\/ferrin-emilio-e1678909604491.png?w=185\" alt=\"\" \/><\/figure>\n<p>Nacido en:\u00a0<b>1965 en Ciudad Real (Espa\u00f1a)<\/b><br \/>\nProfesi\u00f3n:<strong>\u00a0Arabista<\/strong><br \/>\nVive en: <strong>Sevilla (Espa\u00f1a)<\/strong><\/p>\n<p>Emilio Gonz\u00e1lez Ferr\u00edn es un arabista de ideario propio quien duda de gran parte de la historia del Islam. Especializado en Al-Andalus, la Espa\u00f1a medieval, mantiene que esta cultura no naci\u00f3 por una supuesta conquista \u00e1rabe.<br \/>\nFerr\u00edn, profesor de \u00c0rabe y Historia del Islam en la Universidad de Sevilla, public\u00f3 entre otros libros una\u00a0<em>Historia general de al-Andalus<\/em>\u00a0y un ensayo\u00a0<em>La palabra descendida: un acercamiento al Cor\u00e1n,\u00a0<\/em>este \u00faltimo galardonado por el premio Jovellanos en 2002.Una traduci\u00f3n alemana apareci\u00f3 en Berlin 2005. Fue profesor en El Cairo, Amm\u00e1n y Damasco.<\/p>\n<p>Continua las ideas de Ignacio Olag\u00fce y Am\u00e9rico Castro demostrando que la historia de Espa\u00f1a no consiste en un episodio colonial sino que fue m\u00e1s bien una evoluci\u00f3n propia de Europa occidental que mas tarde fue negada por los demas europeos a causa de la utilizaci\u00f3n del Arabe como lengua vern\u00e1cula en todo el mediterr\u00e1neo. Con esto se acerca a las teorias del arabista aleman\u00a0<a href=\"https:\/\/chronologiekritik.de\/es\/2005\/03\/05\/lulingarabista\/\">G\u00fcnter L\u00fcling<\/a>, cuyas ideas propaga en Espa\u00f1a. Igual que L\u00fcling, Ferr\u00edn tampoco pone en juicio la cronologia tradicional sino los eventos de la historia convencional: mantiene que no habia ni conquista de al-Andalus en el a\u00f1o 711 ni imposici\u00f3n religiosa ni de lengua, sino que tanto el Cor\u00e1n como la primera gram\u00e1tica \u00e1rabe fueron escritos m\u00e1s tarde y estandarizados. Considera el Cor\u00e1n &#8221; el m\u00e1s importante evangelio ap\u00f3crifo de Oriente&#8221;.<\/p>\n<p>Contribuciones en esta p\u00e1gina:<\/p>\n<p><strong><a href=\"https:\/\/chronologiekritik.de\/es\/2008\/03\/05\/al-andalus\/\">Al-Andalus: Del mito asumido al Renacimiento<\/a><br \/>\n<\/strong><strong><a href=\"https:\/\/chronologiekritik.de\/es\/2008\/03\/01\/alma-morisca\/\">La tercera Espa\u00f1a: el alma morisca<\/a><\/strong><\/p>\n<p>Otras publicaciones de Emilio Gonz\u00e1lez Ferr\u00edn:<\/p>\n<ul>\n<li>2009:<em><strong>\u00a0Historia General de al-Andalus<\/strong><\/em>. Almuzara. 2009.<\/li>\n<li>2004:\u00a0<em><strong>Las Rutas del Islam en Andaluc\u00eda<\/strong><\/em>. Sevilla. Fundaci\u00f3n Jos\u00e9 Manuel Lara.<\/li>\n<li>2002:\u00a0<em><strong>La Palabra Descendida: un Acercamiento al Cor\u00e1n<\/strong><\/em>. Oviedo. Nobel.<\/li>\n<li>1998:\u00a0<em><strong>El ajedrez en la C\u00f3rdoba omeya<\/strong><\/em>. Grupo Joly.<\/li>\n<\/ul>\n<p>V\u00e9ase tambi\u00e9n la <a href=\"https:\/\/msur.es\/actualidad\/emilio-gonzalez-ferrin\/\" target=\"_blank\" rel=\"nofollow noopener\">entrevista con Ferr\u00edn en la Revista Mediterr\u00e1neo Sur<\/a> (Septiembre 2009)<\/p>\n<\/div>\n<\/div>\n","protected":false},"excerpt":{"rendered":"<p>Nacido en:\u00a01965 en Ciudad Real (Espa\u00f1a) Profesi\u00f3n:\u00a0Arabista Vive en: Sevilla (Espa\u00f1a) Emilio Gonz\u00e1lez Ferr\u00edn es un arabista de ideario propio quien duda de gran parte de la historia del Islam. Especializado en Al-Andalus, la Espa\u00f1a medieval, mantiene que esta cultura no naci\u00f3 por una supuesta conquista \u00e1rabe. Ferr\u00edn, profesor de \u00c0rabe y Historia del Islam en la Universidad de Sevilla, public\u00f3 entre otros libros una\u00a0Historia general de al-Andalus\u00a0y un ensayo\u00a0La palabra descendida: un acercamiento al Cor\u00e1n,\u00a0este \u00faltimo galardonado por el premio Jovellanos en 2002.Una traduci\u00f3n alemana apareci\u00f3 en Berlin 2005. Fue profesor en El Cairo, Amm\u00e1n y Damasco. Continua las ideas de Ignacio Olag\u00fce y Am\u00e9rico Castro demostrando que la historia de Espa\u00f1a no consiste en un episodio colonial sino que fue m\u00e1s bien una evoluci\u00f3n propia de Europa occidental que mas tarde fue negada por los demas europeos a causa de la utilizaci\u00f3n del Arabe como lengua vern\u00e1cula en todo el mediterr\u00e1neo. Con esto se acerca a las teorias del arabista aleman\u00a0G\u00fcnter L\u00fcling, cuyas ideas propaga en Espa\u00f1a. Igual que L\u00fcling, Ferr\u00edn tampoco pone en juicio la cronologia tradicional sino los eventos de la historia convencional: mantiene que no habia ni conquista de al-Andalus en el a\u00f1o 711 ni imposici\u00f3n religiosa ni de lengua, sino que tanto el Cor\u00e1n como la primera gram\u00e1tica \u00e1rabe fueron escritos m\u00e1s tarde y estandarizados. Considera el Cor\u00e1n &#8221; el m\u00e1s importante evangelio ap\u00f3crifo de Oriente&#8221;. Contribuciones en esta p\u00e1gina: Al-Andalus: Del mito asumido al Renacimiento La tercera Espa\u00f1a: el alma morisca Otras publicaciones de Emilio Gonz\u00e1lez Ferr\u00edn: 2009:\u00a0Historia General de al-Andalus. Almuzara. 2009. 2004:\u00a0Las Rutas del Islam en Andaluc\u00eda. Sevilla. Fundaci\u00f3n Jos\u00e9 Manuel Lara. 2002:\u00a0La Palabra Descendida: un Acercamiento al Cor\u00e1n. Oviedo. Nobel. 1998:\u00a0El ajedrez en la C\u00f3rdoba omeya. Grupo Joly. V\u00e9ase tambi\u00e9n la entrevista con Ferr\u00edn en la Revista Mediterr\u00e1neo Sur (Septiembre 2009)<\/p>\n","protected":false},"author":4,"featured_media":0,"parent":3168,"menu_order":0,"comment_status":"closed","ping_status":"closed","template":"","meta":{"footnotes":""},"class_list":["post-3321","page","type-page","status-publish","hentry"],"jetpack_sharing_enabled":true,"_links":{"self":[{"href":"https:\/\/chronologiekritik.de\/es\/wp-json\/wp\/v2\/pages\/3321","targetHints":{"allow":["GET"]}}],"collection":[{"href":"https:\/\/chronologiekritik.de\/es\/wp-json\/wp\/v2\/pages"}],"about":[{"href":"https:\/\/chronologiekritik.de\/es\/wp-json\/wp\/v2\/types\/page"}],"author":[{"embeddable":true,"href":"https:\/\/chronologiekritik.de\/es\/wp-json\/wp\/v2\/users\/4"}],"replies":[{"embeddable":true,"href":"https:\/\/chronologiekritik.de\/es\/wp-json\/wp\/v2\/comments?post=3321"}],"version-history":[{"count":4,"href":"https:\/\/chronologiekritik.de\/es\/wp-json\/wp\/v2\/pages\/3321\/revisions"}],"predecessor-version":[{"id":3351,"href":"https:\/\/chronologiekritik.de\/es\/wp-json\/wp\/v2\/pages\/3321\/revisions\/3351"}],"up":[{"embeddable":true,"href":"https:\/\/chronologiekritik.de\/es\/wp-json\/wp\/v2\/pages\/3168"}],"wp:attachment":[{"href":"https:\/\/chronologiekritik.de\/es\/wp-json\/wp\/v2\/media?parent=3321"}],"curies":[{"name":"wp","href":"https:\/\/api.w.org\/{rel}","templated":true}]}}