{"id":3280,"date":"2023-07-26T20:57:02","date_gmt":"2023-07-26T18:57:02","guid":{"rendered":"https:\/\/chronologiekritik.de\/fr\/?page_id=3280"},"modified":"2024-03-26T19:05:30","modified_gmt":"2024-03-26T18:05:30","slug":"gros-titres","status":"publish","type":"page","link":"https:\/\/chronologiekritik.de\/fr\/gros-titres\/","title":{"rendered":"Des gros titres"},"content":{"rendered":"<div class=\"wp-block-image\">\r\n<figure class=\"alignleft size-large is-resized\"><img loading=\"lazy\" decoding=\"async\" class=\"wp-image-27\" src=\"https:\/\/chronologiekritik.files.wordpress.com\/2022\/06\/pisa-moench.jpg?w=1024\" alt=\"\" width=\"326\" height=\"271\" \/><\/figure>\r\n<\/div>\r\n\r\n\r\n<p style=\"text-align: left;\">Si l&#8217;histoire conventionnelle n&#8217;est plus valable, qu&#8217;est-ce qui l&#8217;est alors ? Il est tr\u00e8s difficile de r\u00e9pondre \u00e0 cette question. La critique de la chronologie n&#8217;en est encore qu&#8217;\u00e0 ses d\u00e9buts et les diff\u00e9rents participants au d\u00e9bat sont loin d&#8217;\u00eatre d&#8217;accord sur ce qui doit \u00eatre consid\u00e9r\u00e9 comme certain et ce qui doit \u00eatre remis en question. Les derniers si\u00e8cles de notre histoire ont bien entendu \u00e9t\u00e9 transmis ou \u00e9crits de mani\u00e8re cr\u00e9dible. Mais il est difficile de savoir o\u00f9 s&#8217;arr\u00eate l&#8217;histoire invent\u00e9e ou falsifi\u00e9e et o\u00f9 commence l&#8217;histoire cr\u00e9dible.<\/p>\r\n\r\n\r\n\r\n<p style=\"text-align: left;\">Certaines th\u00e9ories pr\u00e9sent\u00e9es et discut\u00e9es sur ce site renversent compl\u00e8tement notre vision de l&#8217;histoire. Les gros titres ci-dessous ne visent qu&#8217;\u00e0 donner une id\u00e9e approximative de la port\u00e9e de notre d\u00e9bat. Ils sont bien s\u00fbr choquants ; cependant, derri\u00e8re chaque affirmation, il y a une analyse m\u00e9ticuleuse et des ann\u00e9es de recherche.<\/p>\r\n\r\n\r\n\r\n<p style=\"text-align: left;\">Aucun des titres cit\u00e9s ne repr\u00e9sente une vision s\u00fbre et immuable, tous ne font qu&#8217;esquisser les d\u00e9bats qui ont lieu et mettent en \u00e9vidence les points sur lesquels les nouvelles connaissances \u00e9ventuelles &#8211; toujours provisoires &#8211; s&#8217;\u00e9cartent le plus de la doctrine dominante.<\/p>\r\n\r\n\r\n\r\n<ul class=\"wp-block-list\" style=\"text-align: left;\">\r\n<li>Avant le 13e si\u00e8cle, aucune date historique ne peut \u00eatre accept\u00e9e comme certaine &#8211; toutes doivent \u00eatre r\u00e9examin\u00e9es.<\/li>\r\n<li>Depuis l&#8217;\u00e9poque romaine, il s&#8217;est \u00e9coul\u00e9 bien moins de 2000 ans.<\/li>\r\n<li>L&#8217;\u00c9glise chr\u00e9tienne en tant qu&#8217;institution propre n&#8217;existe que depuis le Moyen \u00c2ge.<\/li>\r\n<li>La version actuelle de la Bible a \u00e9t\u00e9 \u00e9crite au 15e si\u00e8cle.<\/li>\r\n<li>Le christianisme, le juda\u00efsme et l&#8217;islam sont apparus sous leur forme actuelle en grande partie en m\u00eame temps.<\/li>\r\n<li>Les auteurs classiques grecs et romains sont en grande partie des cr\u00e9ations de la Renaissance.<\/li>\r\n<li>Les dynasties \u00e9gyptiennes et les empires bifides n&#8217;ont dur\u00e9 que quelques si\u00e8cles.<\/li>\r\n<li>Plusieurs catastrophes cosmiques -probablement au moins une au cours du dernier mill\u00e9naire- ont influenc\u00e9 notre calendrier.<\/li>\r\n<li>La chronologie d&#8217;autres cultures (comme l&#8217;indienne ou la chinoise) a \u00e9t\u00e9 adapt\u00e9e \u00e0 celle de l&#8217;Europe au 17e\/18e si\u00e8cle.<\/li>\r\n<li>Une grande partie des pi\u00e8ces de nos mus\u00e9es historiques sont des faux.<\/li>\r\n<\/ul>\r\n\r\n\r\n\r\n<p style=\"text-align: left;\">Les collaborateurs qui publient sur notre page Critique de la chronologie partagent g\u00e9n\u00e9ralement les points de vue suivants:<\/p>\r\n\r\n\r\n\r\n<p style=\"text-align: left;\"><strong>Ligne du temps<\/strong><\/p>\r\n\r\n\r\n\r\n<ul class=\"wp-block-list\" style=\"text-align: left;\">\r\n<li>Depuis environ 1500 de l&#8217;\u00e8re chr\u00e9tienne -en gros, depuis Charles Quint et Albrecht D\u00fcrer- notre histoire nous est parvenue de mani\u00e8re assez cr\u00e9dible ; certaines dates peuvent et doivent \u00eatre remises en question, mais le d\u00e9roulement g\u00e9n\u00e9ral des \u00e9v\u00e9nements devrait \u00eatre correct.<\/li>\r\n<li>Le XVe si\u00e8cle -la science naissante de l&#8217;astronomie en Europe, l&#8217;imprimerie, les voyages de d\u00e9couverte des Portugais, etc.- est plus ou moins correctement transmis, mais les dates ont \u00e9t\u00e9 r\u00e9trograd\u00e9es plus tard, de sorte qu&#8217;une grande prudence s&#8217;impose ici.<\/li>\r\n<li>Tous les \u00e9v\u00e9nements ant\u00e9rieurs au XVe si\u00e8cle ont \u00e9t\u00e9 fix\u00e9s et dat\u00e9s tardivement, et peuvent avoir eu lieu de cette mani\u00e8re ou d&#8217;une autre, voire pas du tout. Un grand nombre de personnages -rois, chefs d&#8217;\u00e9glise, savants- ont \u00e9t\u00e9 librement invent\u00e9s plus tard.<\/li>\r\n<li>L&#8217;\u00e9volution des cultures avant le 15e si\u00e8cle a \u00e9t\u00e9 beaucoup plus rapide qu&#8217;on ne le pense g\u00e9n\u00e9ralement.<\/li>\r\n<\/ul>\r\n\r\n\r\n\r\n<p style=\"text-align: left;\"><strong>Catastrophes<\/strong><\/p>\r\n\r\n\r\n\r\n<ul class=\"wp-block-list\" style=\"text-align: left;\">\r\n<li>Des catastrophes cosmiques fr\u00e9quentes ont eu une influence d\u00e9cisive sur l&#8217;\u00e9volution de la Terre et doivent \u00eatre int\u00e9gr\u00e9es dans nos mod\u00e8les g\u00e9ologiques.<\/li>\r\n<li>Plusieurs catastrophes ont eu lieu dans l&#8217;histoire r\u00e9cente de l&#8217;humanit\u00e9, grosso modo au cours des deux mille derni\u00e8res ann\u00e9es, et expliquent des \u00e9volutions culturelles, m\u00eame si la connaissance de ces coupures a \u00e9t\u00e9 sciemment occult\u00e9e par la suite.<\/li>\r\n<\/ul>\r\n\r\n\r\n\r\n<p style=\"text-align: left;\">Le centre de notre d\u00e9bat est le Moyen \u00c2ge et la Renaissance dans un espace g\u00e9ographique qui comprend l&#8217;Europe, la M\u00e9diterran\u00e9e et les pays arabes. Bien entendu, tous les domaines seront abord\u00e9s : Arch\u00e9ologie, histoire litt\u00e9raire, architecture, numismatique, histoire religieuse, philologie, astronomie&#8230; Les recherches sur les cultures d&#8217;autres continents sont \u00e9galement incluses, ainsi que des r\u00e9flexions sur la protohistoire, l&#8217;\u00e9volution de l&#8217;humanit\u00e9 ou la naissance du cosmos.<\/p>\r\n\r\n\r\n\r\n<p style=\"text-align: left;\">Un d\u00e9bat aussi vaste peut-il encore \u00eatre appel\u00e9 scientifique ? Oui : toutes les recherches doivent \u00eatre men\u00e9es sur une base strictement <a href=\"https:\/\/chronologiekritik.de\/fr\/scientifique\/\">scientifique <\/a> et le r\u00e9sultat sera toujours v\u00e9rifi\u00e9 et souvent r\u00e9vis\u00e9.<\/p>\r\n\r\n\r\n\r\n<p style=\"text-align: left;\">\u00a0<\/p>","protected":false},"excerpt":{"rendered":"<p>Si l&#8217;histoire conventionnelle n&#8217;est plus valable, qu&#8217;est-ce qui l&#8217;est alors ? Il est tr\u00e8s difficile de r\u00e9pondre \u00e0 cette question. La critique de la chronologie n&#8217;en est encore qu&#8217;\u00e0 ses d\u00e9buts et les diff\u00e9rents participants au d\u00e9bat sont loin d&#8217;\u00eatre d&#8217;accord sur ce qui doit \u00eatre consid\u00e9r\u00e9 comme certain et ce qui doit \u00eatre remis en question. Les derniers si\u00e8cles de notre histoire ont bien entendu \u00e9t\u00e9 transmis ou \u00e9crits de mani\u00e8re cr\u00e9dible. Mais il est difficile de savoir o\u00f9 s&#8217;arr\u00eate l&#8217;histoire invent\u00e9e ou falsifi\u00e9e et o\u00f9 commence l&#8217;histoire cr\u00e9dible. Certaines th\u00e9ories pr\u00e9sent\u00e9es et discut\u00e9es sur ce site renversent compl\u00e8tement notre vision de l&#8217;histoire. Les gros titres ci-dessous ne visent qu&#8217;\u00e0 donner une id\u00e9e approximative de la port\u00e9e de notre d\u00e9bat. Ils sont bien s\u00fbr choquants ; cependant, derri\u00e8re chaque affirmation, il y a une analyse m\u00e9ticuleuse et des ann\u00e9es de recherche. Aucun des titres cit\u00e9s ne repr\u00e9sente une vision s\u00fbre et immuable, tous ne font qu&#8217;esquisser les d\u00e9bats qui ont lieu et mettent en \u00e9vidence les points sur lesquels les nouvelles connaissances \u00e9ventuelles &#8211; toujours provisoires &#8211; s&#8217;\u00e9cartent le plus de la doctrine dominante. Avant le 13e si\u00e8cle, aucune date historique ne peut \u00eatre accept\u00e9e comme certaine &#8211; toutes doivent \u00eatre r\u00e9examin\u00e9es. Depuis l&#8217;\u00e9poque romaine, il s&#8217;est \u00e9coul\u00e9 bien moins de 2000 ans. L&#8217;\u00c9glise chr\u00e9tienne en tant qu&#8217;institution propre n&#8217;existe que depuis le Moyen \u00c2ge. La version actuelle de la Bible a \u00e9t\u00e9 \u00e9crite au 15e si\u00e8cle. Le christianisme, le juda\u00efsme et l&#8217;islam sont apparus sous leur forme actuelle en grande partie en m\u00eame temps. Les auteurs classiques grecs et romains sont en grande partie des cr\u00e9ations de la Renaissance. Les dynasties \u00e9gyptiennes et les empires bifides n&#8217;ont dur\u00e9 que quelques si\u00e8cles. Plusieurs catastrophes cosmiques -probablement au moins une au cours du dernier mill\u00e9naire- ont influenc\u00e9 notre calendrier. La chronologie d&#8217;autres cultures (comme l&#8217;indienne ou la chinoise) a \u00e9t\u00e9 adapt\u00e9e \u00e0 celle de l&#8217;Europe au 17e\/18e si\u00e8cle. Une grande partie des pi\u00e8ces de nos mus\u00e9es historiques sont des faux. Les collaborateurs qui publient sur notre page Critique de la chronologie partagent g\u00e9n\u00e9ralement les points de vue suivants: Ligne du temps Depuis environ 1500 de l&#8217;\u00e8re chr\u00e9tienne -en gros, depuis Charles Quint et Albrecht D\u00fcrer- notre histoire nous est parvenue de mani\u00e8re assez cr\u00e9dible ; certaines dates peuvent et doivent \u00eatre remises en question, mais le d\u00e9roulement g\u00e9n\u00e9ral des \u00e9v\u00e9nements devrait \u00eatre correct. Le XVe si\u00e8cle -la science naissante de l&#8217;astronomie en Europe, l&#8217;imprimerie, les voyages de d\u00e9couverte des Portugais, etc.- est plus ou moins correctement transmis, mais les dates ont \u00e9t\u00e9 r\u00e9trograd\u00e9es plus tard, de sorte qu&#8217;une grande prudence s&#8217;impose ici. Tous les \u00e9v\u00e9nements ant\u00e9rieurs au XVe si\u00e8cle ont \u00e9t\u00e9 fix\u00e9s et dat\u00e9s tardivement, et peuvent avoir eu lieu de cette mani\u00e8re ou d&#8217;une autre, voire pas du tout. Un grand nombre de personnages -rois, chefs d&#8217;\u00e9glise, savants- ont \u00e9t\u00e9 librement invent\u00e9s plus tard. L&#8217;\u00e9volution des cultures avant le 15e si\u00e8cle a \u00e9t\u00e9 beaucoup plus rapide qu&#8217;on ne le pense g\u00e9n\u00e9ralement. Catastrophes Des catastrophes cosmiques fr\u00e9quentes ont eu une influence d\u00e9cisive sur l&#8217;\u00e9volution de la Terre et doivent \u00eatre int\u00e9gr\u00e9es dans nos mod\u00e8les g\u00e9ologiques. Plusieurs catastrophes ont eu lieu dans l&#8217;histoire r\u00e9cente de l&#8217;humanit\u00e9, grosso modo au cours des deux mille derni\u00e8res ann\u00e9es, et expliquent des \u00e9volutions culturelles, m\u00eame si la connaissance de ces coupures a \u00e9t\u00e9 sciemment occult\u00e9e par la suite. Le centre de notre d\u00e9bat est le Moyen \u00c2ge et la Renaissance dans un espace g\u00e9ographique qui comprend l&#8217;Europe, la M\u00e9diterran\u00e9e et les pays arabes. Bien entendu, tous les domaines seront abord\u00e9s : Arch\u00e9ologie, histoire litt\u00e9raire, architecture, numismatique, histoire religieuse, philologie, astronomie&#8230; Les recherches sur les cultures d&#8217;autres continents sont \u00e9galement incluses, ainsi que des r\u00e9flexions sur la protohistoire, l&#8217;\u00e9volution de l&#8217;humanit\u00e9 ou la naissance du cosmos. Un d\u00e9bat aussi vaste peut-il encore \u00eatre appel\u00e9 scientifique ? Oui : toutes les recherches doivent \u00eatre men\u00e9es sur une base strictement scientifique et le r\u00e9sultat sera toujours v\u00e9rifi\u00e9 et souvent r\u00e9vis\u00e9. \u00a0<\/p>\n","protected":false},"author":1,"featured_media":0,"parent":0,"menu_order":0,"comment_status":"closed","ping_status":"closed","template":"","meta":{"footnotes":""},"class_list":["post-3280","page","type-page","status-publish","hentry"],"jetpack_sharing_enabled":true,"_links":{"self":[{"href":"https:\/\/chronologiekritik.de\/fr\/wp-json\/wp\/v2\/pages\/3280","targetHints":{"allow":["GET"]}}],"collection":[{"href":"https:\/\/chronologiekritik.de\/fr\/wp-json\/wp\/v2\/pages"}],"about":[{"href":"https:\/\/chronologiekritik.de\/fr\/wp-json\/wp\/v2\/types\/page"}],"author":[{"embeddable":true,"href":"https:\/\/chronologiekritik.de\/fr\/wp-json\/wp\/v2\/users\/1"}],"replies":[{"embeddable":true,"href":"https:\/\/chronologiekritik.de\/fr\/wp-json\/wp\/v2\/comments?post=3280"}],"version-history":[{"count":10,"href":"https:\/\/chronologiekritik.de\/fr\/wp-json\/wp\/v2\/pages\/3280\/revisions"}],"predecessor-version":[{"id":3544,"href":"https:\/\/chronologiekritik.de\/fr\/wp-json\/wp\/v2\/pages\/3280\/revisions\/3544"}],"wp:attachment":[{"href":"https:\/\/chronologiekritik.de\/fr\/wp-json\/wp\/v2\/media?parent=3280"}],"curies":[{"name":"wp","href":"https:\/\/api.w.org\/{rel}","templated":true}]}}