{"id":3351,"date":"2023-12-03T14:42:41","date_gmt":"2023-12-03T13:42:41","guid":{"rendered":"https:\/\/chronologiekritik.de\/fr\/?page_id=3351"},"modified":"2024-03-27T16:37:03","modified_gmt":"2024-03-27T15:37:03","slug":"cest-quoi-la-critique-de-la-chronologie","status":"publish","type":"page","link":"https:\/\/chronologiekritik.de\/fr\/","title":{"rendered":"Critique de la chronologie"},"content":{"rendered":"<p style=\"text-align: left;\"><span style=\"color: #464646;\"><span style=\"font-family: Open Sans, Segoe UI;\"><span style=\"font-size: medium;\"><strong><img loading=\"lazy\" decoding=\"async\" class=\" wp-image-95 alignright\" src=\"https:\/\/chronologiekritik.de\/fr\/wp-content\/uploads\/sites\/3\/2022\/09\/astrolab-2.jpg\" alt=\"\" width=\"276\" height=\"276\" srcset=\"https:\/\/chronologiekritik.de\/fr\/wp-content\/uploads\/sites\/3\/2022\/09\/astrolab-2.jpg 700w, https:\/\/chronologiekritik.de\/fr\/wp-content\/uploads\/sites\/3\/2022\/09\/astrolab-2-300x300.jpg 300w, https:\/\/chronologiekritik.de\/fr\/wp-content\/uploads\/sites\/3\/2022\/09\/astrolab-2-150x150.jpg 150w\" sizes=\"auto, (max-width: 276px) 100vw, 276px\" \/><\/strong><\/span><\/span><\/span><\/p>\r\n<p style=\"text-align: left;\"><strong>La critique chronologique<\/strong> est une recherche scientifique qui remet en question notre cadre chronologique de l&#8217;histoire, commun\u00e9ment admis aujourd&#8217;hui. Cette critique tente de d\u00e9montrer quand cette structure a \u00e9t\u00e9 cr\u00e9\u00e9e, quelles erreurs ont \u00e9t\u00e9 commises et o\u00f9 des manipulations ont eu lieu. <a href=\"https:\/\/chronologiekritik.de\/fr\/qui-est-chronologique-critique\/\">En savoir plus<\/a>.<\/p>\r\n<p style=\"text-align: left;\"><span style=\"color: #464646;\"><span style=\"font-family: Open Sans, Segoe UI;\"><span style=\"font-size: medium;\"><strong><!-- \/wp:post-content -->\r\n\r\n<!-- wp:paragraph --><\/strong><\/span><\/span><\/span><\/p>\r\n<p style=\"text-align: left;\"><strong>Chronologie-Critique<\/strong> publie r\u00e9guli\u00e8rement des essais sur ces sujets dans <a href=\"https:\/\/chronologiekritik.de\/fr\/category\/articles\/\">Salle de lecture<\/a>. Il ne s&#8217;agit pas seulement de datation ; des images historiques traditionnelles, qui reposent peut-\u00eatre sur des bases erron\u00e9es, sont \u00e9galement remises en question et examin\u00e9es de mani\u00e8re critique. Des articles plus anciens, parus ailleurs, sont disponibles dans notre <a href=\"https:\/\/chronologiekritik.de\/archiv\/\">Archives des anciens \u00e9crits<\/a>\u00a0(seullement en allemand). <a href=\"https:\/\/chronologiekritik.de\/fr\/qui-est-ce-qui\/\" target=\"_blank\" rel=\"noopener\"><strong>Qui est-ce qui<\/strong><\/a> est une liste qui \u00e9num\u00e8re de nombreux auteurs qui sont soit actifs aujourd&#8217;hui dans la critique de la chronologie, soit qui ont fait un travail pr\u00e9paratoire dans le pass\u00e9. Certains sont des critiques historiques importants de leur propre \u00e9poque, d&#8217;autres ont simplement donn\u00e9 des pistes de r\u00e9flexion qui allaient dans le m\u00eame sens. <a href=\"https:\/\/chronologiekritik.de\/fr\/collaborateurs\/\"><strong>Nos collaborateurs<\/strong><\/a> vous trouverez <a href=\"https:\/\/chronologiekritik.de\/fr\/collaborateurs\/\">ici<\/a> et <a href=\"https:\/\/chronologiekritik.de\/fr\/dautres-auteurs\/\">autres auteures<\/a> actuelles <a href=\"https:\/\/chronologiekritik.de\/fr\/dautres-auteurs\/\">voila<\/a>.\u00a0<\/p>\r\n<p style=\"text-align: left;\"><span style=\"color: #464646;\"><span style=\"font-family: Open Sans, Segoe UI;\"><span style=\"font-size: medium;\"><strong><!-- \/wp:paragraph -->\r\n\r\n<!-- wp:paragraph --><\/strong><\/span><\/span><\/span><\/p>\r\n<p style=\"text-align: left;\"><strong>Chronologiecritique<\/strong> n&#8217;est pas le seul site sur la critique de l&#8217;histoire et la chronologie. Il existe plusieurs sites allemands qui traitent de sujets similaires, de tr\u00e8s nombreux sites russes, quelques sites fran\u00e7ais et anglais. <a href=\"https:\/\/chronologiekritik.de\/andere-seiten\/\">Ici, nous proposons des liens vers les principaux sites allemands , ou ceux qui contiennent des textes allemands.<\/a> En ce qui concerne le <strong>copyright<\/strong> des articles cr\u00e9\u00e9s par nos collaborateurs, ou si vous avez d&#8217;autres questions, veuillez nous en faire la demande par <a href=\"https:\/\/chronologiekritik.de\/fr\/contact\/\">page de contact<\/a> et nous en informerons les auteurs, car ils poss\u00e8dent eux-m\u00eames le copyright. <strong><a href=\"https:\/\/chronologiekritik.de\/fr\/normes\/\">Directives<\/a><\/strong> pour les publications chez nous, vous trouverez <a href=\"https:\/\/chronologiekritik.de\/fr\/normes\/\">ici<\/a>. Pour acc\u00e9der aux <a href=\"https:\/\/chronologiekritik.de\/impressum\/\"><strong>mentions l\u00e9gales<\/strong><\/a>, cliquez sur <a href=\"https:\/\/chronologiekritik.de\/impressum\/\">ici<\/a>.<\/p>\r\n<p style=\"text-align: left;\"><span style=\"color: #464646;\"><span style=\"font-family: Open Sans, Segoe UI;\"><span style=\"font-size: medium;\"><strong>\u00a0<\/strong><\/span><\/span><\/span><\/p>","protected":false},"excerpt":{"rendered":"<p>La critique chronologique est une recherche scientifique qui remet en question notre cadre chronologique de l&#8217;histoire, commun\u00e9ment admis aujourd&#8217;hui. Cette critique tente de d\u00e9montrer quand cette structure a \u00e9t\u00e9 cr\u00e9\u00e9e, quelles erreurs ont \u00e9t\u00e9 commises et o\u00f9 des manipulations ont eu lieu. En savoir plus. Chronologie-Critique publie r\u00e9guli\u00e8rement des essais sur ces sujets dans Salle de lecture. Il ne s&#8217;agit pas seulement de datation ; des images historiques traditionnelles, qui reposent peut-\u00eatre sur des bases erron\u00e9es, sont \u00e9galement remises en question et examin\u00e9es de mani\u00e8re critique. Des articles plus anciens, parus ailleurs, sont disponibles dans notre Archives des anciens \u00e9crits\u00a0(seullement en allemand). Qui est-ce qui est une liste qui \u00e9num\u00e8re de nombreux auteurs qui sont soit actifs aujourd&#8217;hui dans la critique de la chronologie, soit qui ont fait un travail pr\u00e9paratoire dans le pass\u00e9. Certains sont des critiques historiques importants de leur propre \u00e9poque, d&#8217;autres ont simplement donn\u00e9 des pistes de r\u00e9flexion qui allaient dans le m\u00eame sens. Nos collaborateurs vous trouverez ici et autres auteures actuelles voila.\u00a0 Chronologiecritique n&#8217;est pas le seul site sur la critique de l&#8217;histoire et la chronologie. Il existe plusieurs sites allemands qui traitent de sujets similaires, de tr\u00e8s nombreux sites russes, quelques sites fran\u00e7ais et anglais. Ici, nous proposons des liens vers les principaux sites allemands , ou ceux qui contiennent des textes allemands. En ce qui concerne le copyright des articles cr\u00e9\u00e9s par nos collaborateurs, ou si vous avez d&#8217;autres questions, veuillez nous en faire la demande par page de contact et nous en informerons les auteurs, car ils poss\u00e8dent eux-m\u00eames le copyright. Directives pour les publications chez nous, vous trouverez ici. Pour acc\u00e9der aux mentions l\u00e9gales, cliquez sur ici. \u00a0<\/p>\n","protected":false},"author":2,"featured_media":0,"parent":0,"menu_order":0,"comment_status":"closed","ping_status":"closed","template":"","meta":{"footnotes":""},"class_list":["post-3351","page","type-page","status-publish","hentry"],"jetpack_sharing_enabled":true,"_links":{"self":[{"href":"https:\/\/chronologiekritik.de\/fr\/wp-json\/wp\/v2\/pages\/3351","targetHints":{"allow":["GET"]}}],"collection":[{"href":"https:\/\/chronologiekritik.de\/fr\/wp-json\/wp\/v2\/pages"}],"about":[{"href":"https:\/\/chronologiekritik.de\/fr\/wp-json\/wp\/v2\/types\/page"}],"author":[{"embeddable":true,"href":"https:\/\/chronologiekritik.de\/fr\/wp-json\/wp\/v2\/users\/2"}],"replies":[{"embeddable":true,"href":"https:\/\/chronologiekritik.de\/fr\/wp-json\/wp\/v2\/comments?post=3351"}],"version-history":[{"count":13,"href":"https:\/\/chronologiekritik.de\/fr\/wp-json\/wp\/v2\/pages\/3351\/revisions"}],"predecessor-version":[{"id":3549,"href":"https:\/\/chronologiekritik.de\/fr\/wp-json\/wp\/v2\/pages\/3351\/revisions\/3549"}],"wp:attachment":[{"href":"https:\/\/chronologiekritik.de\/fr\/wp-json\/wp\/v2\/media?parent=3351"}],"curies":[{"name":"wp","href":"https:\/\/api.w.org\/{rel}","templated":true}]}}