{"id":3367,"date":"2024-01-05T10:50:20","date_gmt":"2024-01-05T09:50:20","guid":{"rendered":"https:\/\/chronologiekritik.de\/fr\/?page_id=3367"},"modified":"2024-03-26T19:16:03","modified_gmt":"2024-03-26T18:16:03","slug":"collaborateurs","status":"publish","type":"page","link":"https:\/\/chronologiekritik.de\/fr\/collaborateurs\/","title":{"rendered":"Collaborateurs"},"content":{"rendered":"\r\n<div class=\"wp-block-columns alignwide is-layout-flex wp-container-core-columns-is-layout-9d6595d7 wp-block-columns-is-layout-flex\">\r\n<div class=\"wp-block-column\">Le site <strong>Critique de la Chronologie<\/strong> est un projet commun de plusieurs chercheurs et\u00a0 academiciens qui offrent ici leur contributions et essays. Naturellement ils ne sont pas tout le temps d&#8217;accords sur les th\u00e9ories pr\u00e9sent\u00e9es, et il ne manque pas de pol\u00e9miques entre eux, mais la plupart partage quelques id\u00e9es et concepts basiques, et tous suivent les r\u00e8gles essentielles de la recherche scientifique.\u00a0<\/div>\r\n<\/div>\r\n<div>Bien sur il y en a davantage d&#8217;auteur et chercheur dans le d\u00e9bat sur la chronologie, et aucuns d&#8217;entre eux ont leurs site web \u00e0 eux. Sur la page Qui est-ce qui vous trouverez de bref biographies des chercheurs les plus importants, y compris ceux de si\u00e8cles pass\u00e9s qui ont propos\u00e9 une vision alternative de l&#8217;histoire, m\u00eame sans toucher la chronologie elle-m\u00eame.\u00a0<\/div>\r\n<div>\u00a0<\/div>\r\n<div>Depuis la cr\u00e9ation de notre site web <strong>Critique de la Chronologie<\/strong> en 2005, une dizaine de auteurs ont publi\u00e9 un ou plusieurs essays sur notre web.\u00a0<\/div>\r\n<div class=\"wp-block-columns alignwide\">\r\n<div class=\"wp-block-column\">\u00a0<\/div>\r\n<\/div>\r\n\r\n\r\n\r\n<figure class=\"wp-block-gallery alignwide has-nested-images columns-4 is-cropped wp-block-gallery-1 is-layout-flex wp-block-gallery-is-layout-flex\">\r\n<figure class=\"wp-block-image size-large\"><a href=\"https:\/\/chronologiekritik.de\/fr\/auteurs\/uwe-topper\/\" target=\"_blank\" rel=\"noopener\"><img decoding=\"async\" data-id=\"598\" class=\"wp-image-598\" src=\"https:\/\/chronologiekritik.de\/wp-content\/uploads\/2022\/09\/topper-uwe-1.png?w=150\" alt=\"\" \/><\/a>\r\n<figcaption class=\"wp-element-caption\"><strong>Uwe Topper<\/strong> Chercheur | Berlin<\/figcaption>\r\n<\/figure>\r\n\r\n\r\n\r\n<figure class=\"wp-block-image size-large\"><a href=\"https:\/\/chronologiekritik.de\/fr\/auteurs\/ilya-u-topper\/\" target=\"_blank\" rel=\"noopener\"><img decoding=\"async\" data-id=\"599\" class=\"wp-image-599\" src=\"https:\/\/chronologiekritik.de\/wp-content\/uploads\/2022\/09\/topper-ilya-1.png?w=150\" alt=\"\" \/><\/a>\r\n<figcaption class=\"wp-element-caption\"><strong>Ilya U. Topper<\/strong> Journaliste | Istanbul<\/figcaption>\r\n<\/figure>\r\n\r\n\r\n\r\n<figure class=\"wp-block-image size-large\"><a href=\"https:\/\/chronologiekritik.de\/fr\/auteurs\/emilio-g-ferrin\/\" target=\"_blank\" rel=\"noopener\"><img decoding=\"async\" data-id=\"599\" class=\"wp-image-599\" src=\"https:\/\/chronologiekritik.de\/wp-content\/uploads\/2022\/09\/ferrin-emilio-1.png\" alt=\"\" \/><\/a>\r\n<figcaption class=\"wp-element-caption\"><strong>Emilio G. Ferr\u00edn<\/strong> Arabisant | Seville<\/figcaption>\r\n<\/figure>\r\n\r\n\r\n\r\n<figure class=\"wp-block-image size-large\"><a href=\"https:\/\/chronologiekritik.de\/fr\/auteurs\/karin-wagner\/\" target=\"_blank\" rel=\"noopener\"><img decoding=\"async\" data-id=\"606\" class=\"wp-image-606\" src=\"https:\/\/chronologiekritik.de\/wp-content\/uploads\/2022\/09\/wagner-karin-1.png?w=150\" alt=\"\" \/><\/a>\r\n<figcaption class=\"wp-element-caption\"><strong>Karin Wagner<\/strong> P\u00e9dagogue | Karlsruhe<\/figcaption>\r\n<\/figure>\r\n\r\n\r\n\r\n<figure class=\"wp-block-image size-large\"><a href=\"https:\/\/chronologiekritik.de\/fr\/auteurs\/gunter-luling\/\" target=\"_blank\" rel=\"noopener\"><img decoding=\"async\" data-id=\"616\" class=\"alignnone wp-image-616\" src=\"https:\/\/chronologiekritik.de\/en\/wp-content\/uploads\/sites\/2\/2022\/09\/luling-gunter-2.png?w=150\" alt=\"\" \/><\/a>\r\n<figcaption class=\"wp-element-caption\"><strong>G\u00fcnter L\u00fcling \u2020<\/strong> Arabisant | Erlangen<\/figcaption>\r\n<\/figure>\r\n\r\n\r\n\r\n<figure class=\"wp-block-image size-large\"><a href=\"https:\/\/chronologiekritik.de\/fr\/auteurs\/gunnar-heinsohn\/\" target=\"_blank\" rel=\"noopener\"><img decoding=\"async\" data-id=\"652\" class=\"wp-image-652\" src=\"https:\/\/chronologiekritik.de\/en\/wp-content\/uploads\/sites\/2\/2022\/09\/heinsohn-gunnar-1.png?w=150\" alt=\"\" \/><\/a>\r\n<figcaption class=\"wp-element-caption\"><strong>Gunnar Heinsohn \u2020<\/strong> Sociologue | Bremen<\/figcaption>\r\n<\/figure>\r\n\r\n\r\n\r\n<figure class=\"wp-block-image size-large\"><a href=\"https:\/\/chronologiekritik.de\/fr\/auteurs\/rainer-schmidt\/\" target=\"_blank\" rel=\"noopener\"><img decoding=\"async\" data-id=\"651\" class=\"wp-image-651\" src=\"https:\/\/chronologiekritik.de\/wp-content\/uploads\/2022\/09\/schmidt-rainer-1.png?w=150\" alt=\"\" \/><\/a>\r\n<figcaption class=\"wp-element-caption\"><strong>Rainer Schmidt<\/strong> P\u00e9dagogue | Marl<\/figcaption>\r\n<\/figure>\r\n\r\n\r\n\r\n<figure class=\"wp-block-image size-large\"><a href=\"https:\/\/chronologiekritik.de\/fr\/auteurs\/peter-winzeler\/\" target=\"_blank\" rel=\"noopener\"><img decoding=\"async\" data-id=\"623\" class=\"wp-image-623\" src=\"https:\/\/chronologiekritik.de\/wp-content\/uploads\/2022\/09\/winzeler-peter-1.png?w=150\" alt=\"\" \/><\/a>\r\n<figcaption class=\"wp-element-caption\"><strong>Peter Winzeler<\/strong> Th\u00e9ologien | Berne<\/figcaption>\r\n<\/figure>\r\n\r\n\r\n\r\n<figure class=\"wp-block-image size-large\"><a href=\"https:\/\/chronologiekritik.de\/fr\/auteurs\/jordan-tabov\/\" target=\"_blank\" rel=\"noopener\"><img decoding=\"async\" data-id=\"640\" class=\"wp-image-640\" src=\"https:\/\/chronologiekritik.de\/wp-content\/uploads\/2022\/09\/tabov-jordan-1.png?w=150\" alt=\"\" \/><\/a>\r\n<figcaption class=\"wp-element-caption\"><strong>Jordan Tabov<\/strong> Math\u00e9maticien | Sofia<\/figcaption>\r\n<\/figure>\r\n\r\n\r\n\r\n<figure class=\"wp-block-image size-large\"><a href=\"https:\/\/chronologiekritik.de\/fr\/auteurs\/mischa-gabowitsch\/\" target=\"_blank\" rel=\"noopener\"><img decoding=\"async\" data-id=\"675\" class=\"wp-image-675\" src=\"https:\/\/chronologiekritik.de\/wp-content\/uploads\/2022\/09\/gabowitsch-mischa-2.png?w=150\" alt=\"\" \/><\/a>\r\n<figcaption class=\"wp-element-caption\"><strong>Mischa Gabowitsch<\/strong> Sociologue | Vienne<\/figcaption>\r\n<\/figure>\r\n\r\n\r\n\r\n<figure class=\"wp-block-image size-large\"><a href=\"https:\/\/chronologiekritik.de\/fr\/auteurs\/eugen-gabowitsch\/\" target=\"_blank\" rel=\"noopener\"><img decoding=\"async\" data-id=\"648\" class=\"wp-image-648\" src=\"https:\/\/chronologiekritik.de\/wp-content\/uploads\/2022\/09\/gabowitsch-eugen-1.png?w=150\" alt=\"\" \/><\/a>\r\n<figcaption class=\"wp-element-caption\"><strong>Eugen Gabowitsch \u2020<\/strong> Math\u00e9maticien | Potsdam<\/figcaption>\r\n<\/figure>\r\n\r\n\r\n\r\n<figure class=\"wp-block-image size-large\"><a href=\"https:\/\/chronologiekritik.de\/fr\/auteurs\/alexander-topper\/\" target=\"_blank\" rel=\"noopener\"><img decoding=\"async\" data-id=\"640\" class=\"wp-image-640\" src=\"https:\/\/chronologiekritik.de\/wp-content\/uploads\/2023\/09\/topper-alexander-schw.jpg?w=150\" alt=\"\" \/><\/a>\r\n<figcaption class=\"wp-element-caption\"><strong>Alexander Topper<\/strong> Technicien | Berlin<\/figcaption>\r\n<\/figure>\r\n\r\n\r\n\r\n<figure class=\"wp-block-image size-large\"><a href=\"https:\/\/chronologiekritik.de\/fr\/auteurs\/christian-bloss\/\" target=\"_blank\" rel=\"noopener\"><img decoding=\"async\" data-id=\"649\" class=\"wp-image-649\" src=\"https:\/\/chronologiekritik.de\/wp-content\/uploads\/2022\/09\/bloess-christian-2.png?w=150\" alt=\"\" \/><\/a>\r\n<figcaption class=\"wp-element-caption\"><strong>Christian Bl\u00f6ss<\/strong> Physicien| Berlin<\/figcaption>\r\n<\/figure>\r\n\r\n\r\n\r\n<figure class=\"wp-block-image size-large\"><a href=\"https:\/\/chronologiekritik.de\/fr\/auteurs\/francois-de-sarre\/\" target=\"_blank\" rel=\"noopener\"><img decoding=\"async\" data-id=\"645\" class=\"wp-image-645\" src=\"https:\/\/chronologiekritik.de\/wp-content\/uploads\/2022\/09\/sarre-francois-1.png?w=150\" alt=\"\" \/><\/a>\r\n<figcaption class=\"wp-element-caption\"><strong>Fran\u00e7ois de Sarre<\/strong> Zoologue | Nice<\/figcaption>\r\n<\/figure>\r\n\r\n\r\n\r\n<figure class=\"wp-block-image size-large\"><a href=\"https:\/\/chronologiekritik.de\/fr\/auteurs\/walter-haug\/\" target=\"_blank\" rel=\"noopener\"><img decoding=\"async\" data-id=\"635\" class=\"wp-image-635\" src=\"https:\/\/chronologiekritik.de\/wp-content\/uploads\/2022\/09\/haug-walter-1.png?w=150\" alt=\"\" \/><\/a>\r\n<figcaption class=\"wp-element-caption\"><strong>Walter Haug \u2020<\/strong> Instituteur | Kraichgau<\/figcaption>\r\n<\/figure>\r\n\r\n\r\n\r\n<figure class=\"wp-block-image size-large\"><a href=\"https:\/\/chronologiekritik.de\/fr\/auteurs\/andreas-tschurilow\/\" target=\"_blank\" rel=\"noopener\"><img decoding=\"async\" data-id=\"650\" class=\"wp-image-650\" src=\"https:\/\/chronologiekritik.de\/wp-content\/uploads\/2022\/09\/tschurilow-andreas-1.png?w=150\" alt=\"\" \/><\/a>\r\n<figcaption class=\"wp-element-caption\"><strong>Andreas Tschurilow \u2020<\/strong> Ingenieur | Deggendorf<br \/><br \/><\/figcaption>\r\n<\/figure>\r\n\r\n\r\n<\/figure>","protected":false},"excerpt":{"rendered":"<p>Le site Critique de la Chronologie est un projet commun de plusieurs chercheurs et\u00a0 academiciens qui offrent ici leur contributions et essays. Naturellement ils ne sont pas tout le temps d&#8217;accords sur les th\u00e9ories pr\u00e9sent\u00e9es, et il ne manque pas de pol\u00e9miques entre eux, mais la plupart partage quelques id\u00e9es et concepts basiques, et tous suivent les r\u00e8gles essentielles de la recherche scientifique.\u00a0 Bien sur il y en a davantage d&#8217;auteur et chercheur dans le d\u00e9bat sur la chronologie, et aucuns d&#8217;entre eux ont leurs site web \u00e0 eux. Sur la page Qui est-ce qui vous trouverez de bref biographies des chercheurs les plus importants, y compris ceux de si\u00e8cles pass\u00e9s qui ont propos\u00e9 une vision alternative de l&#8217;histoire, m\u00eame sans toucher la chronologie elle-m\u00eame.\u00a0 \u00a0 Depuis la cr\u00e9ation de notre site web Critique de la Chronologie en 2005, une dizaine de auteurs ont publi\u00e9 un ou plusieurs essays sur notre web.\u00a0 \u00a0<\/p>\n","protected":false},"author":2,"featured_media":0,"parent":0,"menu_order":0,"comment_status":"closed","ping_status":"closed","template":"","meta":{"footnotes":""},"class_list":["post-3367","page","type-page","status-publish","hentry"],"jetpack_sharing_enabled":true,"_links":{"self":[{"href":"https:\/\/chronologiekritik.de\/fr\/wp-json\/wp\/v2\/pages\/3367","targetHints":{"allow":["GET"]}}],"collection":[{"href":"https:\/\/chronologiekritik.de\/fr\/wp-json\/wp\/v2\/pages"}],"about":[{"href":"https:\/\/chronologiekritik.de\/fr\/wp-json\/wp\/v2\/types\/page"}],"author":[{"embeddable":true,"href":"https:\/\/chronologiekritik.de\/fr\/wp-json\/wp\/v2\/users\/2"}],"replies":[{"embeddable":true,"href":"https:\/\/chronologiekritik.de\/fr\/wp-json\/wp\/v2\/comments?post=3367"}],"version-history":[{"count":6,"href":"https:\/\/chronologiekritik.de\/fr\/wp-json\/wp\/v2\/pages\/3367\/revisions"}],"predecessor-version":[{"id":3545,"href":"https:\/\/chronologiekritik.de\/fr\/wp-json\/wp\/v2\/pages\/3367\/revisions\/3545"}],"wp:attachment":[{"href":"https:\/\/chronologiekritik.de\/fr\/wp-json\/wp\/v2\/media?parent=3367"}],"curies":[{"name":"wp","href":"https:\/\/api.w.org\/{rel}","templated":true}]}}