{"id":3370,"date":"2023-12-28T22:25:28","date_gmt":"2023-12-28T21:25:28","guid":{"rendered":"https:\/\/chronologiekritik.de\/fr\/?page_id=3370"},"modified":"2024-01-05T10:50:47","modified_gmt":"2024-01-05T09:50:47","slug":"uwe-topper","status":"publish","type":"page","link":"https:\/\/chronologiekritik.de\/fr\/collaborateurs\/uwe-topper\/","title":{"rendered":"Uwe Topper"},"content":{"rendered":"\r\n<div class=\"wp-block-group alignfull has-background-background-color has-background\"><div class=\"wp-block-group__inner-container is-layout-flow wp-block-group-is-layout-flow\">\r\n<div class=\"wp-block-jetpack-layout-grid alignfull column1-desktop-grid__span-3 column1-desktop-grid__start-2 column1-desktop-grid__row-1 column2-desktop-grid__span-6 column2-desktop-grid__start-6 column2-desktop-grid__row-1 column1-tablet-grid__span-3 column1-tablet-grid__row-1 column2-tablet-grid__span-5 column2-tablet-grid__start-4 column2-tablet-grid__row-1 column1-mobile-grid__span-4 column1-mobile-grid__row-1 column2-mobile-grid__span-4 column2-mobile-grid__row-2\">\r\n<div class=\"wp-block-jetpack-layout-grid-column wp-block-jetpack-layout-grid__padding-none\">\r\n<figure class=\"wp-block-image size-large is-style-circle-mask is-style-rounded\"><img decoding=\"async\" class=\"wp-image-366\" src=\"https:\/\/chronologiekritik.de\/wp-content\/uploads\/1998\/11\/utopper.jpg?w=150\" alt=\"\" \/><\/figure>\r\n\r\n\r\n\r\n<p class=\"has-text-align-center\" style=\"font-size: 18px;\">* Breslau, 1940<br \/>Habite \u00e0: <strong>Berlin<\/strong><\/p>\r\n<\/div>\r\n\r\n\r\n\r\n<div class=\"wp-block-jetpack-layout-grid-column wp-block-jetpack-layout-grid__padding-none\">\r\n<h4 class=\"wp-block-heading\">Chercheur<\/h4>\r\n\r\n\r\n Topper, n\u00e9 1940 \u00e0 Breslau, travaille comme artiste et \u00e9crivain libre. Il a \u00e9crit une dizaine de livres sur les arts et l&#8217;histoire en allemand et en espagnol. Plusieurs d&#8217;entre eux ont \u00e9t\u00e9s traduits en russe, bulgare et hongrois (et r\u00e9cemment m\u00eame en cor\u00e9en). Topper vit \u00e0 Berlin et \u00e9crit des articles pour diff\u00e9rents revues sur des sujets historiques. Il propose aussi des conf\u00e9rences &#8211; en allemand, anglais et espagnol &#8211; pour des cercles int\u00e9ress\u00e9s. Ses recherches se sont d\u00e9velopp\u00e9es toujours en dehors du monde acad\u00e9mique et il ne poss\u00e8de aucun prix ou dipl\u00f4me universitaire. Tout de m\u00eame, ses initiatives ont quelquefois donn\u00e9 lieu \u00e0 des d\u00e9bats scientifiques et ont entra\u00een\u00e9s la fondation de groupes et r\u00e9unions p\u00e9riodiques pour discuter sur des sujets historiques. Quelques-unes sont toujours actives. <\/div>\r\n<\/div>\r\n\r\n\r\n\r\n<h4 class=\"wp-block-heading\">Livres<\/h4>\r\n\r\n\r\n\r\n<ul class=\"wp-block-list\">\r\n<li>1977:<em><strong> Das Erbe der Giganten<\/strong>. Untergang und R\u00fcckkehr der Atlanter<\/em> (Walter Verl. Olten et Freiburg)<\/li>\r\n<li>1986: <strong><em><strong>M\u00e4rchen der Berber\u00a0<\/strong><\/em><\/strong>(Diederichs, Cologne)<\/li>\r\n<li>1988:\u00a0<strong><em><strong>Wiedergeburt<\/strong>.\u00a0<\/em><\/strong><em>Das Wissen der V\u00f6lker\u00a0<\/em>(Rowohlt. Reinbek \/ Hamburg)<\/li>\r\n<li>1988:<strong> <em><strong>Erdbefragung<\/strong>.\u00a0<\/em><\/strong><em>Anleitung zur Geomantik<\/em> (Knaur. Munich)<\/li>\r\n<li>1988:\u00a0<strong><em><strong>Arte Rupestre en la Provincia de C\u00e1diz\u00a0<\/strong><\/em><\/strong>(Diputaci\u00f3n de C\u00e1diz, Espagne)<\/li>\r\n<li>1991:\u00a0<strong><em><strong>Sufis und Heilige im Maghreb<\/strong>.\u00a0<\/em><\/strong><em>Marokkanische Mystik<\/em> (Diederichs, Cologne)<\/li>\r\n<li>1993:\u00a0<strong><em><strong>Das letzte Buch<\/strong>.<\/em><\/strong><em>Die Bedeutung der Offenbarung des Johannes<\/em> (Hugendubel, Munich)<\/li>\r\n<li>1998:\u00a0<em><strong>Die &#8220;Gro\u00dfe Aktion&#8221;.\u00a0<\/strong>Europas erfundene Geschichte<\/em> (Grabert, T\u00fcbingen)\u00a0<a href=\"https:\/\/chronologiekritik.de\/wp-content\/uploads\/2023\/07\/Die_Grosse_Aktion._Europas_erfundene_BookFi.org_.pdf\">Texte complet ici<\/a> (PDF).<\/li>\r\n<li>1999:\u00a0<strong><em><strong>Erfundene Geschichte<\/strong>.\u00a0<\/em><\/strong><em>Unsere Zeitrechnung ist falsch<\/em> (Herbig, Munich)<\/li>\r\n<li>2001:\u00a0<em><strong>F\u00e4lschungen der Geschichte.\u00a0<\/strong>Von Persephone bis Newtons Zeitrechnung\u00a0<\/em>(Herbig, Munich)<\/li>\r\n<li>2003:\u00a0<em><strong>horra.\u00a0<\/strong>Die ersten Europ\u00e4er<\/em> (Grabert, T\u00fcbingen)<\/li>\r\n<li>2003:\u00a0<em><strong>ZeitF\u00e4lschung.\u00a0<\/strong>Es begann mit der Renaissance<\/em> (Herbig, Munich)<\/li>\r\n<li>2006:\u00a0<em><strong>KalenderSprung.\u00a0<\/strong>Europas Religionswechsel um 1500.<\/em>\u00a0(Grabert, T\u00fcbingen)<\/li>\r\n<li>2016: <em><strong>Das Jahrkreuz<\/strong>. Spr\u00fcnge im Verlauf der Zeit <\/em>(Grabert T\u00fcbingen)<\/li>\r\n<\/ul>\r\n<\/div><\/div>\r\n\r\n\r\n\r\n<p><strong>Oeuvres dans d&#8217;autres champs:<\/strong><\/p>\r\n\r\n\r\n\r\n<p>Voyez quelques publications sur des sujets antropologique \u00e0 <strong><a href=\"http:\/\/ilya.it\/antropologo\/index.html\" target=\"_blank\" rel=\"noreferrer noopener\">www.ilya.it\/antropologo <\/a><\/strong><\/p>\r\n\r\n\r\n\r\n<p>L&#8217;oeuvre artistique d&#8217;Uwe Topper &#8211; uto &#8211; est pr\u00e9sent\u00e9 ici: <a href=\"http:\/\/ilya.it\/uto\/index.html\" target=\"_blank\" rel=\"noreferrer noopener\">www.ilya.it\/uto<\/a><\/p>","protected":false},"excerpt":{"rendered":"<p>Livres 1977: Das Erbe der Giganten. Untergang und R\u00fcckkehr der Atlanter (Walter Verl. Olten et Freiburg) 1986: M\u00e4rchen der Berber\u00a0(Diederichs, Cologne) 1988:\u00a0Wiedergeburt.\u00a0Das Wissen der V\u00f6lker\u00a0(Rowohlt. Reinbek \/ Hamburg) 1988: Erdbefragung.\u00a0Anleitung zur Geomantik (Knaur. Munich) 1988:\u00a0Arte Rupestre en la Provincia de C\u00e1diz\u00a0(Diputaci\u00f3n de C\u00e1diz, Espagne) 1991:\u00a0Sufis und Heilige im Maghreb.\u00a0Marokkanische Mystik (Diederichs, Cologne) 1993:\u00a0Das letzte Buch.Die Bedeutung der Offenbarung des Johannes (Hugendubel, Munich) 1998:\u00a0Die &#8220;Gro\u00dfe Aktion&#8221;.\u00a0Europas erfundene Geschichte (Grabert, T\u00fcbingen)\u00a0Texte complet ici (PDF). 1999:\u00a0Erfundene Geschichte.\u00a0Unsere Zeitrechnung ist falsch (Herbig, Munich) 2001:\u00a0F\u00e4lschungen der Geschichte.\u00a0Von Persephone bis Newtons Zeitrechnung\u00a0(Herbig, Munich) 2003:\u00a0horra.\u00a0Die ersten Europ\u00e4er (Grabert, T\u00fcbingen) 2003:\u00a0ZeitF\u00e4lschung.\u00a0Es begann mit der Renaissance (Herbig, Munich) 2006:\u00a0KalenderSprung.\u00a0Europas Religionswechsel um 1500.\u00a0(Grabert, T\u00fcbingen) 2016: Das Jahrkreuz. Spr\u00fcnge im Verlauf der Zeit (Grabert T\u00fcbingen) Oeuvres dans d&#8217;autres champs: Voyez quelques publications sur des sujets antropologique \u00e0 www.ilya.it\/antropologo L&#8217;oeuvre artistique d&#8217;Uwe Topper &#8211; uto &#8211; est pr\u00e9sent\u00e9 ici: www.ilya.it\/uto<\/p>\n","protected":false},"author":2,"featured_media":0,"parent":3367,"menu_order":0,"comment_status":"closed","ping_status":"closed","template":"","meta":{"footnotes":""},"class_list":["post-3370","page","type-page","status-publish","hentry"],"jetpack_sharing_enabled":true,"_links":{"self":[{"href":"https:\/\/chronologiekritik.de\/fr\/wp-json\/wp\/v2\/pages\/3370","targetHints":{"allow":["GET"]}}],"collection":[{"href":"https:\/\/chronologiekritik.de\/fr\/wp-json\/wp\/v2\/pages"}],"about":[{"href":"https:\/\/chronologiekritik.de\/fr\/wp-json\/wp\/v2\/types\/page"}],"author":[{"embeddable":true,"href":"https:\/\/chronologiekritik.de\/fr\/wp-json\/wp\/v2\/users\/2"}],"replies":[{"embeddable":true,"href":"https:\/\/chronologiekritik.de\/fr\/wp-json\/wp\/v2\/comments?post=3370"}],"version-history":[{"count":2,"href":"https:\/\/chronologiekritik.de\/fr\/wp-json\/wp\/v2\/pages\/3370\/revisions"}],"predecessor-version":[{"id":3374,"href":"https:\/\/chronologiekritik.de\/fr\/wp-json\/wp\/v2\/pages\/3370\/revisions\/3374"}],"up":[{"embeddable":true,"href":"https:\/\/chronologiekritik.de\/fr\/wp-json\/wp\/v2\/pages\/3367"}],"wp:attachment":[{"href":"https:\/\/chronologiekritik.de\/fr\/wp-json\/wp\/v2\/media?parent=3370"}],"curies":[{"name":"wp","href":"https:\/\/api.w.org\/{rel}","templated":true}]}}