{"id":3376,"date":"2024-01-04T21:25:50","date_gmt":"2024-01-04T20:25:50","guid":{"rendered":"https:\/\/chronologiekritik.de\/fr\/?page_id=3376"},"modified":"2024-01-05T10:51:47","modified_gmt":"2024-01-05T09:51:47","slug":"ilya-u-topper","status":"publish","type":"page","link":"https:\/\/chronologiekritik.de\/fr\/collaborateurs\/ilya-u-topper\/","title":{"rendered":"Ilya U. Topper"},"content":{"rendered":"\r\n<div class=\"wp-block-group alignfull has-background-background-color has-background\"><div class=\"wp-block-group__inner-container is-layout-flow wp-block-group-is-layout-flow\">\r\n<div class=\"wp-block-jetpack-layout-grid alignfull column1-desktop-grid__span-3 column1-desktop-grid__start-2 column1-desktop-grid__row-1 column2-desktop-grid__span-6 column2-desktop-grid__start-6 column2-desktop-grid__row-1 column1-tablet-grid__span-3 column1-tablet-grid__row-1 column2-tablet-grid__span-5 column2-tablet-grid__start-4 column2-tablet-grid__row-1 column1-mobile-grid__span-4 column1-mobile-grid__row-1 column2-mobile-grid__span-4 column2-mobile-grid__row-2\">\r\n<div class=\"wp-block-jetpack-layout-grid-column wp-block-jetpack-layout-grid__padding-none\">\r\n<figure class=\"wp-block-image size-large is-style-circle-mask is-style-rounded\"><img decoding=\"async\" class=\"wp-image-366\" src=\"https:\/\/chronologiekritik.de\/wp-content\/uploads\/2022\/09\/topper-ilya-e1678909102121.png?w=150\" alt=\"\" \/><\/figure>\r\n\r\n\r\n\r\n<p class=\"has-text-align-center\" style=\"font-size: 18px;\">* Almeria (Espagne), 1972<br \/>Habite \u00e0: <strong>Istanbul<\/strong><\/p>\r\n<\/div>\r\n\r\n\r\n\r\n<div class=\"wp-block-jetpack-layout-grid-column wp-block-jetpack-layout-grid__padding-none\">\r\n<h4 class=\"wp-block-heading\">Journaliste<\/h4>\r\n\r\n\r\n Fils de l&#8217;anthropologue allemand Uwe Topper, Ilya a grandi au Maroc. Il part en Espagne en 1994, o\u00f9 il travaille pour des diff\u00e9rentes ONGs de d\u00e9veloppement, avant de s&#8217;\u00e9tablir \u00e0 Madrid comme chef de la section International du hebdomadaire espagnol <em>La Clave<\/em>. Depuis 2010 il est correspondant de l&#8217;agence EFE \u00e0 Istanbul (Turquie). Ses publications se concentrent surtout sur le monde arabe-islamique, qu&#8217;il \u00e9tudie d\u00e8s sa jeunesse; il a fait des voyages en Syrie, Palestine, Irak, Liban, Turquie, Asie centrale etc.<\/div>\r\n<div>\u00a0<\/div>\r\n<div class=\"wp-block-jetpack-layout-grid-column wp-block-jetpack-layout-grid__padding-none\">C&#8217;est en 1994 qu&#8217;il entre en contact avec le groupe de chercheurs allemands qui mettent en doute la chronologie \u00e9tablie; il y participe en se sp\u00e9cialisant surtout dans le monde arabe et islamique, les monnaies de l&#8217;Andalousie arabe etc., aid\u00e9 par le fait de parler et lire l&#8217;arabe. Il travaille aussi avec Uwe Topper sur l&#8217;\u00e9volution de notre calendrier. En 2005, Ilya a cr\u00e9\u00e9 la premi\u00e8re version du site Critique de la Chronologie, o\u00f9 il est le responsable technique et des structures. <\/div>\r\n<\/div>\r\n\r\n\r\n\r\n<h4 class=\"wp-block-heading\">Livres<\/h4>\r\n\r\n\r\n\r\n<ul class=\"wp-block-list\">\r\n<li>2019: <em><strong>La democracia es un tranv\u00eda<\/strong>. El ascenso de Erdogan y la transformaci\u00f3n de Turqu\u00eda<\/em> (Peninsula, Madrid), avec A. Mourenza<\/li>\r\n<li>2023: <strong><em><strong>Dios, marca registrada <\/strong><\/em><\/strong>(Ed. Hojalata, Gijon, Espagne)<\/li>\r\n<\/ul>\r\n<\/div><\/div>\r\n\r\n\r\n\r\n<p>&nbsp;<\/p>\r\n\r\n\r\n\r\n<p>&nbsp;<\/p>","protected":false},"excerpt":{"rendered":"<p>Livres 2019: La democracia es un tranv\u00eda. El ascenso de Erdogan y la transformaci\u00f3n de Turqu\u00eda (Peninsula, Madrid), avec A. Mourenza 2023: Dios, marca registrada (Ed. Hojalata, Gijon, Espagne) &nbsp; &nbsp;<\/p>\n","protected":false},"author":2,"featured_media":0,"parent":3367,"menu_order":0,"comment_status":"closed","ping_status":"closed","template":"","meta":{"footnotes":""},"class_list":["post-3376","page","type-page","status-publish","hentry"],"jetpack_sharing_enabled":true,"_links":{"self":[{"href":"https:\/\/chronologiekritik.de\/fr\/wp-json\/wp\/v2\/pages\/3376","targetHints":{"allow":["GET"]}}],"collection":[{"href":"https:\/\/chronologiekritik.de\/fr\/wp-json\/wp\/v2\/pages"}],"about":[{"href":"https:\/\/chronologiekritik.de\/fr\/wp-json\/wp\/v2\/types\/page"}],"author":[{"embeddable":true,"href":"https:\/\/chronologiekritik.de\/fr\/wp-json\/wp\/v2\/users\/2"}],"replies":[{"embeddable":true,"href":"https:\/\/chronologiekritik.de\/fr\/wp-json\/wp\/v2\/comments?post=3376"}],"version-history":[{"count":7,"href":"https:\/\/chronologiekritik.de\/fr\/wp-json\/wp\/v2\/pages\/3376\/revisions"}],"predecessor-version":[{"id":3384,"href":"https:\/\/chronologiekritik.de\/fr\/wp-json\/wp\/v2\/pages\/3376\/revisions\/3384"}],"up":[{"embeddable":true,"href":"https:\/\/chronologiekritik.de\/fr\/wp-json\/wp\/v2\/pages\/3367"}],"wp:attachment":[{"href":"https:\/\/chronologiekritik.de\/fr\/wp-json\/wp\/v2\/media?parent=3376"}],"curies":[{"name":"wp","href":"https:\/\/api.w.org\/{rel}","templated":true}]}}