{"id":3388,"date":"2024-01-04T21:45:34","date_gmt":"2024-01-04T20:45:34","guid":{"rendered":"https:\/\/chronologiekritik.de\/fr\/?page_id=3388"},"modified":"2024-01-05T10:51:53","modified_gmt":"2024-01-05T09:51:53","slug":"karin-wagner","status":"publish","type":"page","link":"https:\/\/chronologiekritik.de\/fr\/collaborateurs\/karin-wagner\/","title":{"rendered":"Karin Wagner"},"content":{"rendered":"\r\n<div class=\"wp-block-group alignfull has-background-background-color has-background\"><div class=\"wp-block-group__inner-container is-layout-flow wp-block-group-is-layout-flow\">\r\n<div class=\"wp-block-jetpack-layout-grid alignfull column1-desktop-grid__span-3 column1-desktop-grid__start-2 column1-desktop-grid__row-1 column2-desktop-grid__span-6 column2-desktop-grid__start-6 column2-desktop-grid__row-1 column1-tablet-grid__span-3 column1-tablet-grid__row-1 column2-tablet-grid__span-5 column2-tablet-grid__start-4 column2-tablet-grid__row-1 column1-mobile-grid__span-4 column1-mobile-grid__row-1 column2-mobile-grid__span-4 column2-mobile-grid__row-2\">\r\n<div class=\"wp-block-jetpack-layout-grid-column wp-block-jetpack-layout-grid__padding-none\">\r\n<figure class=\"wp-block-image size-large is-style-circle-mask is-style-rounded\"><img decoding=\"async\" class=\"wp-image-72\" src=\"https:\/\/chronologiekritik.de\/wp-content\/uploads\/2022\/09\/wagner-karin-e1678909646889.png?w=185\" alt=\"\" \/><\/figure>\r\n\r\n\r\n\r\n<p class=\"has-text-align-center\" style=\"font-size: 18px;\">* Karlsruhe, 1941<br \/>Habite \u00e0: Ettlingen (Allemagne)<\/p>\r\n<\/div>\r\n\r\n\r\n\r\n<div class=\"wp-block-jetpack-layout-grid-column wp-block-jetpack-layout-grid__padding-none\">\r\n<h4 class=\"wp-block-heading\">Professeur<\/h4>\r\n\r\n\r\nKarin Wagner \u2013 dont les anc\u00eatres sont originaires de plusieurs r\u00e9gions : du c\u00f4t\u00e8 maternel de Tilsit, K\u00f6nigsberg, Breslau, Berlin \u00e0 Karlsruhe et du c\u00f4t\u00e9 paternel de Lucca, Berne, Fribourg et environs de Freudenstadt \u2013 a fait ses \u00e9tudes pour \u00eatre professeur au lyc\u00e9e en langues romanes, histoire et sciences politiques plus p\u00e9dagogie, psychologie et philosophie et travaillait pendant plus de 40 ans \u00e0 des lyc\u00e9es divers, \u00e9tait directrice d&#8217;une Ecole priv\u00e9e de p\u00e9dagogie sociale et travaillait dans la formation des professeurs dans l&#8217;administration scolaire \u00e0 Karlsruhe. Son amour pour la France et sa langue et de multiples s\u00e9jours \u00e0 des universit\u00e9s, cours de recyclage et \u00e9changes pour des jumelages avaient pour cons\u00e9quence qu&#8217;elle conna\u00eet la France presque mieux que l&#8217;Allemagne !<\/div>\r\n<div>\u00a0<\/div>\r\n<div class=\"wp-block-jetpack-layout-grid-column wp-block-jetpack-layout-grid__padding-none\">Par une rencontre par hasard avec Madame la Baronne de Gemmingen \u00e0 K\u00f6nigsbach pr\u00e8s de Pforzheim, dont l&#8217;anc\u00eatre fur Daniel Rollin de Saint-Andr\u00e9-Montbrun, de Rochefort etc. une nouvelle orientation s&#8217;ouvrit: la reconstruction s\u00e9rieuse d&#8217;un arbre g\u00e9n\u00e9alogique d&#8217;une famille noble &#8211; un sujet qui la menait dans les archives \u00e0 travers l&#8217;Europe ( France, Italie, Rome (Vatican, DHI) , Malte, Su\u00e8de) au cours de plus de 30 ans pour trouver par des contacts avec des descendants en France et avec des chercheurs des preuves pour cette histoire si int\u00e9rssante entre Huguenots, centralisme des Rois de France, guerres et mariages&#8230;<\/div>\r\n<div>\u00a0<\/div>\r\n<div class=\"wp-block-jetpack-layout-grid-column wp-block-jetpack-layout-grid__padding-none\">Presque aussi par hasard Karin Wagner a connu Le Salon d&#8217; Histoire d&#8217; Eugen Gabowitsch \u00e0 Karlsruhe ce qui lui convenait bien comme historienne vu les multiples trouvailles critiques et aussi le grand nombre de falsifications dans les dipl\u00f4mes et livres d&#8217;histoire. Pour l&#8217;instant elle se concentre encore avec le Professeur Garz de l&#8217; Universit\u00e9 de Mayence sur la reconstruction biografique d&#8217;un psychologue et th\u00e9rapeute pas encore tr\u00e8s connu : Paul Diel (1893 Vienne-1972 Paris) avec son &#8220;introspection&#8221; seulement reconnue comme scientifique de nos jours (voir: &#8220;Psychologie de la Motivation&#8221; chez Payot, Paris) pour m\u00e9riter le titre de docteur phil. <\/div>\r\n<\/div>\r\n\r\n\r\n<\/div><\/div>\r\n","protected":false},"excerpt":{"rendered":"","protected":false},"author":2,"featured_media":0,"parent":3367,"menu_order":0,"comment_status":"closed","ping_status":"closed","template":"","meta":{"footnotes":""},"class_list":["post-3388","page","type-page","status-publish","hentry"],"jetpack_sharing_enabled":true,"_links":{"self":[{"href":"https:\/\/chronologiekritik.de\/fr\/wp-json\/wp\/v2\/pages\/3388","targetHints":{"allow":["GET"]}}],"collection":[{"href":"https:\/\/chronologiekritik.de\/fr\/wp-json\/wp\/v2\/pages"}],"about":[{"href":"https:\/\/chronologiekritik.de\/fr\/wp-json\/wp\/v2\/types\/page"}],"author":[{"embeddable":true,"href":"https:\/\/chronologiekritik.de\/fr\/wp-json\/wp\/v2\/users\/2"}],"replies":[{"embeddable":true,"href":"https:\/\/chronologiekritik.de\/fr\/wp-json\/wp\/v2\/comments?post=3388"}],"version-history":[{"count":3,"href":"https:\/\/chronologiekritik.de\/fr\/wp-json\/wp\/v2\/pages\/3388\/revisions"}],"predecessor-version":[{"id":3391,"href":"https:\/\/chronologiekritik.de\/fr\/wp-json\/wp\/v2\/pages\/3388\/revisions\/3391"}],"up":[{"embeddable":true,"href":"https:\/\/chronologiekritik.de\/fr\/wp-json\/wp\/v2\/pages\/3367"}],"wp:attachment":[{"href":"https:\/\/chronologiekritik.de\/fr\/wp-json\/wp\/v2\/media?parent=3388"}],"curies":[{"name":"wp","href":"https:\/\/api.w.org\/{rel}","templated":true}]}}