{"id":3392,"date":"2024-01-05T10:47:38","date_gmt":"2024-01-05T09:47:38","guid":{"rendered":"https:\/\/chronologiekritik.de\/fr\/?page_id=3392"},"modified":"2024-01-05T10:51:20","modified_gmt":"2024-01-05T09:51:20","slug":"alexander-topper","status":"publish","type":"page","link":"https:\/\/chronologiekritik.de\/fr\/collaborateurs\/alexander-topper\/","title":{"rendered":"Alexander Topper"},"content":{"rendered":"\r\n<div class=\"wp-block-group alignfull has-background-background-color has-background\"><div class=\"wp-block-group__inner-container is-layout-flow wp-block-group-is-layout-flow\">\r\n<div class=\"wp-block-jetpack-layout-grid alignfull column1-desktop-grid__span-3 column1-desktop-grid__start-2 column1-desktop-grid__row-1 column2-desktop-grid__span-6 column2-desktop-grid__start-6 column2-desktop-grid__row-1 column1-tablet-grid__span-3 column1-tablet-grid__row-1 column2-tablet-grid__span-5 column2-tablet-grid__start-4 column2-tablet-grid__row-1 column1-mobile-grid__span-4 column1-mobile-grid__row-1 column2-mobile-grid__span-4 column2-mobile-grid__row-2\">\r\n<div class=\"wp-block-jetpack-layout-grid-column wp-block-jetpack-layout-grid__padding-none\">\r\n<figure class=\"wp-block-image size-large is-style-circle-mask is-style-rounded\"><img decoding=\"async\" class=\"wp-image-68\" src=\"https:\/\/chronologiekritik.de\/wp-content\/uploads\/2023\/09\/topper-alexanderpq.jpg\" alt=\"alexander topper\" \/><\/figure>\r\n\r\n\r\n\r\n<p class=\"has-text-align-center\" style=\"font-size: 18px;\">* Berlin, 1968 Habite \u00e0: Berlin<\/p>\r\n<\/div>\r\n\r\n\r\n\r\n<div class=\"wp-block-jetpack-layout-grid-column wp-block-jetpack-layout-grid__padding-none\">\r\n<h4 class=\"wp-block-heading\">Technicien<\/h4>\r\n\r\n\r\n\r\n\r\n Alexander Topper est le fils du chercheur <a href=\"https:\/\/chronologiekritik.de\/fr\/uwe-topper\/\" target=\"_blank\" rel=\"noopener\">Uwe Topper<\/a>. Il a fr\u00e9quent\u00e9 l&#8217;\u00e9cole \u00e0 Berlin et en Espagne et il parle plusieurs langues (allemand, anglais, espagnol, portugais).\u00a0 Avec ses comp\u00e9tences informatiques il a r\u00e9solu nombreux probl\u00e8me du travail quotidien du site Critique de la Chronologie. Il a cr\u00e9e aussi un programme d&#8217;ordinateur pour un calendrier perpetuel du 1.1. 1 AD (th\u00e9oretique) jusqu&#8217;\u00e0 nos jours.<\/div>\r\n<\/div>\r\n\r\n\r\n<\/div><\/div>","protected":false},"excerpt":{"rendered":"","protected":false},"author":2,"featured_media":0,"parent":3367,"menu_order":0,"comment_status":"closed","ping_status":"closed","template":"","meta":{"footnotes":""},"class_list":["post-3392","page","type-page","status-publish","hentry"],"jetpack_sharing_enabled":true,"_links":{"self":[{"href":"https:\/\/chronologiekritik.de\/fr\/wp-json\/wp\/v2\/pages\/3392","targetHints":{"allow":["GET"]}}],"collection":[{"href":"https:\/\/chronologiekritik.de\/fr\/wp-json\/wp\/v2\/pages"}],"about":[{"href":"https:\/\/chronologiekritik.de\/fr\/wp-json\/wp\/v2\/types\/page"}],"author":[{"embeddable":true,"href":"https:\/\/chronologiekritik.de\/fr\/wp-json\/wp\/v2\/users\/2"}],"replies":[{"embeddable":true,"href":"https:\/\/chronologiekritik.de\/fr\/wp-json\/wp\/v2\/comments?post=3392"}],"version-history":[{"count":2,"href":"https:\/\/chronologiekritik.de\/fr\/wp-json\/wp\/v2\/pages\/3392\/revisions"}],"predecessor-version":[{"id":3394,"href":"https:\/\/chronologiekritik.de\/fr\/wp-json\/wp\/v2\/pages\/3392\/revisions\/3394"}],"up":[{"embeddable":true,"href":"https:\/\/chronologiekritik.de\/fr\/wp-json\/wp\/v2\/pages\/3367"}],"wp:attachment":[{"href":"https:\/\/chronologiekritik.de\/fr\/wp-json\/wp\/v2\/media?parent=3392"}],"curies":[{"name":"wp","href":"https:\/\/api.w.org\/{rel}","templated":true}]}}