{"id":3395,"date":"2024-01-05T10:57:57","date_gmt":"2024-01-05T09:57:57","guid":{"rendered":"https:\/\/chronologiekritik.de\/fr\/?page_id=3395"},"modified":"2024-01-05T10:57:57","modified_gmt":"2024-01-05T09:57:57","slug":"christian-bloss","status":"publish","type":"page","link":"https:\/\/chronologiekritik.de\/fr\/collaborateurs\/christian-bloss\/","title":{"rendered":"Christian Bl\u00f6ss"},"content":{"rendered":"\r\n<div class=\"wp-block-group alignfull has-background-background-color has-background\"><div class=\"wp-block-group__inner-container is-layout-flow wp-block-group-is-layout-flow\">\r\n\r\n\r\n<div class=\"wp-block-jetpack-layout-grid alignfull column1-desktop-grid__span-3 column1-desktop-grid__start-2 column1-desktop-grid__row-1 column2-desktop-grid__span-6 column2-desktop-grid__start-6 column2-desktop-grid__row-1 column1-tablet-grid__span-3 column1-tablet-grid__row-1 column2-tablet-grid__span-5 column2-tablet-grid__start-4 column2-tablet-grid__row-1 column1-mobile-grid__span-4 column1-mobile-grid__row-1 column2-mobile-grid__span-4 column2-mobile-grid__row-2\">\r\n\r\n\r\n<div class=\"wp-block-jetpack-layout-grid-column wp-block-jetpack-layout-grid__padding-none\">\r\n\r\n\r\n<figure class=\"wp-block-image size-large is-style-circle-mask is-style-rounded\"><img decoding=\"async\" class=\"wp-image-475\" src=\"https:\/\/chronologiekritik.de\/wp-content\/uploads\/2022\/09\/bloess-christian.png?w=185\" alt=\"\" \/><\/figure>\r\n\r\n\r\n\r\n<p class=\"has-text-align-center\" style=\"font-size: 18px;\">* Kiel (Allemagne), 1957\r\nHabite \u00e0: Berlin<\/p>\r\n\r\n\r\n<\/div>\r\n\r\n\r\n\r\n<div class=\"wp-block-jetpack-layout-grid-column wp-block-jetpack-layout-grid__padding-none\">\r\n\r\n\r\n<h4 class=\"wp-block-heading\">Physicien<\/h4>\r\n\r\n\r\n\r\n\r\nChristian Bl\u00f6ss est un physicien dipl\u00f4m\u00e9 et habite \u00e0 Berlin. Depuis le d\u00e9but des ann\u00e9es 1980, il propose une critique s\u00e9v\u00e8re de la th\u00e9orie de l&#8217;\u00e9volution de Darwin-Haeckel et met l&#8217;accent sur les catastrophes caus\u00e9es par des plan\u00e8tes.\r\n\r\nAvec Christoph Marx, Gunnar Heinsohn et Heribert Illig, Bl\u00f6ss a commenc\u00e9 en 1982 \u00e0 travailler dans la Soci\u00e9t\u00e9 pour la Reconstruction de l&#8217;Histoire humaine et Naturelle (GRMNG), dans lequel il \u00e9tait vice-pr\u00e9sident. Avec Uwe Topper et Hans-Ulrich Niemitz il a fond\u00e9e le Salon d\u2018Histoire \u00e0 Berlin (BGS).\r\n\r\nPendant des ann\u00e9es, Bl\u00f6ss collabore avec Niemitz sur la critique des m\u00e9thodes scientifiques de datacion tels que C-14; dans son livre \u201eC-14 crash\u201c, il montre que cette m\u00e9thode n&#8217;est pas digne de confiance.\r\n\r\nBl\u00f6ss a diss\u00e9qu\u00e9 avec nettet\u00e9 math\u00e9matique les m\u00e9thodes des historiens et leurs points faibles. Son livre <em>Ceno-crash<\/em> avance une nouvelle chronologie raccourci pour l&#8217;\u00e2ge g\u00e9ologique de la terre et supprime les millions d&#8217;anne\u00e9es de Darwin et Lyell. D&#8217;un seul coup, les 65 millions d&#8217;ann\u00e9es de l&#8217;\u00e8re tertiaire sont effac\u00e9s. Bl\u00f6ss dirige actuellement la librairie &#8220;La Pyramide&#8221; \u00e0 Berlin-Westend, o\u00f9 les rencontres culturelles ont lieu.\r\n\r\n\r\n\r\n\r\n\r\n\r\n\r\n<\/div>\r\n\r\n\r\n<\/div>\r\n\r\n\r\n\r\n<h4 class=\"wp-block-heading\">Livres<strong>\u00a0<\/strong><\/h4>\r\n\r\n\r\n\r\n<ul class=\"wp-block-list\">\r\n \t<li>1988:\u00a0<strong><em>Jenseits von Darwin <\/em><\/strong>(Skarab\u00e4us Verlag. Francfort)<\/li>\r\n \t<li>1989:\u00a0<strong><em>Planeten, G\u00f6tter, Katastrophen<\/em><\/strong><em>. Das neue Bild vom kosmischen Chaos<\/em> (Skarab\u00e4us Verlag. Francfort)<\/li>\r\n \t<li>1995:\u00a0<strong><em>Sonnenfinsternisbeobachtungen in Mitteleuropa von 600 bis 900 <\/em><\/strong>(in Zeitenspr\u00fcnge 3\u201395)<\/li>\r\n \t<li>1997:\u00a0<strong><em>C14-Crash.\u00a0<\/em><\/strong><em>Das Ende der Illusion, mit Radiokarbonmethode und Dendrochronologie datieren zu k\u00f6nnen<\/em> (Avec Hans-Ulrich Niemitz) (Mantis Verlag, Gr\u00e4felfing).<\/li>\r\n \t<li>1998:\u00a0<strong><em>Jahrhundert-Irrtum &#8220;Eiszeit&#8221;?<\/em><\/strong>\u00a0 Une critique du livre de Horst Friedrich (in: Zeitenspr\u00fcnge, 2\/98, S. 345-349; Gr\u00e4felfing)<\/li>\r\n \t<li>2000:\u00a0<strong><em>Ceno-Crash<\/em><\/strong>\u00a0(Berlin)<\/li>\r\n<\/ul>\r\n\r\n\r\n<\/div><\/div>","protected":false},"excerpt":{"rendered":"<p>Livres\u00a0 1988:\u00a0Jenseits von Darwin (Skarab\u00e4us Verlag. Francfort) 1989:\u00a0Planeten, G\u00f6tter, Katastrophen. Das neue Bild vom kosmischen Chaos (Skarab\u00e4us Verlag. Francfort) 1995:\u00a0Sonnenfinsternisbeobachtungen in Mitteleuropa von 600 bis 900 (in Zeitenspr\u00fcnge 3\u201395) 1997:\u00a0C14-Crash.\u00a0Das Ende der Illusion, mit Radiokarbonmethode und Dendrochronologie datieren zu k\u00f6nnen (Avec Hans-Ulrich Niemitz) (Mantis Verlag, Gr\u00e4felfing). 1998:\u00a0Jahrhundert-Irrtum &#8220;Eiszeit&#8221;?\u00a0 Une critique du livre de Horst Friedrich (in: Zeitenspr\u00fcnge, 2\/98, S. 345-349; Gr\u00e4felfing) 2000:\u00a0Ceno-Crash\u00a0(Berlin)<\/p>\n","protected":false},"author":2,"featured_media":0,"parent":3367,"menu_order":0,"comment_status":"closed","ping_status":"closed","template":"","meta":{"footnotes":""},"class_list":["post-3395","page","type-page","status-publish","hentry"],"jetpack_sharing_enabled":true,"_links":{"self":[{"href":"https:\/\/chronologiekritik.de\/fr\/wp-json\/wp\/v2\/pages\/3395","targetHints":{"allow":["GET"]}}],"collection":[{"href":"https:\/\/chronologiekritik.de\/fr\/wp-json\/wp\/v2\/pages"}],"about":[{"href":"https:\/\/chronologiekritik.de\/fr\/wp-json\/wp\/v2\/types\/page"}],"author":[{"embeddable":true,"href":"https:\/\/chronologiekritik.de\/fr\/wp-json\/wp\/v2\/users\/2"}],"replies":[{"embeddable":true,"href":"https:\/\/chronologiekritik.de\/fr\/wp-json\/wp\/v2\/comments?post=3395"}],"version-history":[{"count":1,"href":"https:\/\/chronologiekritik.de\/fr\/wp-json\/wp\/v2\/pages\/3395\/revisions"}],"predecessor-version":[{"id":3396,"href":"https:\/\/chronologiekritik.de\/fr\/wp-json\/wp\/v2\/pages\/3395\/revisions\/3396"}],"up":[{"embeddable":true,"href":"https:\/\/chronologiekritik.de\/fr\/wp-json\/wp\/v2\/pages\/3367"}],"wp:attachment":[{"href":"https:\/\/chronologiekritik.de\/fr\/wp-json\/wp\/v2\/media?parent=3395"}],"curies":[{"name":"wp","href":"https:\/\/api.w.org\/{rel}","templated":true}]}}