{"id":3397,"date":"2024-01-05T11:04:25","date_gmt":"2024-01-05T10:04:25","guid":{"rendered":"https:\/\/chronologiekritik.de\/fr\/?page_id=3397"},"modified":"2024-01-05T11:04:59","modified_gmt":"2024-01-05T10:04:59","slug":"eugen-gabowitsch","status":"publish","type":"page","link":"https:\/\/chronologiekritik.de\/fr\/collaborateurs\/eugen-gabowitsch\/","title":{"rendered":"Eugen Gabowitsch"},"content":{"rendered":"\r\n<div class=\"wp-block-group alignfull has-background-background-color has-background\"><div class=\"wp-block-group__inner-container is-layout-flow wp-block-group-is-layout-flow\">\r\n<div class=\"wp-block-jetpack-layout-grid alignfull column1-desktop-grid__span-3 column1-desktop-grid__start-2 column1-desktop-grid__row-1 column2-desktop-grid__span-6 column2-desktop-grid__start-6 column2-desktop-grid__row-1 column1-tablet-grid__span-3 column1-tablet-grid__row-1 column2-tablet-grid__span-5 column2-tablet-grid__start-4 column2-tablet-grid__row-1 column1-mobile-grid__span-4 column1-mobile-grid__row-1 column2-mobile-grid__span-4 column2-mobile-grid__row-2\">\r\n<div class=\"wp-block-jetpack-layout-grid-column wp-block-jetpack-layout-grid__padding-none\">\r\n<figure class=\"wp-block-image size-large is-style-circle-mask is-style-rounded\"><img decoding=\"async\" class=\"wp-image-473\" src=\"https:\/\/chronologiekritik.de\/wp-content\/uploads\/2022\/09\/gabowitsch-eugen.png?w=185\" alt=\"\" \/><\/figure>\r\n\r\n\r\n\r\n<p class=\"has-text-align-center\" style=\"font-size: 18px;\">* Tartu (Estonie), 1938 |\u00a0 \u2020 Potsdam (Allemagne), 2009<br \/>Habitais \u00e0: Potsdam<\/p>\r\n<\/div>\r\n\r\n\r\n\r\n<div class=\"wp-block-jetpack-layout-grid-column wp-block-jetpack-layout-grid__padding-none\">\r\n<h4 class=\"wp-block-heading\">Math\u00e9maticien<\/h4>\r\n\r\n\r\n Gabowitsch, docteur en sciences naturelles, vivait en Allemagne depuis 1980. De 1981 \u00e0 2003, il a dirig\u00e9 le d\u00e9partement des mod\u00e8les math\u00e9matiques au centre de recherche de Karlsruhe. Traducteur et \u00e9diteur, il a publi\u00e9 plus de 100 ouvrages en estonien, en russe, en anglais et en allemand, et s\u2019est particuli\u00e8rement int\u00e9ress\u00e9 \u00e0 l\u2019histoire asiatique et aux technologies protohistoriques. En 1999, Gabowitsch a fond\u00e9 le Salon de l\u2019histoire de Karlsruhe et en 2002, avec Uwe Topper, le Salon de l\u2019histoire de Potsdam, tous deux organisant des conf\u00e9rences mensuelles. Sa connaissance du russe a fait de lui le principal lien entre les sc\u00e8nes allemande et russe et le diffuseur en Allemagne des th\u00e9ories de Morosov, Fomenko, etc. A partir de 2000, il a cr\u00e9\u00e9 un site Internet contenant un forum tr\u00e8s fr\u00e9quent\u00e9 et un certain nombre d\u2019articles de diff\u00e9rents auteurs. Il a publi\u00e9 plus de 100 article \u00e0 lui en estonien, russe, anglais et allemand, surtout sur des sujets de l&#8217;histoire d&#8217;Asie et les technologies de l&#8217;histoire ancienne.\u00a0 Il \u00e9tait aussi active comme traducteur et \u00e9diteur. Eugen Gabowitsch est d\u00e9c\u00e9d\u00e9 le 21 janvier 2009. <\/div>\r\n<\/div>\r\n<\/div><\/div>\r\n","protected":false},"excerpt":{"rendered":"","protected":false},"author":2,"featured_media":0,"parent":3367,"menu_order":0,"comment_status":"closed","ping_status":"closed","template":"","meta":{"footnotes":""},"class_list":["post-3397","page","type-page","status-publish","hentry"],"jetpack_sharing_enabled":true,"_links":{"self":[{"href":"https:\/\/chronologiekritik.de\/fr\/wp-json\/wp\/v2\/pages\/3397","targetHints":{"allow":["GET"]}}],"collection":[{"href":"https:\/\/chronologiekritik.de\/fr\/wp-json\/wp\/v2\/pages"}],"about":[{"href":"https:\/\/chronologiekritik.de\/fr\/wp-json\/wp\/v2\/types\/page"}],"author":[{"embeddable":true,"href":"https:\/\/chronologiekritik.de\/fr\/wp-json\/wp\/v2\/users\/2"}],"replies":[{"embeddable":true,"href":"https:\/\/chronologiekritik.de\/fr\/wp-json\/wp\/v2\/comments?post=3397"}],"version-history":[{"count":2,"href":"https:\/\/chronologiekritik.de\/fr\/wp-json\/wp\/v2\/pages\/3397\/revisions"}],"predecessor-version":[{"id":3399,"href":"https:\/\/chronologiekritik.de\/fr\/wp-json\/wp\/v2\/pages\/3397\/revisions\/3399"}],"up":[{"embeddable":true,"href":"https:\/\/chronologiekritik.de\/fr\/wp-json\/wp\/v2\/pages\/3367"}],"wp:attachment":[{"href":"https:\/\/chronologiekritik.de\/fr\/wp-json\/wp\/v2\/media?parent=3397"}],"curies":[{"name":"wp","href":"https:\/\/api.w.org\/{rel}","templated":true}]}}