{"id":3400,"date":"2024-01-05T11:09:47","date_gmt":"2024-01-05T10:09:47","guid":{"rendered":"https:\/\/chronologiekritik.de\/fr\/?page_id=3400"},"modified":"2024-02-05T14:10:41","modified_gmt":"2024-02-05T13:10:41","slug":"francois-de-sarre","status":"publish","type":"page","link":"https:\/\/chronologiekritik.de\/fr\/collaborateurs\/francois-de-sarre\/","title":{"rendered":"Fran\u00e7ois de Sarre"},"content":{"rendered":"\r\n<div class=\"wp-block-group alignfull has-background-background-color has-background\"><div class=\"wp-block-group__inner-container is-layout-flow wp-block-group-is-layout-flow\">\r\n<div class=\"wp-block-jetpack-layout-grid alignfull column1-desktop-grid__span-3 column1-desktop-grid__start-2 column1-desktop-grid__row-1 column2-desktop-grid__span-6 column2-desktop-grid__start-6 column2-desktop-grid__row-1 column1-tablet-grid__span-3 column1-tablet-grid__row-1 column2-tablet-grid__span-5 column2-tablet-grid__start-4 column2-tablet-grid__row-1 column1-mobile-grid__span-4 column1-mobile-grid__row-1 column2-mobile-grid__span-4 column2-mobile-grid__row-2\">\r\n<div class=\"wp-block-jetpack-layout-grid-column wp-block-jetpack-layout-grid__padding-none\">\r\n<figure class=\"wp-block-image size-large is-style-circle-mask is-style-rounded\"><img decoding=\"async\" class=\"wp-image-480\" src=\"https:\/\/chronologiekritik.de\/wp-content\/uploads\/2022\/09\/sarre-francois.png?w=185\" alt=\"\" \/><\/figure>\r\n\r\n\r\n\r\n<p class=\"has-text-align-center\" style=\"font-size: 18px;\">* Sarrebruck, 1947 Habite \u00e0: Nice<\/p>\r\n<\/div>\r\n\r\n\r\n\r\n<div class=\"wp-block-jetpack-layout-grid-column wp-block-jetpack-layout-grid__padding-none\">\r\n<h4 class=\"wp-block-heading\">Zoologiste<\/h4>\r\n\r\n\r\n\r\n\r\n Fran\u00e7ois de Sarre, n\u00e9 en 1947 \u00e0 Dudweiler, aujourd&#8217;hui un quartier de Sarrebruck, est zoologiste, sp\u00e9cialis\u00e9 dans l&#8217;ichtyologie et l&#8217;\u00e9volution des vert\u00e9br\u00e9s. Il a publi\u00e9 de nombreux articles sur l&#8217;ichtyofaune de la M\u00e9diterran\u00e9e. Depuis 1985, il travaille sur une th\u00e9orie peu connue du grand public sur l&#8217;origine bip\u00e8de des premiers Vert\u00e9br\u00e9s. En 1988, il a fond\u00e9 le C.E.R.B.I. (Centre d&#8217;Etudes et de Recherches sur la Bip\u00e9die Initiale) \u00e0 Nice, et a \u00e9dit\u00e9 jusqu&#8217;en 2010 la revue sp\u00e9cialis\u00e9e Bipedia (qui n&#8217;est plus accessible).<\/div>\r\n<div>\u00a0<\/div>\r\n<div class=\"wp-block-jetpack-layout-grid-column wp-block-jetpack-layout-grid__padding-none\">Dans les ann\u00e9es 1990, Fran\u00e7ois de Sarre est entr\u00e9 en contact avec Horst Friedrich, puis avec Heribert Illig et Uwe Topper. En 1995, il a \u00e9crit un article sur les voies de cheminement des animaux &#8211; et de l&#8217;homme &#8211; dans le secteur du D\u00e9troit de Gibraltar, avant son ouverture g\u00e9ologique d\u00e9finitive. En 1999, il a \u00e9crit un livre sur cette th\u00e9matique dans la s\u00e9rie Efodon-Dokumentation (&#8220;Als das Mittelmeer trocken war&#8221;). C&#8217;est sur la base de consid\u00e9rations g\u00e9ologiques et zoog\u00e9ographiques que Sarre d\u00e9veloppe son point de vue d&#8217;une formation r\u00e9cente du D\u00e9troit de Gibraltar. Des versions r\u00e9sum\u00e9es de cette \u00e9tude ont \u00e9t\u00e9 publi\u00e9es en 1995 (en fran\u00e7ais) dans la revue M\u00e9diterran\u00e9a, et en 2000 (en anglais) dans le magazine Migration &amp; Diffusion. En 2013, Sarre a publi\u00e9 aux \u00e9ditions Hades (Rouen, France) un livre sur le raccourcissement drastique du Moyen \u00c2ge, premier ouvrage de ce genre publi\u00e9 en fran\u00e7ais : &#8220;Mais o\u00f9 est donc pass\u00e9 le Moyen \u00c2ge ? &#8211; Le r\u00e9centisme&#8221;. <\/div>\r\n<\/div>\r\n\r\n\r\n\r\n<h4 class=\"wp-block-heading\">Livres et Articles<\/h4>\r\n\r\n\r\n\r\n<ul class=\"wp-block-list\">\r\n<li>1995:\u00a0<em><strong>L&#8217;isthme de Gibraltar: g\u00e9ologie, \u00e9changes fauniques et aspects culturels\u00a0<\/strong><\/em>(<em><strong>M\u00e9diterran\u00e9a N\u00ba 58<\/strong><\/em>, \u00e9dit\u00e9 par Jacques Touchet, Carcassonne)<\/li>\r\n<li>1999: <strong><a href=\"https:\/\/chronologiekritik.de\/fr\/2005\/05\/21\/mediterranee-sec\/\">Quand la M\u00e9diterran\u00e9e \u00e9tait \u00e0 sec<\/a>\u00a0<\/strong>[Efodon-Dokumentation (DO 40) publi\u00e9 par Gernot Geise. 126 pages]<\/li>\r\n<li>2000:\u00a0<em><strong>On a Landbridge in the Gibraltar Area in Protohistorical Times.\u00a0<\/strong><\/em>A Zoogeographical Study and its Implications for Human Settlement [<strong>Migration &amp; Diffusion<\/strong> 1\/3. Vienne]<\/li>\r\n<li>2013:\u00a0<strong>Mais o\u00f9 est donc pass\u00e9 le Moyen Age ?<\/strong>\u00a0Le r\u00e9centisme (Hades, Rouen)<\/li>\r\n<\/ul>\r\n\r\n\r\n<\/div><\/div>\r\n","protected":false},"excerpt":{"rendered":"<p>Livres et Articles 1995:\u00a0L&#8217;isthme de Gibraltar: g\u00e9ologie, \u00e9changes fauniques et aspects culturels\u00a0(M\u00e9diterran\u00e9a N\u00ba 58, \u00e9dit\u00e9 par Jacques Touchet, Carcassonne) 1999: Quand la M\u00e9diterran\u00e9e \u00e9tait \u00e0 sec\u00a0[Efodon-Dokumentation (DO 40) publi\u00e9 par Gernot Geise. 126 pages] 2000:\u00a0On a Landbridge in the Gibraltar Area in Protohistorical Times.\u00a0A Zoogeographical Study and its Implications for Human Settlement [Migration &amp; Diffusion 1\/3. Vienne] 2013:\u00a0Mais o\u00f9 est donc pass\u00e9 le Moyen Age ?\u00a0Le r\u00e9centisme (Hades, Rouen)<\/p>\n","protected":false},"author":2,"featured_media":0,"parent":3367,"menu_order":0,"comment_status":"closed","ping_status":"closed","template":"","meta":{"footnotes":""},"class_list":["post-3400","page","type-page","status-publish","hentry"],"jetpack_sharing_enabled":true,"_links":{"self":[{"href":"https:\/\/chronologiekritik.de\/fr\/wp-json\/wp\/v2\/pages\/3400","targetHints":{"allow":["GET"]}}],"collection":[{"href":"https:\/\/chronologiekritik.de\/fr\/wp-json\/wp\/v2\/pages"}],"about":[{"href":"https:\/\/chronologiekritik.de\/fr\/wp-json\/wp\/v2\/types\/page"}],"author":[{"embeddable":true,"href":"https:\/\/chronologiekritik.de\/fr\/wp-json\/wp\/v2\/users\/2"}],"replies":[{"embeddable":true,"href":"https:\/\/chronologiekritik.de\/fr\/wp-json\/wp\/v2\/comments?post=3400"}],"version-history":[{"count":7,"href":"https:\/\/chronologiekritik.de\/fr\/wp-json\/wp\/v2\/pages\/3400\/revisions"}],"predecessor-version":[{"id":3442,"href":"https:\/\/chronologiekritik.de\/fr\/wp-json\/wp\/v2\/pages\/3400\/revisions\/3442"}],"up":[{"embeddable":true,"href":"https:\/\/chronologiekritik.de\/fr\/wp-json\/wp\/v2\/pages\/3367"}],"wp:attachment":[{"href":"https:\/\/chronologiekritik.de\/fr\/wp-json\/wp\/v2\/media?parent=3400"}],"curies":[{"name":"wp","href":"https:\/\/api.w.org\/{rel}","templated":true}]}}