{"id":3404,"date":"2024-01-05T11:39:51","date_gmt":"2024-01-05T10:39:51","guid":{"rendered":"https:\/\/chronologiekritik.de\/fr\/?page_id=3404"},"modified":"2024-01-05T11:40:20","modified_gmt":"2024-01-05T10:40:20","slug":"gunnar-heinsohn","status":"publish","type":"page","link":"https:\/\/chronologiekritik.de\/fr\/collaborateurs\/gunnar-heinsohn\/","title":{"rendered":"Gunnar Heinsohn"},"content":{"rendered":"\r\n<div class=\"wp-block-group alignfull has-background-background-color has-background\"><div class=\"wp-block-group__inner-container is-layout-flow wp-block-group-is-layout-flow\">\r\n<div class=\"wp-block-jetpack-layout-grid alignfull column1-desktop-grid__span-3 column1-desktop-grid__start-2 column1-desktop-grid__row-1 column2-desktop-grid__span-6 column2-desktop-grid__start-6 column2-desktop-grid__row-1 column1-tablet-grid__span-3 column1-tablet-grid__row-1 column2-tablet-grid__span-5 column2-tablet-grid__start-4 column2-tablet-grid__row-1 column1-mobile-grid__span-4 column1-mobile-grid__row-1 column2-mobile-grid__span-4 column2-mobile-grid__row-2\">\r\n<div class=\"wp-block-jetpack-layout-grid-column wp-block-jetpack-layout-grid__padding-none\">\r\n<figure class=\"wp-block-image size-large is-style-circle-mask is-style-rounded\"><img decoding=\"async\" class=\"wp-image-470\" src=\"https:\/\/chronologiekritik.de\/wp-content\/uploads\/2022\/09\/heinsohn-gunnar.png?w=185\" alt=\"\" \/><\/figure>\r\n\r\n\r\n\r\n<p class=\"has-text-align-center\" style=\"font-size: 18px;\">* Gdynia, 1943\u00a0 |\u00a0 \u2020 Danzig, 2023<br \/>Vivait \u00e0 : Br\u00eame<\/p>\r\n<\/div>\r\n\r\n\r\n\r\n<div class=\"wp-block-jetpack-layout-grid-column wp-block-jetpack-layout-grid__padding-none\">\r\n<h4 class=\"wp-block-heading\">Sociologue<\/h4>\r\n\r\n\r\n Heinsohn a \u00e9tudi\u00e9 Philosophie, \u00c9conomie et Sociologie \u00e0 Berlin ; docteur depuis 1973, il enseignait depuis 1984 \u00e0 l\u2019universit\u00e9 de Br\u00eame. Il fut l\u2019un des premiers critiques allemands de la chronologie et cofonda en 1982, avec Ch. Marx, Ch. Bl\u00f6ss et H. Illig de la \u201cSoci\u00e9t\u00e9 pour la reconstruction de l\u2019histoire de l\u2019humanit\u00e9 et de la nature\u201d (GRMNG).<\/div>\r\n<div>\u00a0<\/div>\r\n<div class=\"wp-block-jetpack-layout-grid-column wp-block-jetpack-layout-grid__padding-none\">Le premier livre critique de Heinsohn sur la chronologie, <em>Les Sum\u00e9riens n\u2019existaient pas<\/em> (1988), a prouv\u00e9 avec des arguments concluants, surtout stratigraphiques, que l\u2019histoire de la M\u00e9sopotamie et de l\u2019Egypte a \u00e9t\u00e9 \u00e9tir\u00e9e de 2000 ans pour \u00e9tayer les donn\u00e9es bibliques. Par la suite, il a publi\u00e9 d\u2019autres ouvrages sur des sujets \u00e9gyptiens et m\u00e9di\u00e9vaux, sur la chasse aux sorci\u00e8res, etc. Il \u00e9tudie \u00e9galement l\u2019histoire des religions et le d\u00e9veloppement de l\u2019\u00e9conomie mon\u00e9taire.<\/div>\r\n<div>\u00a0<\/div>\r\n<div class=\"wp-block-jetpack-layout-grid-column wp-block-jetpack-layout-grid__padding-none\">Heinsohn a publi\u00e9 fr\u00e9quemment des articles dans la presse allemand, et aussi dans <em>Le Monde<\/em> fran\u00e7ais et dans les journaux americains\u00a0<em>The New York Times<\/em> et <em>The Wall Street Journal<\/em>. Il est mort le 16 F\u00e9vrier 2023 \u00e0 Danzig. \r\n\r\n<\/div>\r\n<\/div>\r\n\r\n\r\n\r\n<h4 class=\"wp-block-heading\">Livres<\/h4>\r\n\r\n\r\n\r\n<ul class=\"wp-block-list\">\r\n<li>1984: <em><strong>Privateigentum, Patriarchat, Geldwirtschaft, sozialtheoretische Rekonstruktion zur Antike<\/strong>.<\/em>\u00a0Suhrkamp, Frankfurt am Main.<\/li>\r\n<li>1985:\u00a0<em><strong>Die Vernichtung der weisen Frauen. <\/strong>Beitr\u00e4ge zur Theorie und Geschichte von Bev\u00f6lkerung und Kindheit.<\/em>\u00a0M\u00e4rz, Herbstein (mit Otto Steiger).<\/li>\r\n<li>1988: <em><strong>Was ist Antisemitismus? <\/strong>Der Ursprung von Monotheismus und Judenha\u00df.<\/em>\u00a0Eichborn, Frankfurt am Main.<\/li>\r\n<li>1988: <em><strong>Die Sumerer gab es nicht<\/strong>. Von den Phantom-Imperien der Lehrb\u00fccher zur wirklichen Epochenabfolge in der \u201eZivilisationswiege\u201c S\u00fcdmesopotamien.<\/em>\u00a0Eichborn, Frankfurt am Main.<\/li>\r\n<li>1990: <em><strong>Wann lebten die Pharaonen?<\/strong> Arch\u00e4ologische und technologische Grundlagen f\u00fcr eine Neuschreibung der Geschichte \u00c4gyptens und der \u00fcbrigen Welt.<\/em>\u00a0Eichborn, Frankfurt am Main (mit Heribert Illig).<\/li>\r\n<li>1991: <em><strong>Wie alt ist das Menschengeschlecht?<\/strong> Stratigraphische Grundlegung der Pal\u00e4oanthropologie und der Vorzeit.<\/em>\u00a0Mantis, Gr\u00e4felfing.<\/li>\r\n<li>1993: <em><strong>Wer herrschte im Industal?<\/strong> Die wiedergefundenen Imperien der Meder und Perser.<\/em>\u00a0Mantis, Gr\u00e4felfing.<\/li>\r\n<li>1995: <em><strong>Warum Auschwitz? <\/strong>Hitlers Plan und die Ratlosigkeit der Nachwelt.<\/em>\u00a0Rowohlt, Reinbek bei Hamburg.<\/li>\r\n<li>1996: <em><strong>Eigentum, Zins und Geld.<\/strong> Ungel\u00f6ste R\u00e4tsel der Wirtschaftswissenschaft.<\/em>\u00a0Rowohlt, Reinbek bei Hamburg.<\/li>\r\n<li>1997: <em><strong>Die Erschaffung der G\u00f6tter<\/strong>. Das Opfer als Ursprung der Religion.<\/em>\u00a0Rowohlt, Reinbek bei Hamburg.<\/li>\r\n<li>1998: <em><strong>Lexikon der V\u00f6lkermorde<\/strong>.<\/em>\u00a0Rowohlt, Reinbek bei Hamburg.<\/li>\r\n<li>2003: <em><strong>S\u00f6hne und Weltmacht<\/strong>. Terror im Aufstieg und Fall der Nationen.<\/em>\u00a0Orell F\u00fcssli, Z\u00fcrich.<\/li>\r\n<\/ul>\r\n<\/div><\/div>","protected":false},"excerpt":{"rendered":"<p>Livres 1984: Privateigentum, Patriarchat, Geldwirtschaft, sozialtheoretische Rekonstruktion zur Antike.\u00a0Suhrkamp, Frankfurt am Main. 1985:\u00a0Die Vernichtung der weisen Frauen. Beitr\u00e4ge zur Theorie und Geschichte von Bev\u00f6lkerung und Kindheit.\u00a0M\u00e4rz, Herbstein (mit Otto Steiger). 1988: Was ist Antisemitismus? Der Ursprung von Monotheismus und Judenha\u00df.\u00a0Eichborn, Frankfurt am Main. 1988: Die Sumerer gab es nicht. Von den Phantom-Imperien der Lehrb\u00fccher zur wirklichen Epochenabfolge in der \u201eZivilisationswiege\u201c S\u00fcdmesopotamien.\u00a0Eichborn, Frankfurt am Main. 1990: Wann lebten die Pharaonen? Arch\u00e4ologische und technologische Grundlagen f\u00fcr eine Neuschreibung der Geschichte \u00c4gyptens und der \u00fcbrigen Welt.\u00a0Eichborn, Frankfurt am Main (mit Heribert Illig). 1991: Wie alt ist das Menschengeschlecht? Stratigraphische Grundlegung der Pal\u00e4oanthropologie und der Vorzeit.\u00a0Mantis, Gr\u00e4felfing. 1993: Wer herrschte im Industal? Die wiedergefundenen Imperien der Meder und Perser.\u00a0Mantis, Gr\u00e4felfing. 1995: Warum Auschwitz? Hitlers Plan und die Ratlosigkeit der Nachwelt.\u00a0Rowohlt, Reinbek bei Hamburg. 1996: Eigentum, Zins und Geld. Ungel\u00f6ste R\u00e4tsel der Wirtschaftswissenschaft.\u00a0Rowohlt, Reinbek bei Hamburg. 1997: Die Erschaffung der G\u00f6tter. Das Opfer als Ursprung der Religion.\u00a0Rowohlt, Reinbek bei Hamburg. 1998: Lexikon der V\u00f6lkermorde.\u00a0Rowohlt, Reinbek bei Hamburg. 2003: S\u00f6hne und Weltmacht. Terror im Aufstieg und Fall der Nationen.\u00a0Orell F\u00fcssli, Z\u00fcrich.<\/p>\n","protected":false},"author":2,"featured_media":0,"parent":3367,"menu_order":0,"comment_status":"closed","ping_status":"closed","template":"","meta":{"footnotes":""},"class_list":["post-3404","page","type-page","status-publish","hentry"],"jetpack_sharing_enabled":true,"_links":{"self":[{"href":"https:\/\/chronologiekritik.de\/fr\/wp-json\/wp\/v2\/pages\/3404","targetHints":{"allow":["GET"]}}],"collection":[{"href":"https:\/\/chronologiekritik.de\/fr\/wp-json\/wp\/v2\/pages"}],"about":[{"href":"https:\/\/chronologiekritik.de\/fr\/wp-json\/wp\/v2\/types\/page"}],"author":[{"embeddable":true,"href":"https:\/\/chronologiekritik.de\/fr\/wp-json\/wp\/v2\/users\/2"}],"replies":[{"embeddable":true,"href":"https:\/\/chronologiekritik.de\/fr\/wp-json\/wp\/v2\/comments?post=3404"}],"version-history":[{"count":2,"href":"https:\/\/chronologiekritik.de\/fr\/wp-json\/wp\/v2\/pages\/3404\/revisions"}],"predecessor-version":[{"id":3406,"href":"https:\/\/chronologiekritik.de\/fr\/wp-json\/wp\/v2\/pages\/3404\/revisions\/3406"}],"up":[{"embeddable":true,"href":"https:\/\/chronologiekritik.de\/fr\/wp-json\/wp\/v2\/pages\/3367"}],"wp:attachment":[{"href":"https:\/\/chronologiekritik.de\/fr\/wp-json\/wp\/v2\/media?parent=3404"}],"curies":[{"name":"wp","href":"https:\/\/api.w.org\/{rel}","templated":true}]}}