{"id":3407,"date":"2024-01-05T11:48:36","date_gmt":"2024-01-05T10:48:36","guid":{"rendered":"https:\/\/chronologiekritik.de\/fr\/?page_id=3407"},"modified":"2024-01-05T11:49:33","modified_gmt":"2024-01-05T10:49:33","slug":"gunter-luling","status":"publish","type":"page","link":"https:\/\/chronologiekritik.de\/fr\/collaborateurs\/gunter-luling\/","title":{"rendered":"G\u00fcnter L\u00fcling"},"content":{"rendered":"\r\n<div class=\"wp-block-group alignfull has-background-background-color has-background\"><div class=\"wp-block-group__inner-container is-layout-flow wp-block-group-is-layout-flow\">\r\n<div class=\"wp-block-jetpack-layout-grid alignfull column1-desktop-grid__span-3 column1-desktop-grid__start-2 column1-desktop-grid__row-1 column2-desktop-grid__span-6 column2-desktop-grid__start-6 column2-desktop-grid__row-1 column1-tablet-grid__span-3 column1-tablet-grid__row-1 column2-tablet-grid__span-5 column2-tablet-grid__start-4 column2-tablet-grid__row-1 column1-mobile-grid__span-4 column1-mobile-grid__row-1 column2-mobile-grid__span-4 column2-mobile-grid__row-2\">\r\n<div class=\"wp-block-jetpack-layout-grid-column wp-block-jetpack-layout-grid__padding-none\">\r\n<figure class=\"wp-block-image size-large is-style-circle-mask is-style-rounded\"><img decoding=\"async\" class=\"wp-image-478\" src=\"https:\/\/chronologiekritik.de\/wp-content\/uploads\/2022\/11\/luling.jpg?w=185\" alt=\"\" \/><\/figure>\r\n\r\n\r\n\r\n<p class=\"has-text-align-center\" style=\"font-size: 18px;\">* Warna [Bulgarie], 1928 | \u2020 Erlangen, 2014 <br \/>Vivait \u00e0: Erlangen (Allemagne)<\/p>\r\n<\/div>\r\n\r\n\r\n\r\n<div class=\"wp-block-jetpack-layout-grid-column wp-block-jetpack-layout-grid__padding-none\">\r\n<h4 class=\"wp-block-heading\">Arabisant<\/h4>\r\n\r\n\r\n Dr. G\u00fcnter L\u00fcling est n\u00e9 comme le plus jeune fils (il avait quatre fr\u00e8res et s\u0153urs) d&#8217;un missionnaire protestant dans le Proche-Orient. La famille retourna en Allemagne en 1936; Au cours de 1942-1943, G\u00fcnter, puis 14 ans, faisait face \u00e0 un proc\u00e8s pour son refus de diriger un groupe des Jeunesses hitl\u00e9riennes, qui se termina anodin. De Janvier 1944 jusqu&#8217;\u00e0 la fin de la Seconde Guerre mondiale, il servit comme soldat et est fait prisonnier, finalement \u00e9chapp\u00e9.<\/div>\r\n<div>\u00a0<\/div>\r\n<div class=\"wp-block-jetpack-layout-grid-column wp-block-jetpack-layout-grid__padding-none\">Apr\u00e8s un apprentissage comme ma\u00e7on en Allemagne occidentale entre 1947 et 1949, il pouvait terminer l&#8217;\u00e9cole secondaire et \u00e0 partir de 1950 des \u00e9tudes de th\u00e9ologie protestante, latin, grec et philologie allemande, afin de se sp\u00e9cialiser sur l&#8217;Ancien Testament apprenant l&#8217;arabe et l&#8217;aram\u00e9en. Il a atteint son dipl\u00f4me de th\u00e9ologie \u00e0 G\u00f6ttingen en 1954 avec un r\u00e9sultat excellent.<\/div>\r\n<div>\u00a0<\/div>\r\n<div class=\"wp-block-jetpack-layout-grid-column wp-block-jetpack-layout-grid__padding-none\">Comme L\u00fcling avait d\u00e9j\u00e0 rendu public sa critique de la Trinit\u00e9, en suivant Albert Schweitzer et Martin Werner, il eut peu de chances de choisir un travail dans l&#8217;\u00c9glise ou pour atteindre un plus haut degr\u00e9 en th\u00e9ologie. Donc il \u00e9tudiait une fois de plus, cette fois Sciences politiques, Sociologie et l&#8217;Islam, et pris son dipl\u00f4me en 1957. Une fois de plus, des raisons id\u00e9ologiques obstruaient sa carri\u00e8re. En 1960, il \u00e9pousait Hannelore, qui l&#8217;accompagnait d\u00e9sormais comme coll\u00e8gue.<\/div>\r\n<div>\u00a0<\/div>\r\n<div class=\"wp-block-jetpack-layout-grid-column wp-block-jetpack-layout-grid__padding-none\">De 1962 \u00e0 1965 L\u00fcling travaillait comme directeur du Goethe-Institut \u00e0 Alep (Syrie). C\u2018est l\u00e0 o\u00f9 il appris la langue arabe moderne, une connaissance qui plus tard fut important pour ses \u00e9tudes du Coran originaire. Plus tard, il travaillait \u00e0 l&#8217;Universit\u00e9 allemande \u00e0 Erlangen et finalement offert une th\u00e8se sur l&#8217;interpr\u00e9tation des sourates du Coran \u00e0 partir de certains anciens hymns chr\u00e9tiens. Bien que cette recherche fut accord\u00e9 la plus haute qualification possible, il fut renvoy\u00e9 de l&#8217;universit\u00e9 en 1972. Une version \u00e9tendue fut refus\u00e9 en 1974. Finalement L\u00fcling publiait sa th\u00e8se comme livre par ses propres moyens. Apr\u00e8s six ans de proc\u00e8s, son licenciement de l&#8217;universit\u00e9 fut confirm\u00e9 par la Cour en d\u00e9pit des opinions positives de scientifiques \u00e9trangers.<\/div>\r\n<div>\u00a0<\/div>\r\n<div class=\"wp-block-jetpack-layout-grid-column wp-block-jetpack-layout-grid__padding-none\">L\u00fcling travaillait tout au long des 13 prochaines ann\u00e9es avec un revenu tr\u00e8s limit\u00e9 et pris sa retraite en 1991. Son livre sur le Coran originair n&#8217;a jamais \u00e9t\u00e9 accept\u00e9 pour impression en Allemagne. Bien que nombreuses fois discut\u00e9 dans d&#8217;autres pays, en Allemagne personne n&#8217;ose prendre une position publique \u00e0 ce sujet, ni tente de r\u00e9futer de mani\u00e8re scientifique la vision de L\u00fcling \u00abque parties essentielles du Coran sont beaucoup plus anciens que le Proph\u00e8te\u00bb. Enfin, il a r\u00e9ussi \u00e0 publier la version anglaise en Inde, de 2003, deuxi\u00e8me \u00e9dition 2011.<\/div>\r\n<div>\u00a0<\/div>\r\n<div class=\"wp-block-jetpack-layout-grid-column wp-block-jetpack-layout-grid__padding-none\">Depuis 1982 L\u00fcling est revenue \u00e0 des sujets li\u00e9s \u00e0 l&#8217;Ancien Testament et l&#8217;histoire ancienne. Il s&#8217;est mis \u00e0 \u00e9crire une \u00abHistoire ancienne des H\u00e9breux\u00bb qu&#8217;il voulait\u00a0 \u00ablib\u00e9ral-th\u00e9ologique\u00bb et \u00abcritique\u00bb en proposant les bases d&#8217;une conciliation \u00e0 long terme entre juifs, chr\u00e9tiens et musulmans. Certaines parties de cet ample travail ont d\u00e9j\u00e0 \u00e9t\u00e9 publi\u00e9s dans de petits bulletins.<\/div>\r\n<div>\u00a0<\/div>\r\n<div class=\"wp-block-jetpack-layout-grid-column wp-block-jetpack-layout-grid__padding-none\">G\u00fcnter L\u00fcling est mort le 10 septembre 2014. \r\n\r\n \u00a0 <\/div>\r\n<\/div>\r\n\r\n\r\n\r\n<h4 class=\"wp-block-heading\">Livres<\/h4>\r\n\r\n\r\n\r\n<ul class=\"wp-block-list\">\r\n<li>1974:\u00a0<em><strong>\u00dcber den Ur-Qur&#8217;an.\u00a0<\/strong><\/em>(\u00c9dition personelle. 2. ed. 1993. Erlangen). Traduit en anglais: &#8220;<em>A Challenge to Islam for Reformation<\/em>&#8220;, 2003: Motilal Banarsidas Publ., Delhi, Inde<\/li>\r\n<li>1981:\u00a0<strong><em><strong>Die Wiederentdeckung des Propheten Mohammed<\/strong><\/em><\/strong><\/li>\r\n<li>1982:\u00a0<em><strong>Das Passahlamm und die Altarabische Mutter der Blutrache, die Hy\u00e4ne.\u00a0<\/strong><\/em>[ZRGG 34 130-147.]<\/li>\r\n<li>1984:\u00a0<em><strong>Archaische W\u00f6rter und Sachen im Wallfahrtswesen am Zionsberg.<\/strong><\/em>[Dielheimer Bl\u00e4tter z. AT (DBAT) 20 (1984), 52-59]1982<\/li>\r\n<li>1985:\u00a0<strong><em><strong>Sprache und archaisches Denken.<\/strong><\/em><\/strong>\u00a0Neun Aufs\u00e4tze zur Geistes- und Religionsgeschichte (Erlangen)<\/li>\r\n<li>1992:\u00a0<em><strong>Der christliche Kult an der vorislamischen Kaaba<\/strong><\/em>((Erlangen)<\/li>\r\n<li>1995:\u00a0<strong>Semitisch &#8220;Repha&#8217;im&#8221; und &#8220;Teraph\u00eem&#8221; sowie griechisch &#8220;Orpheus&#8221;<\/strong>\u00a0<em>Zeitenspr\u00fcnge<\/em>\u00a01-95, 31-35. (Gr\u00e4felfing)<\/li>\r\n<li>1995:\u00a0<strong><em>Europ\u00e4ische Investitur und archaisches semitisches Maskenwesen<\/em><\/strong>\u00a0<em>Zeitenspr\u00fcnge<\/em>\u00a04-95, 432-449 (Gr\u00e4felfing)<\/li>\r\n<li>1999:\u00a0<em><strong>Das Blutrecht (die Blutrache) der archaisch-mythischen Stammesgesellschaft.<\/strong><\/em>\u00a0Zum schriftkulturellen Staatsrecht\u00a0<em>Zeitenspr\u00fcnge<\/em>\u00a02-99, 217-227 (Gr\u00e4felfing)<\/li>\r\n<li>2000:\u00a0<strong><em>Das Problem Hebr\u00e4er<\/em><\/strong>\u00a0<em>Zeitenspr\u00fcnge<\/em>\u00a02-00, 180-193. (Gr\u00e4felfing)<\/li>\r\n<\/ul>\r\n\r\n\r\n \u00a0 <\/div><\/div>","protected":false},"excerpt":{"rendered":"<p>Livres 1974:\u00a0\u00dcber den Ur-Qur&#8217;an.\u00a0(\u00c9dition personelle. 2. ed. 1993. Erlangen). Traduit en anglais: &#8220;A Challenge to Islam for Reformation&#8220;, 2003: Motilal Banarsidas Publ., Delhi, Inde 1981:\u00a0Die Wiederentdeckung des Propheten Mohammed 1982:\u00a0Das Passahlamm und die Altarabische Mutter der Blutrache, die Hy\u00e4ne.\u00a0[ZRGG 34 130-147.] 1984:\u00a0Archaische W\u00f6rter und Sachen im Wallfahrtswesen am Zionsberg.[Dielheimer Bl\u00e4tter z. AT (DBAT) 20 (1984), 52-59]1982 1985:\u00a0Sprache und archaisches Denken.\u00a0Neun Aufs\u00e4tze zur Geistes- und Religionsgeschichte (Erlangen) 1992:\u00a0Der christliche Kult an der vorislamischen Kaaba((Erlangen) 1995:\u00a0Semitisch &#8220;Repha&#8217;im&#8221; und &#8220;Teraph\u00eem&#8221; sowie griechisch &#8220;Orpheus&#8221;\u00a0Zeitenspr\u00fcnge\u00a01-95, 31-35. (Gr\u00e4felfing) 1995:\u00a0Europ\u00e4ische Investitur und archaisches semitisches Maskenwesen\u00a0Zeitenspr\u00fcnge\u00a04-95, 432-449 (Gr\u00e4felfing) 1999:\u00a0Das Blutrecht (die Blutrache) der archaisch-mythischen Stammesgesellschaft.\u00a0Zum schriftkulturellen Staatsrecht\u00a0Zeitenspr\u00fcnge\u00a02-99, 217-227 (Gr\u00e4felfing) 2000:\u00a0Das Problem Hebr\u00e4er\u00a0Zeitenspr\u00fcnge\u00a02-00, 180-193. (Gr\u00e4felfing) \u00a0<\/p>\n","protected":false},"author":2,"featured_media":0,"parent":3367,"menu_order":0,"comment_status":"closed","ping_status":"closed","template":"","meta":{"footnotes":""},"class_list":["post-3407","page","type-page","status-publish","hentry"],"jetpack_sharing_enabled":true,"_links":{"self":[{"href":"https:\/\/chronologiekritik.de\/fr\/wp-json\/wp\/v2\/pages\/3407","targetHints":{"allow":["GET"]}}],"collection":[{"href":"https:\/\/chronologiekritik.de\/fr\/wp-json\/wp\/v2\/pages"}],"about":[{"href":"https:\/\/chronologiekritik.de\/fr\/wp-json\/wp\/v2\/types\/page"}],"author":[{"embeddable":true,"href":"https:\/\/chronologiekritik.de\/fr\/wp-json\/wp\/v2\/users\/2"}],"replies":[{"embeddable":true,"href":"https:\/\/chronologiekritik.de\/fr\/wp-json\/wp\/v2\/comments?post=3407"}],"version-history":[{"count":2,"href":"https:\/\/chronologiekritik.de\/fr\/wp-json\/wp\/v2\/pages\/3407\/revisions"}],"predecessor-version":[{"id":3409,"href":"https:\/\/chronologiekritik.de\/fr\/wp-json\/wp\/v2\/pages\/3407\/revisions\/3409"}],"up":[{"embeddable":true,"href":"https:\/\/chronologiekritik.de\/fr\/wp-json\/wp\/v2\/pages\/3367"}],"wp:attachment":[{"href":"https:\/\/chronologiekritik.de\/fr\/wp-json\/wp\/v2\/media?parent=3407"}],"curies":[{"name":"wp","href":"https:\/\/api.w.org\/{rel}","templated":true}]}}