{"id":3410,"date":"2024-01-05T12:18:14","date_gmt":"2024-01-05T11:18:14","guid":{"rendered":"https:\/\/chronologiekritik.de\/fr\/?page_id=3410"},"modified":"2024-01-05T12:18:14","modified_gmt":"2024-01-05T11:18:14","slug":"andreas-tschurilow","status":"publish","type":"page","link":"https:\/\/chronologiekritik.de\/fr\/collaborateurs\/andreas-tschurilow\/","title":{"rendered":"Andreas Tschurilow"},"content":{"rendered":"\r\n<div class=\"wp-block-group alignfull has-background-background-color has-background\"><div class=\"wp-block-group__inner-container is-layout-flow wp-block-group-is-layout-flow\">\r\n\r\n\r\n<div class=\"wp-block-jetpack-layout-grid alignfull column1-desktop-grid__span-3 column1-desktop-grid__start-2 column1-desktop-grid__row-1 column2-desktop-grid__span-6 column2-desktop-grid__start-6 column2-desktop-grid__row-1 column1-tablet-grid__span-3 column1-tablet-grid__row-1 column2-tablet-grid__span-5 column2-tablet-grid__start-4 column2-tablet-grid__row-1 column1-mobile-grid__span-4 column1-mobile-grid__row-1 column2-mobile-grid__span-4 column2-mobile-grid__row-2\">\r\n\r\n\r\n<div class=\"wp-block-jetpack-layout-grid-column wp-block-jetpack-layout-grid__padding-none\">\r\n\r\n\r\n<figure class=\"wp-block-image size-large is-style-circle-mask is-style-rounded\"><img decoding=\"async\" class=\"wp-image-508\" src=\"https:\/\/chronologiekritik.de\/wp-content\/uploads\/2022\/09\/tschurilow-andreas.png?w=185\" alt=\"\" \/><\/figure>\r\n\r\n\r\n\r\n<p class=\"has-text-align-center\" style=\"font-size: 18px;\">* Astana (Kazakhstan), 1962 |\r\n\u2020 Bavi\u00e8re, 2013\r\nVivait \u00e0: Deggendorf (Allemagne)<\/p>\r\n\r\n\r\n<\/div>\r\n\r\n\r\n\r\n<div class=\"wp-block-jetpack-layout-grid-column wp-block-jetpack-layout-grid__padding-none\">\r\n\r\n\r\n<h4 class=\"wp-block-heading\">Ing\u00e9nieur<\/h4>\r\n\r\n\r\n\r\n\r\nAndreas Tschurilow, n\u00e9 \u00e0 Astana (Kazakhstan), \u00e9tait un ing\u00e9nieur diplom\u00e9 et habitait \u00e0 Deggendorf en Bavi\u00e8re, Allemagne. Depuis 2008 il explorait les ruines de Pompeii ou il decouvrit des d\u00e9tails extraordinaires: un canal construit environ l&#8217;ann\u00e9e 1600&#8230; mais sous le sediment de cendres volcaniques, et d&#8217;ailleurs une inscription dat\u00e9 sur l&#8217;ann\u00e9e 1645 mentionnant Pompeii parmi les villes d\u00e9truites pour l&#8217;\u00e9ruption du Vesuv qui avait eu lieu 14 ans auparavant. Sa conclusion est que Pompeii fut un ville r\u00e9nacentiste d\u00e9truite par l&#8217;\u00e9ruption de 1631. Il a publi\u00e9 ses recherches dans un livre et un article bien detaill\u00e9e (disponible en allemand, anglais et russe).\r\n\r\n\r\n\r\n\r\n\r\nAndreas Tschurilow est mort le 22 Octobre 2013.\r\n\r\n\r\n\r\n<\/div>\r\n\r\n\r\n<\/div>\r\n\r\n\r\n\r\n<h4 class=\"wp-block-heading\">Livres<\/h4>\r\n\r\n\r\n\r\n<ul class=\"wp-block-list\">\r\n \t<li>2009: <strong><em>Features of the Domenico Fontana&#8217;s Water Conduit (the Canal of Count Sarno) and the Date of Pompeii Destruction<\/em><\/strong>. GRIN Verlag<\/li>\r\n \t<li>2010: <strong><em>Die Besonderheiten der Wasserleitung von Domenico Fontana (Sarnokanal) und das Datum des Untergangs von Pompeji<\/em><\/strong>. GRIN Verlag<\/li>\r\n \t<li>2011: <strong><em>Pas le dernier jour de Pompeii<\/em><\/strong>. Moscou, Bookstream (en russe).<\/li>\r\n<\/ul>\r\n\r\n\r\n<\/div><\/div>\r\n","protected":false},"excerpt":{"rendered":"<p>Livres 2009: Features of the Domenico Fontana&#8217;s Water Conduit (the Canal of Count Sarno) and the Date of Pompeii Destruction. GRIN Verlag 2010: Die Besonderheiten der Wasserleitung von Domenico Fontana (Sarnokanal) und das Datum des Untergangs von Pompeji. GRIN Verlag 2011: Pas le dernier jour de Pompeii. Moscou, Bookstream (en russe).<\/p>\n","protected":false},"author":2,"featured_media":0,"parent":3367,"menu_order":0,"comment_status":"closed","ping_status":"closed","template":"","meta":{"footnotes":""},"class_list":["post-3410","page","type-page","status-publish","hentry"],"jetpack_sharing_enabled":true,"_links":{"self":[{"href":"https:\/\/chronologiekritik.de\/fr\/wp-json\/wp\/v2\/pages\/3410","targetHints":{"allow":["GET"]}}],"collection":[{"href":"https:\/\/chronologiekritik.de\/fr\/wp-json\/wp\/v2\/pages"}],"about":[{"href":"https:\/\/chronologiekritik.de\/fr\/wp-json\/wp\/v2\/types\/page"}],"author":[{"embeddable":true,"href":"https:\/\/chronologiekritik.de\/fr\/wp-json\/wp\/v2\/users\/2"}],"replies":[{"embeddable":true,"href":"https:\/\/chronologiekritik.de\/fr\/wp-json\/wp\/v2\/comments?post=3410"}],"version-history":[{"count":1,"href":"https:\/\/chronologiekritik.de\/fr\/wp-json\/wp\/v2\/pages\/3410\/revisions"}],"predecessor-version":[{"id":3411,"href":"https:\/\/chronologiekritik.de\/fr\/wp-json\/wp\/v2\/pages\/3410\/revisions\/3411"}],"up":[{"embeddable":true,"href":"https:\/\/chronologiekritik.de\/fr\/wp-json\/wp\/v2\/pages\/3367"}],"wp:attachment":[{"href":"https:\/\/chronologiekritik.de\/fr\/wp-json\/wp\/v2\/media?parent=3410"}],"curies":[{"name":"wp","href":"https:\/\/api.w.org\/{rel}","templated":true}]}}