{"id":3412,"date":"2024-01-05T12:26:43","date_gmt":"2024-01-05T11:26:43","guid":{"rendered":"https:\/\/chronologiekritik.de\/fr\/?page_id=3412"},"modified":"2024-01-05T12:28:41","modified_gmt":"2024-01-05T11:28:41","slug":"walter-haug","status":"publish","type":"page","link":"https:\/\/chronologiekritik.de\/fr\/collaborateurs\/walter-haug\/","title":{"rendered":"Walter Haug"},"content":{"rendered":"\r\n<div class=\"wp-block-group alignfull has-background-background-color has-background\"><div class=\"wp-block-group__inner-container is-layout-flow wp-block-group-is-layout-flow\">\r\n<div class=\"wp-block-jetpack-layout-grid alignfull column1-desktop-grid__span-3 column1-desktop-grid__start-2 column1-desktop-grid__row-1 column2-desktop-grid__span-6 column2-desktop-grid__start-6 column2-desktop-grid__row-1 column1-tablet-grid__span-3 column1-tablet-grid__row-1 column2-tablet-grid__span-5 column2-tablet-grid__start-4 column2-tablet-grid__row-1 column1-mobile-grid__span-4 column1-mobile-grid__row-1 column2-mobile-grid__span-4 column2-mobile-grid__row-2\">\r\n<div class=\"wp-block-jetpack-layout-grid-column wp-block-jetpack-layout-grid__padding-none\">\r\n<figure class=\"wp-block-image size-large is-style-circle-mask is-style-rounded\"><img decoding=\"async\" class=\"wp-image-506\" src=\"https:\/\/chronologiekritik.de\/wp-content\/uploads\/2022\/09\/haug-walter.png?w=185\" alt=\"\" \/><\/figure>\r\n\r\n\r\n\r\n<p class=\"has-text-align-center\" style=\"font-size: 18px;\">* 1954 | \u2020 Walzbachtal, 2022<br \/>Vivait \u00e0: Kraichgau (Allemagne)<\/p>\r\n<\/div>\r\n\r\n\r\n\r\n<div class=\"wp-block-jetpack-layout-grid-column wp-block-jetpack-layout-grid__padding-none\">\r\n<h4 class=\"wp-block-heading\">Professeur<\/h4>\r\n\r\n\r\nK. Walter Haug, professeur d\u2019art et de langue allemande, actif comme journaliste, auteur et conf\u00e9rencier, s\u2019int\u00e9resse depuis les ann\u00e9es 1980 \u00e0 l\u2019arch\u00e9oastronomie, aux ley-lines, \u00e0 la culture m\u00e9galithique en Europe et au probl\u00e8me de la chronologie. Depuis 1990, il \u00e9tudie les cairns dans le Kraichgau et le Zaberg\u00e4u, ainsi que les pyramides \u00e0 degr\u00e9s dans la r\u00e9gion du Mittelgebirge allemand. Il s&#8217;est int\u00e9ress\u00e9 aussi \u00e0 l&#8217;histoire celtique, asiatique et nord-africaine, et les th\u00e9ories des catastrophes historiques.<\/div>\r\n<div>\u00a0<\/div>\r\n<div class=\"wp-block-jetpack-layout-grid-column wp-block-jetpack-layout-grid__padding-none\">Depuis 2006, Haug participe au sondage de chambres fun\u00e9raires, en collaboration avec l\u2019Institut de g\u00e9ophysique de l\u2019Universit\u00e9 de Karlsruhe pour des mesures g\u00e9o\u00e9lectriques, et soutient des d\u00e9tections priv\u00e9es de rayons gamma sur le cairn de B\u00e4renstein de Horn\/Westphalie. Il a publi\u00e9 nombreux articles sur des monuments m\u00e9galitiques dans les journaux Zeitschrift f\u00fcr Kosmosophie, Magazin f\u00fcr Grenzwissenschaften, Efodon, Synesis et CELTICA.<\/div>\r\n<div>\u00a0<\/div>\r\n<div class=\"wp-block-jetpack-layout-grid-column wp-block-jetpack-layout-grid__padding-none\">Walter Haug est mort en juin 2022. \r\n\r\n\r\n\r\n<\/div>\r\n<\/div>\r\n\r\n\r\n\r\n<h4 class=\"wp-block-heading\">Livres<\/h4>\r\n\r\n\r\n\r\n<ul class=\"wp-block-list\">\r\n<li>2002:\u00a0<strong><em>A Sensational Discovery<\/em><\/strong><em>: Megalithic Cairns and Stone Chambers of Southern Germany<\/em>. Migration &amp; Diffusion &#8211; an international journal, Vol 3, No. 9, January-March 2002, (Odyssee-Verlag Vienne)<\/li>\r\n<li>2003:<strong>\u00a0<em>Die Entdeckung deutscher Pyramiden<\/em><\/strong><em>\u00a0&#8211; Sensationelle Megalith-Ruinen einer versunkenen Hochkultur im Mittelgebirge &#8211; ein arch\u00e4ologischer Reisef\u00fchrer.<\/em> (Cernunnos Verlag)<\/li>\r\n<\/ul>\r\n\r\n\r\n \u00a0 <\/div><\/div>\r\n","protected":false},"excerpt":{"rendered":"<p>Livres 2002:\u00a0A Sensational Discovery: Megalithic Cairns and Stone Chambers of Southern Germany. Migration &amp; Diffusion &#8211; an international journal, Vol 3, No. 9, January-March 2002, (Odyssee-Verlag Vienne) 2003:\u00a0Die Entdeckung deutscher Pyramiden\u00a0&#8211; Sensationelle Megalith-Ruinen einer versunkenen Hochkultur im Mittelgebirge &#8211; ein arch\u00e4ologischer Reisef\u00fchrer. (Cernunnos Verlag) \u00a0<\/p>\n","protected":false},"author":2,"featured_media":0,"parent":3367,"menu_order":0,"comment_status":"closed","ping_status":"closed","template":"","meta":{"footnotes":""},"class_list":["post-3412","page","type-page","status-publish","hentry"],"jetpack_sharing_enabled":true,"_links":{"self":[{"href":"https:\/\/chronologiekritik.de\/fr\/wp-json\/wp\/v2\/pages\/3412","targetHints":{"allow":["GET"]}}],"collection":[{"href":"https:\/\/chronologiekritik.de\/fr\/wp-json\/wp\/v2\/pages"}],"about":[{"href":"https:\/\/chronologiekritik.de\/fr\/wp-json\/wp\/v2\/types\/page"}],"author":[{"embeddable":true,"href":"https:\/\/chronologiekritik.de\/fr\/wp-json\/wp\/v2\/users\/2"}],"replies":[{"embeddable":true,"href":"https:\/\/chronologiekritik.de\/fr\/wp-json\/wp\/v2\/comments?post=3412"}],"version-history":[{"count":2,"href":"https:\/\/chronologiekritik.de\/fr\/wp-json\/wp\/v2\/pages\/3412\/revisions"}],"predecessor-version":[{"id":3416,"href":"https:\/\/chronologiekritik.de\/fr\/wp-json\/wp\/v2\/pages\/3412\/revisions\/3416"}],"up":[{"embeddable":true,"href":"https:\/\/chronologiekritik.de\/fr\/wp-json\/wp\/v2\/pages\/3367"}],"wp:attachment":[{"href":"https:\/\/chronologiekritik.de\/fr\/wp-json\/wp\/v2\/media?parent=3412"}],"curies":[{"name":"wp","href":"https:\/\/api.w.org\/{rel}","templated":true}]}}