{"id":3417,"date":"2024-01-05T12:36:53","date_gmt":"2024-01-05T11:36:53","guid":{"rendered":"https:\/\/chronologiekritik.de\/fr\/?page_id=3417"},"modified":"2024-01-06T17:46:03","modified_gmt":"2024-01-06T16:46:03","slug":"rainer-schmidt","status":"publish","type":"page","link":"https:\/\/chronologiekritik.de\/fr\/collaborateurs\/rainer-schmidt\/","title":{"rendered":"Rainer Schmidt"},"content":{"rendered":"\r\n<div class=\"wp-block-group alignfull has-background-background-color has-background\">\r\n<div class=\"wp-block-jetpack-layout-grid alignfull column1-desktop-grid__span-3 column1-desktop-grid__start-2 column1-desktop-grid__row-1 column2-desktop-grid__span-6 column2-desktop-grid__start-6 column2-desktop-grid__row-1 column1-tablet-grid__span-3 column1-tablet-grid__row-1 column2-tablet-grid__span-5 column2-tablet-grid__start-4 column2-tablet-grid__row-1 column1-mobile-grid__span-4 column1-mobile-grid__row-1 column2-mobile-grid__span-4 column2-mobile-grid__row-2\">\r\n<div class=\"wp-block-jetpack-layout-grid-column wp-block-jetpack-layout-grid__padding-none\">\r\n<figure class=\"wp-block-image size-large is-style-circle-mask is-style-rounded\"><img decoding=\"async\" class=\"wp-image-507\" src=\"https:\/\/chronologiekritik.de\/wp-content\/uploads\/2022\/09\/schmidt-rainer.png?w=185\" alt=\"\" \/><\/figure>\r\n<p class=\"has-text-align-center\" style=\"font-size: 18px;\">* Gelsenkirchen, 1952 <br \/>Habite \u00e0: Marl (Allemagne)<\/p>\r\n<div class=\"wp-block-jetpack-layout-grid-column wp-block-jetpack-layout-grid__padding-none\">\r\n<h4>P\u00e9dagogue<\/h4>\r\nSchmidt a \u00e9tudi\u00e9 la philosophie, la psychologie, la sociologie et les sciences de l\u2019\u00e9ducation \u00e0 D\u00fcsseldorf et Marburg et est dipl\u00f4m\u00e9 en p\u00e9dagogie. \u00a0 Apr\u00e8s ses \u00e9tudes, il a travaill\u00e9 pendant quelques ann\u00e9es comme conseiller p\u00e9dagogique au ch\u00e2teau de Ludwigstein dans la Hesse, en \u00e9troite et fructueuse collaboration avec les archives du mouvement de jeunesse allemand qui y sont install\u00e9es, et a occup\u00e9 des postes d\u2019enseignant dans les universit\u00e9s de Marburg et de Hambourg. Apr\u00e8s une formation de programmeur et un interm\u00e8de de plusieurs ann\u00e9es en tant que directeur commercial d\u2019une entreprise de logiciels, il a fond\u00e9 en 1993 un centre de soutien pour enfants et adolescents, dont il a quitt\u00e9 la direction en 2018 apr\u00e8s 25 ans de service.<\/div>\r\n<div>\u00a0<\/div>\r\n<div class=\"wp-block-jetpack-layout-grid-column wp-block-jetpack-layout-grid__padding-none\">Ce n\u2019est qu\u2019une fois \u00e0 la retraite, qu\u2019il a choisie, qu\u2019il a pu se consacrer davantage \u00e0 des th\u00e8mes historiques qu\u2019il avait suivis de mani\u00e8re plut\u00f4t sporadique depuis la fin des ann\u00e9es 1990. Au printemps 2021, l\u2019\u00e9dition traduite et comment\u00e9e du latin de Jean Hardouin <a href=\"https:\/\/books.google.de\/books?id=GnMvEAAAQBAJ&amp;printsec=frontcover&amp;hl=fr#v=onepage&amp;q&amp;f=false\">Prolegomena zu einer Kritik der antiken Schriften<\/a> a \u00e9t\u00e9 publi\u00e9e, suivie d\u2019articles, entre autres, sur l\u2019histoire de l\u2019Antiquit\u00e9, notamment sur <a href=\"https:\/\/www.academia.edu\/78399927\/Nachlese_zu_Robert_Baldauf\">Robert Baldauf<\/a>\u00a0et\u00a0<a href=\"http:\/\/a%20scathing%20reckoning%20with%20newton's%20revision%20of%20chronology\/\">R\u00e9vision de la chronologie d\u2019Isaac Newton<\/a>.<\/div>\r\n<div>\u00a0<\/div>\r\n<div class=\"wp-block-jetpack-layout-grid-column wp-block-jetpack-layout-grid__padding-none\">Schmidt publie irr\u00e9guli\u00e8rement des \u201cparerga et paralipomena\u201d de ses int\u00e9r\u00eats diversifi\u00e9s sur son site\u00a0<a href=\"https:\/\/occammeetspooh.de\/\">occammeetspooh.de<\/a>.<\/div>\r\n<\/div>\r\n\r\n\r\n\r\n<h4 class=\"wp-block-heading\">Livres r\u00e9cents<\/h4>\r\n<ul>\r\n<li><em>Jean Hardouin: Prolegomena zu einer Kritik der antiken Schriften<\/em> (traduit du latin, avec une introduction et des commentaire par Rainer Schmidt), Norderstedt 2021 (304 S., maintenant 4. \u00e9d.\u00a0 <a href=\"https:\/\/books.google.de\/books?id=GnMvEAAAQBAJ&amp;printsec=frontcover&amp;hl=de#v=onepage&amp;q&amp;f=false\" target=\"_blank\" rel=\"noopener\">accesible sur Google Books)<\/a><\/li>\r\n<li><em>Nachlese zu Robert Baldauf<\/em>\u00a0<a class=\"js-work-strip-work-link text-gray-darker\" href=\"https:\/\/www.academia.edu\/78399927\/Nachlese_zu_Robert_Baldauf\">(T\u00e9l\u00e9charger PDF \u00e0 academia.edu)<\/a> (2021)<\/li>\r\n<li>A Scathing Reckoning with Newton\u2019s Revision of Chronology (<a href=\"https:\/\/chronologiekritik.de\/wp-content\/uploads\/2024\/01\/A-Scathing-Reckoning-with-Newtons-Revision-of-Chronology-Rainer-Schmidt-2021.pdf\" target=\"_blank\" rel=\"noopener\">PDF-Download<\/a>) (2021)<\/li>\r\n<li><em>Zum Tod der hl. Edith Stein im KZ Auschwitz-Birkenau<\/em> (2020), publi\u00e9 en: Edith Stein Jahrbuch 2022, S. 48-74<\/li>\r\n<li><em>Leo X. und die \u201eFabel von Christus\u201c \u2013 eine historische Spurensuche<\/em><a class=\"js-work-strip-work-link text-gray-darker\" href=\"https:\/\/www.academia.edu\/74481639\/Leo_X_und_die_Fabel_von_Christus_eine_historische_Spurensuche\"> (T\u00e9lecharger PDF \u00e0 academia.edu)<\/a> (2022)<\/li>\r\n<li><em>Edith Steins Tod im KZ Auschwitz-Birkenau &#8211; eine Spurensuche<\/em> (<a href=\"https:\/\/www.academia.edu\/104891726\/Edith_Steins_Tod_im_KZ_Ausschwitz_eine_Spurensuche\">T\u00e9l\u00e9charger PDF \u00e0 academia.edu<\/a>) (2022)<\/li>\r\n<li><em>Revision der Chronologie im Zeitalter der Aufkl\u00e4rung<\/em>. Newtons \u201eChronology of Ancient Kingdoms\u201c (1728) und Jean Hardouins Kritik, in: Archiv f\u00fcr Kulturgeschichte Bd. 104 (2022), Heft 2, S. 345-380<\/li>\r\n<li><em>Nazarener, Nazor\u00e4er, Nasir\u00e4er &#8211; war da noch was?<\/em> Die literarische Erfindung einer j\u00fcdischen Sekte\u00a0(<a href=\"https:\/\/www.academia.edu\/106532604\/Nazarener_Nazor%C3%A4er_Nasir%C3%A4er_war_da_noch_was_Die_literarische_Erfindung_einer_j%C3%BCdischen_Sekte\">T\u00e9lecharger PDF \u00e0 academia.edu<\/a>) (2022)<\/li>\r\n<li><em>Die zwei Naturen des Abtes Aubert (Zur Gr\u00fcndungslegende der Abtei Mont St. Michel) (<a href=\"https:\/\/www.academia.edu\/104525482\/Die_zwei_Naturen_des_Abtes_Aubert_Zur_Gr%C3%BCndungslegende_der_Abtei_Mont_St_Michel_\">T\u00e9l\u00e9charger PDF \u00e0 academia.edu<\/a>) (2023)<\/em><\/li>\r\n<li><em>M wie \u03bc\u03b1\u03b3\u03b9\u03c3\u03c4\u03c1\u03b9\u03b1\u03bd\u03bf\u03b0 &#8211; Zur \u00dcbersetzung einer griechischen Inschrift f\u00fcr den Ummayaden-Kalifen Mu&#8217;awiya in Hammat Gader im 7. Jahrhundert (<a href=\"https:\/\/www.academia.edu\/105103392\/M_wie_%CE%BC%CE%B1%CE%B3%CE%B9%CF%83%CF%84%CF%81%CE%B9%CE%B1%CE%BD%CE%BF%CE%B0_Zur_%C3%9Cbersetzung_einer_griechischen_Inschrift_f%C3%BCr_den_Ummayaden_Kalifen_Muawiya_in_Hammat_Gader\">T\u00e9l\u00e9charger PDF \u00e0 academia.edu<\/a>) (2023)<\/em><\/li>\r\n<\/ul>\r\n<\/div>\r\n<\/div>\r\n<p>&nbsp;<\/p><!-- \/wp:group --><!-- wp:post-content --><!-- wp:group {\"align\":\"full\",\"backgroundColor\":\"background\"} -->\r\n<div class=\"wp-block-group alignfull has-background-background-color has-background\"><!-- wp:jetpack\/layout-grid {\"column1DesktopSpan\":3,\"column1DesktopOffset\":1,\"column1TabletSpan\":3,\"column1MobileSpan\":4,\"column2DesktopSpan\":6,\"column2DesktopOffset\":1,\"column2TabletSpan\":5,\"column2MobileSpan\":4,\"column3DesktopOffset\":2,\"column3TabletOffset\":1,\"className\":\"alignfull column1-desktop-grid__span-3 column1-desktop-grid__start-2 column1-desktop-grid__row-1 column2-desktop-grid__span-6 column2-desktop-grid__start-6 column2-desktop-grid__row-1 column1-tablet-grid__span-3 column1-tablet-grid__row-1 column2-tablet-grid__span-5 column2-tablet-grid__start-4 column2-tablet-grid__row-1 column1-mobile-grid__span-4 column1-mobile-grid__row-1 column2-mobile-grid__span-4 column2-mobile-grid__row-2\"} -->\r\n<div class=\"wp-block-jetpack-layout-grid alignfull column1-desktop-grid__span-3 column1-desktop-grid__start-2 column1-desktop-grid__row-1 column2-desktop-grid__span-6 column2-desktop-grid__start-6 column2-desktop-grid__row-1 column1-tablet-grid__span-3 column1-tablet-grid__row-1 column2-tablet-grid__span-5 column2-tablet-grid__start-4 column2-tablet-grid__row-1 column1-mobile-grid__span-4 column1-mobile-grid__row-1 column2-mobile-grid__span-4 column2-mobile-grid__row-2\"><!-- wp:jetpack\/layout-grid-column -->\r\n<div class=\"wp-block-jetpack-layout-grid-column wp-block-jetpack-layout-grid__padding-none\">\r\n<figure class=\"wp-block-image size-large is-style-circle-mask is-style-rounded\"><img decoding=\"async\" class=\"wp-image-507\" src=\"https:\/\/chronologiekritik.de\/wp-content\/uploads\/2022\/09\/schmidt-rainer.png?w=185\" alt=\"\" \/><\/figure>\r\n<p class=\"has-text-align-center\" style=\"font-size: 18px;\">* Gelsenkirchen, 1952 <br \/>Habite \u00e0: Marl (Allemagne)<\/p>\r\n<div class=\"wp-block-jetpack-layout-grid-column wp-block-jetpack-layout-grid__padding-none\">\r\n<h4>P\u00e9dagogue<\/h4>\r\nSchmidt a \u00e9tudi\u00e9 la philosophie, la psychologie, la sociologie et les sciences de l\u2019\u00e9ducation \u00e0 D\u00fcsseldorf et Marburg et est dipl\u00f4m\u00e9 en p\u00e9dagogie. \u00a0 Apr\u00e8s ses \u00e9tudes, il a travaill\u00e9 pendant quelques ann\u00e9es comme conseiller p\u00e9dagogique au ch\u00e2teau de Ludwigstein dans la Hesse, en \u00e9troite et fructueuse collaboration avec les archives du mouvement de jeunesse allemand qui y sont install\u00e9es, et a occup\u00e9 des postes d\u2019enseignant dans les universit\u00e9s de Marburg et de Hambourg. Apr\u00e8s une formation de programmeur et un interm\u00e8de de plusieurs ann\u00e9es en tant que directeur commercial d\u2019une entreprise de logiciels, il a fond\u00e9 en 1993 un centre de soutien pour enfants et adolescents, dont il a quitt\u00e9 la direction en 2018 apr\u00e8s 25 ans de service.<\/div>\r\n<div>\u00a0<\/div>\r\n<div class=\"wp-block-jetpack-layout-grid-column wp-block-jetpack-layout-grid__padding-none\">Ce n\u2019est qu\u2019une fois \u00e0 la retraite, qu\u2019il a choisie, qu\u2019il a pu se consacrer davantage \u00e0 des th\u00e8mes historiques qu\u2019il avait suivis de mani\u00e8re plut\u00f4t sporadique depuis la fin des ann\u00e9es 1990. Au printemps 2021, l\u2019\u00e9dition traduite et comment\u00e9e du latin de Jean Hardouin <a href=\"https:\/\/books.google.de\/books?id=GnMvEAAAQBAJ&amp;printsec=frontcover&amp;hl=fr#v=onepage&amp;q&amp;f=false\">Prolegomena zu einer Kritik der antiken Schriften<\/a> a \u00e9t\u00e9 publi\u00e9e, suivie d\u2019articles, entre autres, sur l\u2019histoire de l\u2019Antiquit\u00e9, notamment sur <a href=\"https:\/\/www.academia.edu\/78399927\/Nachlese_zu_Robert_Baldauf\">Robert Baldauf<\/a>\u00a0et\u00a0<a href=\"http:\/\/a%20scathing%20reckoning%20with%20newton's%20revision%20of%20chronology\/\">R\u00e9vision de la chronologie d\u2019Isaac Newton<\/a>.<\/div>\r\n<div>\u00a0<\/div>\r\n<div class=\"wp-block-jetpack-layout-grid-column wp-block-jetpack-layout-grid__padding-none\">Schmidt publie irr\u00e9guli\u00e8rement des \u201cparerga et paralipomena\u201d de ses int\u00e9r\u00eats diversifi\u00e9s sur son site\u00a0<a href=\"https:\/\/occammeetspooh.de\/\">occammeetspooh.de<\/a>.<\/div>\r\n<\/div>\r\n<!-- \/wp:jetpack\/layout-grid -->\r\n\r\n<!-- wp:heading {\"level\":4} -->\r\n<h4>Livres r\u00e9cents<\/h4>\r\n<ul>\r\n<li><em>Jean Hardouin: Prolegomena zu einer Kritik der antiken Schriften<\/em> (traduit du latin, avec une introduction et des commentaire par Rainer Schmidt), Norderstedt 2021 (304 S., maintenant 4. \u00e9d.\u00a0 <a href=\"https:\/\/books.google.de\/books?id=GnMvEAAAQBAJ&amp;printsec=frontcover&amp;hl=de#v=onepage&amp;q&amp;f=false\" target=\"_blank\" rel=\"noopener\">accesible sur Google Books)<\/a><\/li>\r\n<li><em>Nachlese zu Robert Baldauf<\/em>\u00a0<a class=\"js-work-strip-work-link text-gray-darker\" href=\"https:\/\/www.academia.edu\/78399927\/Nachlese_zu_Robert_Baldauf\">(T\u00e9l\u00e9charger PDF \u00e0 academia.edu)<\/a> (2021)<\/li>\r\n<li>A Scathing Reckoning with Newton\u2019s Revision of Chronology (<a href=\"https:\/\/chronologiekritik.de\/wp-content\/uploads\/2024\/01\/A-Scathing-Reckoning-with-Newtons-Revision-of-Chronology-Rainer-Schmidt-2021.pdf\" target=\"_blank\" rel=\"noopener\">PDF-Download<\/a>) (2021)<\/li>\r\n<li><em>Zum Tod der hl. Edith Stein im KZ Auschwitz-Birkenau<\/em> (2020), publi\u00e9 en: Edith Stein Jahrbuch 2022, S. 48-74<\/li>\r\n<li><em>Leo X. und die \u201eFabel von Christus\u201c \u2013 eine historische Spurensuche<\/em><a class=\"js-work-strip-work-link text-gray-darker\" href=\"https:\/\/www.academia.edu\/74481639\/Leo_X_und_die_Fabel_von_Christus_eine_historische_Spurensuche\"> (T\u00e9lecharger PDF \u00e0 academia.edu)<\/a> (2022)<\/li>\r\n<li><em>Edith Steins Tod im KZ Auschwitz-Birkenau &#8211; eine Spurensuche<\/em> (<a href=\"https:\/\/www.academia.edu\/104891726\/Edith_Steins_Tod_im_KZ_Ausschwitz_eine_Spurensuche\">T\u00e9l\u00e9charger PDF \u00e0 academia.edu<\/a>) (2022)<\/li>\r\n<li><em>Revision der Chronologie im Zeitalter der Aufkl\u00e4rung<\/em>. Newtons \u201eChronology of Ancient Kingdoms\u201c (1728) und Jean Hardouins Kritik, in: Archiv f\u00fcr Kulturgeschichte Bd. 104 (2022), Heft 2, S. 345-380<\/li>\r\n<li><em>Nazarener, Nazor\u00e4er, Nasir\u00e4er &#8211; war da noch was?<\/em> Die literarische Erfindung einer j\u00fcdischen Sekte\u00a0(<a href=\"https:\/\/www.academia.edu\/106532604\/Nazarener_Nazor%C3%A4er_Nasir%C3%A4er_war_da_noch_was_Die_literarische_Erfindung_einer_j%C3%BCdischen_Sekte\">T\u00e9lecharger PDF \u00e0 academia.edu<\/a>) (2022)<\/li>\r\n<li><em>Die zwei Naturen des Abtes Aubert (Zur Gr\u00fcndungslegende der Abtei Mont St. Michel) (<a href=\"https:\/\/www.academia.edu\/104525482\/Die_zwei_Naturen_des_Abtes_Aubert_Zur_Gr%C3%BCndungslegende_der_Abtei_Mont_St_Michel_\">T\u00e9l\u00e9charger PDF \u00e0 academia.edu<\/a>) (2023)<\/em><\/li>\r\n<li><em>M wie \u03bc\u03b1\u03b3\u03b9\u03c3\u03c4\u03c1\u03b9\u03b1\u03bd\u03bf\u03b0 &#8211; Zur \u00dcbersetzung einer griechischen Inschrift f\u00fcr den Ummayaden-Kalifen Mu&#8217;awiya in Hammat Gader im 7. Jahrhundert (<a href=\"https:\/\/www.academia.edu\/105103392\/M_wie_%CE%BC%CE%B1%CE%B3%CE%B9%CF%83%CF%84%CF%81%CE%B9%CE%B1%CE%BD%CE%BF%CE%B0_Zur_%C3%9Cbersetzung_einer_griechischen_Inschrift_f%C3%BCr_den_Ummayaden_Kalifen_Muawiya_in_Hammat_Gader\">T\u00e9l\u00e9charger PDF \u00e0 academia.edu<\/a>) (2023)<\/em><\/li>\r\n<\/ul>\r\n<!-- \/wp:list --><\/div>\r\n<\/div>\r\n<p>&nbsp;<\/p><!-- \/wp:post-content -->","protected":false},"excerpt":{"rendered":"<p>* Gelsenkirchen, 1952 Habite \u00e0: Marl (Allemagne) P\u00e9dagogue Schmidt a \u00e9tudi\u00e9 la philosophie, la psychologie, la sociologie et les sciences de l\u2019\u00e9ducation \u00e0 D\u00fcsseldorf et Marburg et est dipl\u00f4m\u00e9 en p\u00e9dagogie. \u00a0 Apr\u00e8s ses \u00e9tudes, il a travaill\u00e9 pendant quelques ann\u00e9es comme conseiller p\u00e9dagogique au ch\u00e2teau de Ludwigstein dans la Hesse, en \u00e9troite et fructueuse collaboration avec les archives du mouvement de jeunesse allemand qui y sont install\u00e9es, et a occup\u00e9 des postes d\u2019enseignant dans les universit\u00e9s de Marburg et de Hambourg. Apr\u00e8s une formation de programmeur et un interm\u00e8de de plusieurs ann\u00e9es en tant que directeur commercial d\u2019une entreprise de logiciels, il a fond\u00e9 en 1993 un centre de soutien pour enfants et adolescents, dont il a quitt\u00e9 la direction en 2018 apr\u00e8s 25 ans de service. \u00a0 Ce n\u2019est qu\u2019une fois \u00e0 la retraite, qu\u2019il a choisie, qu\u2019il a pu se consacrer davantage \u00e0 des th\u00e8mes historiques qu\u2019il avait suivis de mani\u00e8re plut\u00f4t sporadique depuis la fin des ann\u00e9es 1990. Au printemps 2021, l\u2019\u00e9dition traduite et comment\u00e9e du latin de Jean Hardouin Prolegomena zu einer Kritik der antiken Schriften a \u00e9t\u00e9 publi\u00e9e, suivie d\u2019articles, entre autres, sur l\u2019histoire de l\u2019Antiquit\u00e9, notamment sur Robert Baldauf\u00a0et\u00a0R\u00e9vision de la chronologie d\u2019Isaac Newton. \u00a0 Schmidt publie irr\u00e9guli\u00e8rement des \u201cparerga et paralipomena\u201d de ses int\u00e9r\u00eats diversifi\u00e9s sur son site\u00a0occammeetspooh.de. Livres r\u00e9cents Jean Hardouin: Prolegomena zu einer Kritik der antiken Schriften (traduit du latin, avec une introduction et des commentaire par Rainer Schmidt), Norderstedt 2021 (304 S., maintenant 4. \u00e9d.\u00a0 accesible sur Google Books) Nachlese zu Robert Baldauf\u00a0(T\u00e9l\u00e9charger PDF \u00e0 academia.edu) (2021) A Scathing Reckoning with Newton\u2019s Revision of Chronology (PDF-Download) (2021) Zum Tod der hl. Edith Stein im KZ Auschwitz-Birkenau (2020), publi\u00e9 en: Edith Stein Jahrbuch 2022, S. 48-74 Leo X. und die \u201eFabel von Christus\u201c \u2013 eine historische Spurensuche (T\u00e9lecharger PDF \u00e0 academia.edu) (2022) Edith Steins Tod im KZ Auschwitz-Birkenau &#8211; eine Spurensuche (T\u00e9l\u00e9charger PDF \u00e0 academia.edu) (2022) Revision der Chronologie im Zeitalter der Aufkl\u00e4rung. Newtons \u201eChronology of Ancient Kingdoms\u201c (1728) und Jean Hardouins Kritik, in: Archiv f\u00fcr Kulturgeschichte Bd. 104 (2022), Heft 2, S. 345-380 Nazarener, Nazor\u00e4er, Nasir\u00e4er &#8211; war da noch was? Die literarische Erfindung einer j\u00fcdischen Sekte\u00a0(T\u00e9lecharger PDF \u00e0 academia.edu) (2022) Die zwei Naturen des Abtes Aubert (Zur Gr\u00fcndungslegende der Abtei Mont St. Michel) (T\u00e9l\u00e9charger PDF \u00e0 academia.edu) (2023) M wie \u03bc\u03b1\u03b3\u03b9\u03c3\u03c4\u03c1\u03b9\u03b1\u03bd\u03bf\u03b0 &#8211; Zur \u00dcbersetzung einer griechischen Inschrift f\u00fcr den Ummayaden-Kalifen Mu&#8217;awiya in Hammat Gader im 7. Jahrhundert (T\u00e9l\u00e9charger PDF \u00e0 academia.edu) (2023) &nbsp;<\/p>\n","protected":false},"author":2,"featured_media":0,"parent":3367,"menu_order":0,"comment_status":"closed","ping_status":"closed","template":"","meta":{"footnotes":""},"class_list":["post-3417","page","type-page","status-publish","hentry"],"jetpack_sharing_enabled":true,"_links":{"self":[{"href":"https:\/\/chronologiekritik.de\/fr\/wp-json\/wp\/v2\/pages\/3417","targetHints":{"allow":["GET"]}}],"collection":[{"href":"https:\/\/chronologiekritik.de\/fr\/wp-json\/wp\/v2\/pages"}],"about":[{"href":"https:\/\/chronologiekritik.de\/fr\/wp-json\/wp\/v2\/types\/page"}],"author":[{"embeddable":true,"href":"https:\/\/chronologiekritik.de\/fr\/wp-json\/wp\/v2\/users\/2"}],"replies":[{"embeddable":true,"href":"https:\/\/chronologiekritik.de\/fr\/wp-json\/wp\/v2\/comments?post=3417"}],"version-history":[{"count":4,"href":"https:\/\/chronologiekritik.de\/fr\/wp-json\/wp\/v2\/pages\/3417\/revisions"}],"predecessor-version":[{"id":3435,"href":"https:\/\/chronologiekritik.de\/fr\/wp-json\/wp\/v2\/pages\/3417\/revisions\/3435"}],"up":[{"embeddable":true,"href":"https:\/\/chronologiekritik.de\/fr\/wp-json\/wp\/v2\/pages\/3367"}],"wp:attachment":[{"href":"https:\/\/chronologiekritik.de\/fr\/wp-json\/wp\/v2\/media?parent=3417"}],"curies":[{"name":"wp","href":"https:\/\/api.w.org\/{rel}","templated":true}]}}