{"id":3420,"date":"2024-01-05T12:45:13","date_gmt":"2024-01-05T11:45:13","guid":{"rendered":"https:\/\/chronologiekritik.de\/fr\/?page_id=3420"},"modified":"2024-01-05T12:46:00","modified_gmt":"2024-01-05T11:46:00","slug":"peter-winzeler","status":"publish","type":"page","link":"https:\/\/chronologiekritik.de\/fr\/collaborateurs\/peter-winzeler\/","title":{"rendered":"Peter Winzeler"},"content":{"rendered":"\r\n<div class=\"wp-block-group alignfull has-background-background-color has-background\"><div class=\"wp-block-group__inner-container is-layout-flow wp-block-group-is-layout-flow\">\r\n<div class=\"wp-block-jetpack-layout-grid alignfull column1-desktop-grid__span-3 column1-desktop-grid__start-2 column1-desktop-grid__row-1 column2-desktop-grid__span-6 column2-desktop-grid__start-6 column2-desktop-grid__row-1 column1-tablet-grid__span-3 column1-tablet-grid__row-1 column2-tablet-grid__span-5 column2-tablet-grid__start-4 column2-tablet-grid__row-1 column1-mobile-grid__span-4 column1-mobile-grid__row-1 column2-mobile-grid__span-4 column2-mobile-grid__row-2\">\r\n<div class=\"wp-block-jetpack-layout-grid-column wp-block-jetpack-layout-grid__padding-none\">\r\n<figure class=\"wp-block-image size-large is-style-circle-mask is-style-rounded\"><img decoding=\"async\" class=\"wp-image-457\" src=\"https:\/\/chronologiekritik.de\/wp-content\/uploads\/2022\/09\/winzeler-peter-1.png?w=185\" alt=\"\" \/><\/figure>\r\n\r\n\r\n\r\n<p class=\"has-text-align-center\" style=\"font-size: 18px;\">* Zurich, 1948<br \/>Habite \u00e0: Bienne (Suisse)<\/p>\r\n<\/div>\r\n\r\n\r\n\r\n<div class=\"wp-block-jetpack-layout-grid-column wp-block-jetpack-layout-grid__padding-none\">\r\n<h4 class=\"wp-block-heading\">Th\u00e9ologien<\/h4>\r\n\r\n\r\n Dr. phil. Peter Winzeler \u00e9tudiait th\u00e9ologie \u00e0 Zurich suivant experts de l&#8217;Ancien Testament et l&#8217;histoire des religions comme Victor Maag, Hans Heinrich Schmid ou Fritz Stolz. Les th\u00e9ologiens \u00abradicales\u00bb Gollwitzer und Marquardt, li\u00e9es au contexte de Berlin du 1968, lui firent red\u00e9couvrir l&#8217;h\u00e9ritage socialiste et juif oubli\u00e9 par le r\u00e9volutionnaire Karl Barth (ce qui faisait le sujet de sa th\u00e8se du doctorat); professeur G. W. Locher lui faisait \u00e9stimer l&#8217;h\u00e9ritage oubli\u00e9 de Zwingli (ce qui serait sa th\u00e8se); \u00e9galement Albert Schweitzer est une r\u00e9f\u00e9rence essentielle pour lui. Winzeler a \u00e9t\u00e9 inspir\u00e9 aussi par Herbert Marcuse et par Jakob Taubes, fils d&#8217;un rabbin. A Berlin, il \u00e9tait confront\u00e9 \u00e0 l&#8217; antijuda\u00efsme notoire et m\u00e9thodologique de l&#8217; ex\u00e9g\u00e8se historico-critique habituelle.<\/div>\r\n<div>\u00a0<\/div>\r\n<div class=\"wp-block-jetpack-layout-grid-column wp-block-jetpack-layout-grid__padding-none\">Winzeler fut appel\u00e9 \u00e0 l&#8217;Universit\u00e9 de Berne, o\u00f9 il travaille comme professeur de th\u00e9ologie de la th\u00e9ologie r\u00e9form\u00e9e. Le Web de l&#8217;Universit\u00e9 offre plus d&#8217;informations sur sa carri\u00e8re et publications. \u00a0<\/div>\r\n<div>\u00a0<\/div>\r\n<div class=\"wp-block-jetpack-layout-grid-column wp-block-jetpack-layout-grid__padding-none\">Depuis Janvier 2009, Winzeler collabore avec Gunnar Heinsohn sur le projet \u00ab Vorsehungsglaube und Chronologiekritik? \u00bb sur le point de vue de Zwingli sur les questions de chronologie et sa contribution \u00e0 la p\u00e9riode aujourd&#8217;hui g\u00e9n\u00e9ralement accept\u00e9 de l&#8217;histoire. Ce projet de recherche fait partie de l&#8217;Universit\u00e9 de Berne et continue jusqu&#8217;en 2013. \u00a0 Winzeler d\u00e9couvrit Velikovsky dans les ann\u00e9es 1980, quand il a commenc\u00e9 \u00e0 contribuer aux bulletins GRMNG, VFG et ZS de Heribert Illig. Une fois jet\u00e9 le doute sur l&#8217;int\u00e9grisme chronologique de Velikovsky et son interpr\u00e9tation de la Bible, aussi les fondements de l&#8217;histoire ancienne comme vu par Eduard Meyer, lui semblent \u00eatre assez fragiles.<\/div>\r\n<div>\u00a0<\/div>\r\n<div class=\"wp-block-jetpack-layout-grid-column wp-block-jetpack-layout-grid__padding-none\">D&#8217;autre part, Winzeler ne favorise pas des solutions radicales comme propos\u00e9s par Christoph Marx, Fomenko etc. En outre, il mette en question le sens d&#8217;une r\u00e9forme de la chronologie seulement pour elle-m\u00eame : \u00e0 quoi servirait-il de nier l&#8217;existence historique de C\u00e9sar, Auguste ou J\u00e9sus si elle n&#8217;a pas des implications culturelles de notre si\u00e8cle? Winzeler pr\u00e9f\u00e9rerait donc de poser le fondement pour un post-capitaliste (et post- marxiste). Il estime les auteurs Marx, Freud et Velikovsky (outre le th\u00e9ologien Karl Barth ou le philosophe Levinas). Winzeler \u00e9tait collaborateur de la revue Zeitenspr\u00fcnge ( ZS ), publi\u00e9 \u00e0 Gr\u00e4felfing \/ Munich par Heribert Illig.<\/div>\r\n<div>\u00a0<\/div>\r\n<div class=\"wp-block-jetpack-layout-grid-column wp-block-jetpack-layout-grid__padding-none\">\r\n\r\n\r\n\r\n\r\n\r\n<\/div>\r\n<\/div>\r\n\r\n\r\n <strong>Livres<\/strong> \r\n\r\n\r\n<ul class=\"wp-block-list\" id=\"block-b780d2f2-c846-4959-b559-0bd6f7e7be08\">\r\n<li>1985<strong>:<\/strong>\u00a0<strong><em>&#8220;Wer Ursache zum Aufruhr gibt&#8221;<\/em>\u00a0<\/strong>(1524), in:\u00a0<em>Huldrych Zwingli Schriften<\/em> I, S. 331-426 (publi\u00e9 pour l&#8217;association\u00a0 Zwingliverein par Thomas Brunnschweiler et alii, Theol. Verlag Zurich 4 vol.)<\/li>\r\n<li>1986:\u00a0<em><strong>Zwingli als Theologe der Befreiung<\/strong><\/em> (B\u00e2le)<\/li>\r\n<li>1998:<strong>\u00a0<em>&#8220;Losend dem Gotzwort!<\/em><\/strong><em>&#8221;\u00a0<\/em>G. W. Lochers Bedeutung f\u00fcr die Zwingliforschung, in: Zwingliana XXV, 1998,43-63)<\/li>\r\n<li>1999:<strong>\u00a0<em>&#8220;Unbehagen an der Chronologierevision. Ein Zwischenruf&#8221;\u00a0<\/em><\/strong>in ZS S. 292-301 (Gr\u00e4felfing)<\/li>\r\n<li>2001:<strong><em>&#8220;Das Kreuz mit Qumran und den \u00c4onen alter Bibelhandschriften&#8221;\u00a0<\/em><\/strong>in ZS S. 20-37 (Gr\u00e4felfing)<\/li>\r\n<li>2005<strong>:\u00a0<em>&#8220;Amarna &#8211; die erste Lichtung des Seins?&#8221;<\/em>\u00a0<\/strong>in:\u00a0<em>Alles in Allem<\/em>. Contributin \u00e0 la M\u00e9lange \u00e0 Christine Janowski (Neukirchen Verlag 2005)<\/li>\r\n<\/ul>\r\n<\/div><\/div>\r\n","protected":false},"excerpt":{"rendered":"<p>Livres 1985:\u00a0&#8220;Wer Ursache zum Aufruhr gibt&#8221;\u00a0(1524), in:\u00a0Huldrych Zwingli Schriften I, S. 331-426 (publi\u00e9 pour l&#8217;association\u00a0 Zwingliverein par Thomas Brunnschweiler et alii, Theol. Verlag Zurich 4 vol.) 1986:\u00a0Zwingli als Theologe der Befreiung (B\u00e2le) 1998:\u00a0&#8220;Losend dem Gotzwort!&#8221;\u00a0G. W. Lochers Bedeutung f\u00fcr die Zwingliforschung, in: Zwingliana XXV, 1998,43-63) 1999:\u00a0&#8220;Unbehagen an der Chronologierevision. Ein Zwischenruf&#8221;\u00a0in ZS S. 292-301 (Gr\u00e4felfing) 2001:&#8220;Das Kreuz mit Qumran und den \u00c4onen alter Bibelhandschriften&#8221;\u00a0in ZS S. 20-37 (Gr\u00e4felfing) 2005:\u00a0&#8220;Amarna &#8211; die erste Lichtung des Seins?&#8221;\u00a0in:\u00a0Alles in Allem. Contributin \u00e0 la M\u00e9lange \u00e0 Christine Janowski (Neukirchen Verlag 2005)<\/p>\n","protected":false},"author":2,"featured_media":0,"parent":3367,"menu_order":0,"comment_status":"closed","ping_status":"closed","template":"","meta":{"footnotes":""},"class_list":["post-3420","page","type-page","status-publish","hentry"],"jetpack_sharing_enabled":true,"_links":{"self":[{"href":"https:\/\/chronologiekritik.de\/fr\/wp-json\/wp\/v2\/pages\/3420","targetHints":{"allow":["GET"]}}],"collection":[{"href":"https:\/\/chronologiekritik.de\/fr\/wp-json\/wp\/v2\/pages"}],"about":[{"href":"https:\/\/chronologiekritik.de\/fr\/wp-json\/wp\/v2\/types\/page"}],"author":[{"embeddable":true,"href":"https:\/\/chronologiekritik.de\/fr\/wp-json\/wp\/v2\/users\/2"}],"replies":[{"embeddable":true,"href":"https:\/\/chronologiekritik.de\/fr\/wp-json\/wp\/v2\/comments?post=3420"}],"version-history":[{"count":2,"href":"https:\/\/chronologiekritik.de\/fr\/wp-json\/wp\/v2\/pages\/3420\/revisions"}],"predecessor-version":[{"id":3422,"href":"https:\/\/chronologiekritik.de\/fr\/wp-json\/wp\/v2\/pages\/3420\/revisions\/3422"}],"up":[{"embeddable":true,"href":"https:\/\/chronologiekritik.de\/fr\/wp-json\/wp\/v2\/pages\/3367"}],"wp:attachment":[{"href":"https:\/\/chronologiekritik.de\/fr\/wp-json\/wp\/v2\/media?parent=3420"}],"curies":[{"name":"wp","href":"https:\/\/api.w.org\/{rel}","templated":true}]}}