{"id":3423,"date":"2024-01-05T12:59:30","date_gmt":"2024-01-05T11:59:30","guid":{"rendered":"https:\/\/chronologiekritik.de\/fr\/?page_id=3423"},"modified":"2024-01-05T12:59:56","modified_gmt":"2024-01-05T11:59:56","slug":"mischa-gabowitsch","status":"publish","type":"page","link":"https:\/\/chronologiekritik.de\/fr\/collaborateurs\/mischa-gabowitsch\/","title":{"rendered":"Mischa Gabowitsch"},"content":{"rendered":"\r\n<div class=\"wp-block-group alignfull has-background-background-color has-background\"><div class=\"wp-block-group__inner-container is-layout-flow wp-block-group-is-layout-flow\">\r\n<div class=\"wp-block-jetpack-layout-grid alignfull column1-desktop-grid__span-3 column1-desktop-grid__start-2 column1-desktop-grid__row-1 column2-desktop-grid__span-6 column2-desktop-grid__start-6 column2-desktop-grid__row-1 column1-tablet-grid__span-3 column1-tablet-grid__row-1 column2-tablet-grid__span-5 column2-tablet-grid__start-4 column2-tablet-grid__row-1 column1-mobile-grid__span-4 column1-mobile-grid__row-1 column2-mobile-grid__span-4 column2-mobile-grid__row-2\">\r\n<div class=\"wp-block-jetpack-layout-grid-column wp-block-jetpack-layout-grid__padding-none\">\r\n<figure class=\"wp-block-image size-large is-style-circle-mask is-style-rounded\"><img decoding=\"async\" class=\"wp-image-466\" src=\"https:\/\/chronologiekritik.de\/wp-content\/uploads\/2022\/09\/gabowitsch-mischa.png?w=185\" alt=\"\" \/><\/figure>\r\n\r\n\r\n\r\n<p class=\"has-text-align-center\" style=\"font-size: 18px;\">* Moscou, 1977<br \/>Habite \u00e0: Vienne<\/p>\r\n<\/div>\r\n\r\n\r\n\r\n<div class=\"wp-block-jetpack-layout-grid-column wp-block-jetpack-layout-grid__padding-none\">\r\n<h4 class=\"wp-block-heading\">Sociologue<\/h4>\r\n\r\n\r\n Mischa Gabowitsch, fils de Eugen Gabowitsch, est n\u00e9 \u00e0 Moscou. Il a fait ses \u00e9tudes \u00e0 Oxford et \u00e0 l&#8217;\u00c9cole normale sup\u00e9rieure \u00e0 Paris, en gagnant son doctorat \u00e0 l&#8217;\u00c9cole des hautes \u00e9tudes en sciences sociales \u00e0 Paris avec une th\u00e8se sur &#8220;Le spectre du fascisme: le nationalisme russe et ses opposants, de 1987 \u00e0 2007&#8221;. Aujourd&#8217;hui il est Lise Meitner Fellow au\u00a0<a href=\"http:\/\/www.recet.at\/\">Centre d\u2019histoire des transformations<\/a>\u00a0de l\u2019Universit\u00e9 de Vienne.<\/div>\r\n<div>\u00a0<\/div>\r\n<div class=\"wp-block-jetpack-layout-grid-column wp-block-jetpack-layout-grid__padding-none\">Gabowitsch fut le premier Fellow Albert Einstein \u00e1 Potsdam (Allemagne) et, de 2007 \u00e0 2010, un Cotsen Post-Doctoral Fellow et ma\u00eetre de conf\u00e9rences en sociologie \u00e0 l&#8217;Universit\u00e9 de Princeton. De 2002 \u00e0 2006, il a \u00e9dit\u00e9 un journal bas\u00e9 \u00e0 Moscou intitul\u00e9 Zapas Neprikosnovenny: D\u00e9bats sur la politique et la culture et il a \u00e9t\u00e9 \u00e9galement membre du conseil consultatif de Kultura, une revue en ligne sur la culture russe publi\u00e9 \u00e0 l&#8217;Universit\u00e9 de Br\u00eame de 2005 \u00e0 2009. Il est l&#8217;auteur de \u201ePoutine kaputt!? Russlands neue Protestkultur\u201c (Berlin: Suhrkamp 2013), la premi\u00e8re monographie sur le mouvement de protestation en Russie 2011, et l&#8217;\u00e9diteur d&#8217;une collection d&#8217;articles en russe intitul\u00e9 \u201eLa m\u00e9moire de la guerre 60 ans plus tard: la Russie, l&#8217;Allemagne, l&#8217;Europe\u201c (Moscou. NLO 2005). Il a \u00e9galement traduit deux livres sur le nationalisme russe en anglais, et plus de 200 articles scientifiques.<\/div>\r\n<div>\u00a0<\/div>\r\n<div class=\"wp-block-jetpack-layout-grid-column wp-block-jetpack-layout-grid__padding-none\">Contrairement \u00e0 son p\u00e8re Eugen Gabowitsch, Mischa Gabowitsch a un point de vue critique sur les id\u00e9es de A. Fomenko et son \u00e9cole. Voir ici son article sur Fomenko, \u00e9crit en fran\u00e7ais: \u00a0<a href=\"https:\/\/chronologiekritik.de\/fr\/2009\/12\/14\/fomenko-chronologie\/\" target=\"_blank\" rel=\"noopener\">Fomenko et la \u201cnouvelle chronologie\u201d<\/a>.<\/div>\r\n<div>\u00a0<\/div>\r\n<div class=\"wp-block-jetpack-layout-grid-column wp-block-jetpack-layout-grid__padding-none\">Ma\u00eetrisant 4 langues depuis son enfance, Gabowitsch publie r\u00e9guil\u00e8rement en allemand, russe, anglais et fran\u00e7ais, mais il parle aussi l&#8217;espagnol, l&#8217;talien et l&#8217;ucranien. Son site web est: <a href=\"https:\/\/gabowitsch.net\/qui-suis-je\/\" target=\"_blank\" rel=\"noopener\">Mischa Gabowitsch<\/a>. <\/div>\r\n<\/div>\r\n\r\n\r\n\r\n<h4 class=\"wp-block-heading\">Livres<\/h4>\r\n\r\n\r\n\r\n<ul class=\"wp-block-list\">\r\n<li>2013: <strong>Putin kaputt!?<\/strong> <em>Russlands neue Protestkultur<\/em>. Berlin, Suhrkamp<\/li>\r\n<li>2016: <strong><em>Protest in Putin\u2019s Russia<\/em><\/strong>. Cambridge; Malden, MA: Polity Press<\/li>\r\n<li>2017: <strong><em>Kriegsgedenken als Event: Der 9. Mai 2015 im postsozialistischen Europa<\/em><\/strong> (\u00e9diteur). Ferdinand Sch\u00f6ningh (Brill).<\/li>\r\n<\/ul>\r\n<\/div><\/div>\r\n","protected":false},"excerpt":{"rendered":"","protected":false},"author":2,"featured_media":0,"parent":3367,"menu_order":0,"comment_status":"closed","ping_status":"closed","template":"","meta":{"footnotes":""},"class_list":["post-3423","page","type-page","status-publish","hentry"],"jetpack_sharing_enabled":true,"_links":{"self":[{"href":"https:\/\/chronologiekritik.de\/fr\/wp-json\/wp\/v2\/pages\/3423","targetHints":{"allow":["GET"]}}],"collection":[{"href":"https:\/\/chronologiekritik.de\/fr\/wp-json\/wp\/v2\/pages"}],"about":[{"href":"https:\/\/chronologiekritik.de\/fr\/wp-json\/wp\/v2\/types\/page"}],"author":[{"embeddable":true,"href":"https:\/\/chronologiekritik.de\/fr\/wp-json\/wp\/v2\/users\/2"}],"replies":[{"embeddable":true,"href":"https:\/\/chronologiekritik.de\/fr\/wp-json\/wp\/v2\/comments?post=3423"}],"version-history":[{"count":2,"href":"https:\/\/chronologiekritik.de\/fr\/wp-json\/wp\/v2\/pages\/3423\/revisions"}],"predecessor-version":[{"id":3425,"href":"https:\/\/chronologiekritik.de\/fr\/wp-json\/wp\/v2\/pages\/3423\/revisions\/3425"}],"up":[{"embeddable":true,"href":"https:\/\/chronologiekritik.de\/fr\/wp-json\/wp\/v2\/pages\/3367"}],"wp:attachment":[{"href":"https:\/\/chronologiekritik.de\/fr\/wp-json\/wp\/v2\/media?parent=3423"}],"curies":[{"name":"wp","href":"https:\/\/api.w.org\/{rel}","templated":true}]}}