{"id":3426,"date":"2024-01-05T13:43:21","date_gmt":"2024-01-05T12:43:21","guid":{"rendered":"https:\/\/chronologiekritik.de\/fr\/?page_id=3426"},"modified":"2024-01-05T13:43:43","modified_gmt":"2024-01-05T12:43:43","slug":"jordan-tabov","status":"publish","type":"page","link":"https:\/\/chronologiekritik.de\/fr\/collaborateurs\/jordan-tabov\/","title":{"rendered":"Jordan Tabov"},"content":{"rendered":"\r\n<div class=\"wp-block-group alignfull has-background-background-color has-background\"><div class=\"wp-block-group__inner-container is-layout-flow wp-block-group-is-layout-flow\">\r\n<div class=\"wp-block-jetpack-layout-grid alignfull column1-desktop-grid__span-3 column1-desktop-grid__start-2 column1-desktop-grid__row-1 column2-desktop-grid__span-6 column2-desktop-grid__start-6 column2-desktop-grid__row-1 column1-tablet-grid__span-3 column1-tablet-grid__row-1 column2-tablet-grid__span-5 column2-tablet-grid__start-4 column2-tablet-grid__row-1 column1-mobile-grid__span-4 column1-mobile-grid__row-1 column2-mobile-grid__span-4 column2-mobile-grid__row-2\">\r\n<div class=\"wp-block-jetpack-layout-grid-column wp-block-jetpack-layout-grid__padding-none\">\r\n<figure class=\"wp-block-image size-large is-style-circle-mask is-style-rounded\"><img decoding=\"async\" class=\"wp-image-71\" src=\"https:\/\/chronologiekritik.de\/wp-content\/uploads\/2022\/09\/tabov-jordan-e1678909679590.png?w=185\" alt=\"\" \/><\/figure>\r\n\r\n\r\n\r\n<p class=\"has-text-align-center\" style=\"font-size: 18px;\">* Sofia, 1946 <br \/>Habite \u00e0: Sofia (Bulgarie)<\/p>\r\n<\/div>\r\n\r\n\r\n\r\n<div class=\"wp-block-jetpack-layout-grid-column wp-block-jetpack-layout-grid__padding-none\">\r\n<h4 class=\"wp-block-heading\">Math\u00e9maticien<\/h4>\r\n\r\n\r\n Prof. Dr. Jordan Tabov est directeur des ressorts math\u00e9matique et informatique de l&#8217;Institut des sciences de l&#8217;Acad\u00e9mie Bulgare. La occupation principale de Tabov est l&#8217;application math\u00e9matique aux sciences humaines, en particulier \u00e0 l&#8217;historiographie et \u00e0 la chronologie. En Septembre 1998 il a fond\u00e9e \u00e0 Sofia le s\u00e9minaire &#8220;Anachronisme&#8221; pour promouvoir le d\u00e9bat et la recherche sur la chronologie. Ce s\u00e9minaire se r\u00e9unit r\u00e9guli\u00e8rement deux fois par mois.<\/div>\r\n<div>\u00a0<\/div>\r\n<div class=\"wp-block-jetpack-layout-grid-column wp-block-jetpack-layout-grid__padding-none\">Tabov a publi\u00e9 de nombreux articles en bulgare et en russe dans des revues sp\u00e9cialis\u00e9es. Parmi ceux qui concernent notre \u00e9tude se trouvent le dispersement chronologique de pi\u00e8ces de monnaie dans l&#8217;ancienne Bulgarie, ainsi que les dates mentionn\u00e9es dans les manuscrits bulgares, et les traditions sur les \u00e9clipses solaires, etc.<\/div>\r\n<div>\u00a0<\/div>\r\n<div class=\"wp-block-jetpack-layout-grid-column wp-block-jetpack-layout-grid__padding-none\">Prof. Dr. Tabov re\u00e7u des prix comme une m\u00e9daille de bronze lors de la 7e Jeux Olympiques internationales de math\u00e9matiques \u00e0 Berlin (1965), et le Paul-Erdos-Award de la F\u00e9d\u00e9ration mondiale des math\u00e9matiques comp\u00e9titions nationales (1994).\r\n\r\n<\/div>\r\n<\/div>\r\n\r\n\r\n\r\n<h4 class=\"wp-block-heading\">Livres et articles<\/h4>\r\n\r\n\r\n\r\n<ul class=\"wp-block-list\">\r\n<li><strong>1997:\u00a0<em>La chute de l&#8217;ancienne Bulgarie<\/em>. (<\/strong>Morang, Sofia; en bulgare)<\/li>\r\n<li><strong>2000:\u00a0<em>L&#8217;ancienne Bulgarie<\/em><\/strong> (Pi Si Em-1, Sofia; en bulgare)<\/li>\r\n<li><strong>2003: <em>Quand ont \u00e9t\u00e9 christianis\u00e9 les Rus de Kiev? <\/em><\/strong>( Neva, St. Petersbourg, en russe)<\/li>\r\n<li><strong>2003:\u00a0<em>Chronological Distribution of Information in Historical Texts<\/em><\/strong>.(Computer and Humanities, 37; pp 235-240)<\/li>\r\n<li><strong>2004:<\/strong>\u00a0<strong><em>Pobl\u00e8me de datation en Mac\u00e9donie <\/em><\/strong>(en russe, Lire en <a href=\"http:\/\/new.chronologia.org\/volume1\/tabov.html\" target=\"_blank\" rel=\"noreferrer noopener\">Internet<\/a>). Avec K. Vasilev et A. Velchev.<\/li>\r\n<li><strong>2005: <em>Distribution chronologique des monnaies byzantines d&#8217;or.<\/em><\/strong> (History,\u00a02-3, 2005, 100-105; en bulgare). Avec D. Dimkova.<\/li>\r\n<li><strong>2005:<em> Douze \u00e9clipses du temp de Constantin. <\/em><\/strong>En russe. Lire sur <a href=\"http:\/\/new.chronologia.org\/volume3\/tab.html\" target=\"_blank\" rel=\"noreferrer noopener\">Internet<\/a>\u00a0 Avec M. Tomov)<\/li>\r\n<li><strong>2006<\/strong>:\u00a0<strong><em>The Names Macedonia, Romania and Turcia In Old Geographical Maps\u00a0<\/em><\/strong>(a.d. 1450\u20131750). Review of the National Center for Digitization. Faculty of Mathematics, Belgrade. Issue: 8, 2006, 37 \u2013 42. (T\u00e9l\u00e9charger PDF sur <a href=\"http:\/\/elib.mi.sanu.ac.yu\/files\/journals\/ncd\/8\/ncd08037.pdf\" target=\"_blank\" rel=\"noreferrer noopener\">Internet<\/a>\u00a0)<\/li>\r\n<li><strong>2007<\/strong>:\u00a0<em><strong>Du &#8216;Imperius Orientale&#8217; de Bandurius. <\/strong><\/em>(En russe. Lire sur <a href=\"http:\/\/new.chronologia.org\/volume5\/t_banduri.html\" target=\"_blank\" rel=\"noreferrer noopener\">Internet<\/a>.<\/li>\r\n<\/ul>\r\n\r\n\r\n \u00a0 <\/div><\/div>\r\n","protected":false},"excerpt":{"rendered":"<p>Livres et articles 1997:\u00a0La chute de l&#8217;ancienne Bulgarie. (Morang, Sofia; en bulgare) 2000:\u00a0L&#8217;ancienne Bulgarie (Pi Si Em-1, Sofia; en bulgare) 2003: Quand ont \u00e9t\u00e9 christianis\u00e9 les Rus de Kiev? ( Neva, St. Petersbourg, en russe) 2003:\u00a0Chronological Distribution of Information in Historical Texts.(Computer and Humanities, 37; pp 235-240) 2004:\u00a0Pobl\u00e8me de datation en Mac\u00e9donie (en russe, Lire en Internet). Avec K. Vasilev et A. Velchev. 2005: Distribution chronologique des monnaies byzantines d&#8217;or. (History,\u00a02-3, 2005, 100-105; en bulgare). Avec D. Dimkova. 2005: Douze \u00e9clipses du temp de Constantin. En russe. Lire sur Internet\u00a0 Avec M. Tomov) 2006:\u00a0The Names Macedonia, Romania and Turcia In Old Geographical Maps\u00a0(a.d. 1450\u20131750). Review of the National Center for Digitization. Faculty of Mathematics, Belgrade. Issue: 8, 2006, 37 \u2013 42. (T\u00e9l\u00e9charger PDF sur Internet\u00a0) 2007:\u00a0Du &#8216;Imperius Orientale&#8217; de Bandurius. (En russe. Lire sur Internet. \u00a0<\/p>\n","protected":false},"author":2,"featured_media":0,"parent":3367,"menu_order":0,"comment_status":"closed","ping_status":"closed","template":"","meta":{"footnotes":""},"class_list":["post-3426","page","type-page","status-publish","hentry"],"jetpack_sharing_enabled":true,"_links":{"self":[{"href":"https:\/\/chronologiekritik.de\/fr\/wp-json\/wp\/v2\/pages\/3426","targetHints":{"allow":["GET"]}}],"collection":[{"href":"https:\/\/chronologiekritik.de\/fr\/wp-json\/wp\/v2\/pages"}],"about":[{"href":"https:\/\/chronologiekritik.de\/fr\/wp-json\/wp\/v2\/types\/page"}],"author":[{"embeddable":true,"href":"https:\/\/chronologiekritik.de\/fr\/wp-json\/wp\/v2\/users\/2"}],"replies":[{"embeddable":true,"href":"https:\/\/chronologiekritik.de\/fr\/wp-json\/wp\/v2\/comments?post=3426"}],"version-history":[{"count":2,"href":"https:\/\/chronologiekritik.de\/fr\/wp-json\/wp\/v2\/pages\/3426\/revisions"}],"predecessor-version":[{"id":3428,"href":"https:\/\/chronologiekritik.de\/fr\/wp-json\/wp\/v2\/pages\/3426\/revisions\/3428"}],"up":[{"embeddable":true,"href":"https:\/\/chronologiekritik.de\/fr\/wp-json\/wp\/v2\/pages\/3367"}],"wp:attachment":[{"href":"https:\/\/chronologiekritik.de\/fr\/wp-json\/wp\/v2\/media?parent=3426"}],"curies":[{"name":"wp","href":"https:\/\/api.w.org\/{rel}","templated":true}]}}