{"id":3525,"date":"2024-03-26T17:42:55","date_gmt":"2024-03-26T16:42:55","guid":{"rendered":"https:\/\/chronologiekritik.de\/fr\/?page_id=3525"},"modified":"2024-03-26T17:48:11","modified_gmt":"2024-03-26T16:48:11","slug":"contact","status":"publish","type":"page","link":"https:\/\/chronologiekritik.de\/fr\/contact\/","title":{"rendered":"Contact"},"content":{"rendered":"<p>&#8216;CronoLogo&#8217; se pr\u00e9sente comme un Forum o\u00f9 l&#8217;on peut \u00e9changer des id\u00e9es, donner d&#8217;avis sur des myst\u00e8res de l&#8217;histoire, afficher son opinion&#8230; Il ne suffit pas de lire les travaux publi\u00e9s ici; il est fort conseill\u00e9 d&#8217;y refl\u00e9chir et de faire arriver les propres conclusions \u00e0 d&#8217;autre int\u00e9ress\u00e9s.<\/p>\n<p>Envoyez simplement un email \u00e0: <a href=\"mailto:info@chronologiekritik.de\">info@chronologiekritik.de<\/a><\/p>\n","protected":false},"excerpt":{"rendered":"<p>&#8216;CronoLogo&#8217; se pr\u00e9sente comme un Forum o\u00f9 l&#8217;on peut \u00e9changer des id\u00e9es, donner d&#8217;avis sur des myst\u00e8res de l&#8217;histoire, afficher son opinion&#8230; Il ne suffit pas de lire les travaux publi\u00e9s ici; il est fort conseill\u00e9 d&#8217;y refl\u00e9chir et de faire arriver les propres conclusions \u00e0 d&#8217;autre int\u00e9ress\u00e9s. Envoyez simplement un email \u00e0: info@chronologiekritik.de<\/p>\n","protected":false},"author":4,"featured_media":0,"parent":0,"menu_order":0,"comment_status":"closed","ping_status":"closed","template":"","meta":{"footnotes":""},"class_list":["post-3525","page","type-page","status-publish","hentry"],"jetpack_sharing_enabled":true,"_links":{"self":[{"href":"https:\/\/chronologiekritik.de\/fr\/wp-json\/wp\/v2\/pages\/3525","targetHints":{"allow":["GET"]}}],"collection":[{"href":"https:\/\/chronologiekritik.de\/fr\/wp-json\/wp\/v2\/pages"}],"about":[{"href":"https:\/\/chronologiekritik.de\/fr\/wp-json\/wp\/v2\/types\/page"}],"author":[{"embeddable":true,"href":"https:\/\/chronologiekritik.de\/fr\/wp-json\/wp\/v2\/users\/4"}],"replies":[{"embeddable":true,"href":"https:\/\/chronologiekritik.de\/fr\/wp-json\/wp\/v2\/comments?post=3525"}],"version-history":[{"count":4,"href":"https:\/\/chronologiekritik.de\/fr\/wp-json\/wp\/v2\/pages\/3525\/revisions"}],"predecessor-version":[{"id":3529,"href":"https:\/\/chronologiekritik.de\/fr\/wp-json\/wp\/v2\/pages\/3525\/revisions\/3529"}],"wp:attachment":[{"href":"https:\/\/chronologiekritik.de\/fr\/wp-json\/wp\/v2\/media?parent=3525"}],"curies":[{"name":"wp","href":"https:\/\/api.w.org\/{rel}","templated":true}]}}