{"id":3537,"date":"2024-03-26T18:43:41","date_gmt":"2024-03-26T17:43:41","guid":{"rendered":"https:\/\/chronologiekritik.de\/fr\/?page_id=3537"},"modified":"2024-03-26T18:43:41","modified_gmt":"2024-03-26T17:43:41","slug":"normes","status":"publish","type":"page","link":"https:\/\/chronologiekritik.de\/fr\/normes\/","title":{"rendered":"Les normes"},"content":{"rendered":"<p>Si l&#8217;histoire tel que nous l&#8217;avons appris n&#8217;est plus valide, c\u2018est quoi que prends leur place?<br \/>\nCette question n&#8217;a pas de r\u00e9ponse facil. La critique chronologique est encore dans une phase initiale est les chercheurs qui d\u00e9battent le sujet ne sont pas encore arriv\u00e9s \u00e0 un accord commun pour d\u00e9finer quel part de notre histoire pourra \u00eatre consid\u00e9r\u00e9es fiables et quel part doit \u00eatre mise en doute.<br \/>\nLes derniers si\u00e8cles de notre histoire sont bien s\u00fbr plus ou moins bien document\u00e9s. Mais o\u00f9 finit l&#8217;histoire falsifi\u00e9e et commence la vraie \u2013 c\u2018est tr\u00e8s difficile \u00e0 d\u00e9terminer.<br \/>\nLes auteurs qui publient leurs articles sur CronoLogo se conforment aux vues suivantes:<\/p>\n<h5>\u00c9poques<\/h5>\n<p>Depuis environ 1500 AD \u2013 o\u00fa disons depuis l\u2019\u00e9mpereur Charles V et Albrecht D\u00fcrer \u2013 notre histoire a \u00e9t\u00e9 enregistr\u00e9e plus ou moins correcte. Il est permis de douter et de refuser certains d\u00e9tails comme datations exactes, mais le cadre chronologique g\u00e9n\u00e9ral est consid\u00e9r\u00e9 comme fiable.<br \/>\nNotre connaissance du 15\u00e8me si\u00e8cle AD \u2013 avec la mont\u00e9e de la science astronomique en Europe, l\u2018impression des livres, la d\u00e9couverte des c\u00f4tes africaines etc \u2013 pourrait \u00eatre consid\u00e9r\u00e9e comme reconstruite proche de la v\u00e9rit\u00e9 sauf que les dates sont troubl\u00e9es d\u00e8s qu\u2019on remonte avant 1480.<br \/>\nUne grande partie des personnes \u2013 des rois et des auteurs \u2013 ont \u00e9t\u00e9 cr\u00e9es plus tard.<br \/>\nL&#8217;\u00e9volution des cultures avant le 15\u00e8me si\u00e8cle AD avait progress\u00e9 plus rapidement que ce que l&#8217;on croit g\u00e9n\u00e9ralement.<\/p>\n<h5>Catastrophes<\/h5>\n<p>Catastrophes cosmiques fr\u00e9quentes ont influenc\u00e9 de fa\u00e7on importante l&#8217;\u00e9volution de la Terre et doivent \u00eatre int\u00e9gr\u00e9es dans nos mod\u00e8les et th\u00e9ories g\u00e9ologiques.<br \/>\nPlusieurs catastrophes ont eu lieu pendant l&#8217;histoire r\u00e9cente de l&#8217;humanit\u00e9 et d\u00e9truit le d\u00e9veloppement culturel de mani\u00e8re importante, m\u00eame si le dossier de leur existence a \u00e9t\u00e9 exclu plus tard volontairement de la m\u00e9moire collective.<\/p>\n<h5>M\u00e9thodes<\/h5>\n<p>Nous utilisons une m\u00e9thode scientifique qui recueille, analyse et subjugue \u00e0 un examen critique des toutes les sources et les dossiers sur un \u00e9v\u00e9nement donn\u00e9, telles que les \u00e9crits, les fouilles, la stratigraphie, pi\u00e8ces de monnaie ou les traditions orales. Quand un objet ou un document est d\u00e9clar\u00e9 faux, la preuve doit \u00eatre pr\u00e9sent\u00e9e, bas\u00e9e sur l&#8217;analyse logique. Les anciens dossiers scientifiques doivent \u00eatre utilis\u00e9s, apr\u00e9s de les interpr\u00e9ter de fa\u00e7on critique.<br \/>\nLa similitude des diff\u00e9rentes \u00e9poques ou dynasties, qui peuvent r\u00e9sulter d&#8217;une comparaison statistique, ne doit pas \u00eatre consid\u00e9r\u00e9e comme une preuve qui peut justifier des conclusions de grande envergure.<br \/>\nLes m\u00e9thodes de datation \u00e0 maniere de la science conventionnelle, e.g. par la m\u00e9thode radiocarbone 14, la dendrochronologie, la thermoluminiscence etc. ne peuvent \u00eatre accept\u00e9e parce que ces m\u00e9thodes ont \u00e9t\u00e9 d\u00e9velopp\u00e9es par comparaison des objets qui ont \u00e9t\u00e9 dat\u00e9s bien avant selon la chronologie classique. Ainsi, les r\u00e9sultats qu&#8217;ils offrent ne peuvent pas \u00eatre consid\u00e9r\u00e9s comme des faits ind\u00e9pendants.<\/p>\n<p>Et jusqu\u2019o\u00f9 on est arrive\u00e9? Lisez <a href=\"https:\/\/chronologiekritik.de\/blog\/2023\/12\/02\/einfuehrung-zwischenergebnis\/\">l&#8217;introduction de la critique de la chronologie<\/a> et le r\u00e9sultat pr\u00e9liminairen (en allemand)<\/p>\n","protected":false},"excerpt":{"rendered":"<p>Si l&#8217;histoire tel que nous l&#8217;avons appris n&#8217;est plus valide, c\u2018est quoi que prends leur place? Cette question n&#8217;a pas de r\u00e9ponse facil. La critique chronologique est encore dans une phase initiale est les chercheurs qui d\u00e9battent le sujet ne sont pas encore arriv\u00e9s \u00e0 un accord commun pour d\u00e9finer quel part de notre histoire pourra \u00eatre consid\u00e9r\u00e9es fiables et quel part doit \u00eatre mise en doute. Les derniers si\u00e8cles de notre histoire sont bien s\u00fbr plus ou moins bien document\u00e9s. Mais o\u00f9 finit l&#8217;histoire falsifi\u00e9e et commence la vraie \u2013 c\u2018est tr\u00e8s difficile \u00e0 d\u00e9terminer. Les auteurs qui publient leurs articles sur CronoLogo se conforment aux vues suivantes: \u00c9poques Depuis environ 1500 AD \u2013 o\u00fa disons depuis l\u2019\u00e9mpereur Charles V et Albrecht D\u00fcrer \u2013 notre histoire a \u00e9t\u00e9 enregistr\u00e9e plus ou moins correcte. Il est permis de douter et de refuser certains d\u00e9tails comme datations exactes, mais le cadre chronologique g\u00e9n\u00e9ral est consid\u00e9r\u00e9 comme fiable. Notre connaissance du 15\u00e8me si\u00e8cle AD \u2013 avec la mont\u00e9e de la science astronomique en Europe, l\u2018impression des livres, la d\u00e9couverte des c\u00f4tes africaines etc \u2013 pourrait \u00eatre consid\u00e9r\u00e9e comme reconstruite proche de la v\u00e9rit\u00e9 sauf que les dates sont troubl\u00e9es d\u00e8s qu\u2019on remonte avant 1480. Une grande partie des personnes \u2013 des rois et des auteurs \u2013 ont \u00e9t\u00e9 cr\u00e9es plus tard. L&#8217;\u00e9volution des cultures avant le 15\u00e8me si\u00e8cle AD avait progress\u00e9 plus rapidement que ce que l&#8217;on croit g\u00e9n\u00e9ralement. Catastrophes Catastrophes cosmiques fr\u00e9quentes ont influenc\u00e9 de fa\u00e7on importante l&#8217;\u00e9volution de la Terre et doivent \u00eatre int\u00e9gr\u00e9es dans nos mod\u00e8les et th\u00e9ories g\u00e9ologiques. Plusieurs catastrophes ont eu lieu pendant l&#8217;histoire r\u00e9cente de l&#8217;humanit\u00e9 et d\u00e9truit le d\u00e9veloppement culturel de mani\u00e8re importante, m\u00eame si le dossier de leur existence a \u00e9t\u00e9 exclu plus tard volontairement de la m\u00e9moire collective. M\u00e9thodes Nous utilisons une m\u00e9thode scientifique qui recueille, analyse et subjugue \u00e0 un examen critique des toutes les sources et les dossiers sur un \u00e9v\u00e9nement donn\u00e9, telles que les \u00e9crits, les fouilles, la stratigraphie, pi\u00e8ces de monnaie ou les traditions orales. Quand un objet ou un document est d\u00e9clar\u00e9 faux, la preuve doit \u00eatre pr\u00e9sent\u00e9e, bas\u00e9e sur l&#8217;analyse logique. Les anciens dossiers scientifiques doivent \u00eatre utilis\u00e9s, apr\u00e9s de les interpr\u00e9ter de fa\u00e7on critique. La similitude des diff\u00e9rentes \u00e9poques ou dynasties, qui peuvent r\u00e9sulter d&#8217;une comparaison statistique, ne doit pas \u00eatre consid\u00e9r\u00e9e comme une preuve qui peut justifier des conclusions de grande envergure. Les m\u00e9thodes de datation \u00e0 maniere de la science conventionnelle, e.g. par la m\u00e9thode radiocarbone 14, la dendrochronologie, la thermoluminiscence etc. ne peuvent \u00eatre accept\u00e9e parce que ces m\u00e9thodes ont \u00e9t\u00e9 d\u00e9velopp\u00e9es par comparaison des objets qui ont \u00e9t\u00e9 dat\u00e9s bien avant selon la chronologie classique. Ainsi, les r\u00e9sultats qu&#8217;ils offrent ne peuvent pas \u00eatre consid\u00e9r\u00e9s comme des faits ind\u00e9pendants. Et jusqu\u2019o\u00f9 on est arrive\u00e9? Lisez l&#8217;introduction de la critique de la chronologie et le r\u00e9sultat pr\u00e9liminairen (en allemand)<\/p>\n","protected":false},"author":4,"featured_media":0,"parent":0,"menu_order":0,"comment_status":"closed","ping_status":"closed","template":"","meta":{"footnotes":""},"class_list":["post-3537","page","type-page","status-publish","hentry"],"jetpack_sharing_enabled":true,"_links":{"self":[{"href":"https:\/\/chronologiekritik.de\/fr\/wp-json\/wp\/v2\/pages\/3537","targetHints":{"allow":["GET"]}}],"collection":[{"href":"https:\/\/chronologiekritik.de\/fr\/wp-json\/wp\/v2\/pages"}],"about":[{"href":"https:\/\/chronologiekritik.de\/fr\/wp-json\/wp\/v2\/types\/page"}],"author":[{"embeddable":true,"href":"https:\/\/chronologiekritik.de\/fr\/wp-json\/wp\/v2\/users\/4"}],"replies":[{"embeddable":true,"href":"https:\/\/chronologiekritik.de\/fr\/wp-json\/wp\/v2\/comments?post=3537"}],"version-history":[{"count":1,"href":"https:\/\/chronologiekritik.de\/fr\/wp-json\/wp\/v2\/pages\/3537\/revisions"}],"predecessor-version":[{"id":3538,"href":"https:\/\/chronologiekritik.de\/fr\/wp-json\/wp\/v2\/pages\/3537\/revisions\/3538"}],"wp:attachment":[{"href":"https:\/\/chronologiekritik.de\/fr\/wp-json\/wp\/v2\/media?parent=3537"}],"curies":[{"name":"wp","href":"https:\/\/api.w.org\/{rel}","templated":true}]}}