{"id":3547,"date":"2024-03-27T16:34:38","date_gmt":"2024-03-27T15:34:38","guid":{"rendered":"https:\/\/chronologiekritik.de\/fr\/?page_id=3547"},"modified":"2024-03-27T16:34:38","modified_gmt":"2024-03-27T15:34:38","slug":"dautres-auteurs","status":"publish","type":"page","link":"https:\/\/chronologiekritik.de\/fr\/dautres-auteurs\/","title":{"rendered":"D&#8217;autres auteurs"},"content":{"rendered":"<p>Cette page offre une liste des historiens et scientifiques qui participent aujourd&#8217;hui au d\u00e9bat sur la chronologie sans d&#8217;ailleurs adopter les id\u00e9es exprim\u00e9es sur Chrono-Logique (voir <a href=\"https:\/\/chronologiekritik.de\/fr\/normes\/\">Id\u00e9es basiques<\/a>). Ici on trouvera aussi des articles publi\u00e9s par chercheurs oppos\u00e9s \u00e0 l&#8217;id\u00e9e m\u00eame d&#8217;une revision chronologique, qui analysent nos arguments en essayant de les refuter, et ainsi ils montrent les points faibles de nos th\u00e9ories. Sur les personnes mentionn\u00e9s voyez la liste de <a href=\"https:\/\/chronologiekritik.de\/fr\/qui-est-ce-qui\/\">qui-est-ce-qui<\/a>.<\/p>\n<p>Christoph <strong>D\u00e4ppen<\/strong> &#8211; Auteur suisse. Livres sur Michel N\u00f4tredame et Nocolaus Cusanus.<br \/>\nHermann\u00a0<strong>Detering\u00a0<\/strong>&#8211; Th\u00e9ologue. Son site radikalkritik.de analyse l\u2018histoire de la religion Chr\u00e9tienne et de la Bible.<br \/>\nAnatoly\u00a0<strong>Fomenko\u00a0<\/strong>&#8211; Math\u00e9maticien Russe; il \u00e9tablie une estatistique de la histoire.<br \/>\nHorst\u00a0<strong>Friedrich\u00a0<\/strong>\u2013 \u00c9crivain sur l\u2019histoire de la Science.<br \/>\nEugen\u00a0<strong>Gabowitsch\u00a0<\/strong>(\u2020) &#8211; Math\u00e9maticien et expert informatique, il aidait en expandre les id\u00e9es de Fomenko en Allemagne<br \/>\nMischa\u00a0<strong>Gabowitsch\u00a0<\/strong>&#8211; Sociologue. \u00c9tudiait \u00e0 Paris et Princeton University, USA. Au moment il travaille \u00e0 l\u2019institut Einstein \u00e0 Potsdam\/Allemagne.<br \/>\nGernot L.\u00a0<strong>Geise\u00a0<\/strong>&#8211; Publiciste de la revue \u201eEfodon-Synesis\u201c ou on lit des articles sur la nouvelle chronologie, entre autres.<br \/>\nK. Walter\u00a0<strong>Haug\u00a0<\/strong>\u2013 Auteur et investigateur des monuments pr\u00e9historiques en Allemagne. \u00c9crive aussi sur la nouvelle chronologie.<br \/>\nGunnar\u00a0<strong>Heinsohn\u00a0<\/strong>\u2013 Sociologue. Son livre \u201eDie Sumerer gab es nicht\u201c (1988) formait la base pour un remenagement de la chronologie du Moyen Orient Ancien.<br \/>\nHeribert\u00a0<strong>Illig\u00a0<\/strong>&#8211; Publiciste et investigateur. Son bulletin &#8220;Zeitenspr\u00fcnge&#8221; est la meilleure revue sur nos th\u00e8mes. Son hypoth\u00e8se des 297 ann\u00e9es fantomes au Moyen \u00c2ge est bien connue m\u00eames entre les laiques.<br \/>\nPaul C.\u00a0<strong>Martin\u00a0<\/strong>&#8211; Economiste. \u00c9xpert pour th\u00e8mes numismatiques.<br \/>\nChristoph\u00a0<strong>Marx\u00a0<\/strong>\u2013 \u00c9xpert de informatique. Recherche les causes \u00e9lectromagn\u00e9tiques des cataclysmes.<br \/>\nGert\u00a0<strong>Meier\u00a0<\/strong>&#8211; Advocat. \u00c9crivain sur des th\u00e8mes de la protohistoire, surtout le m\u00e9galithisme.<br \/>\nZainab Angelika\u00a0<strong>M\u00fcller\u00a0<\/strong>&#8211; Professeur. \u00c9crive sur l\u2018histoir de la religion. website symbolforschung,de<br \/>\nHans-Ulrich\u00a0<strong>Niemitz\u00a0<\/strong>(\u2020)- Professeur de technologie et histoire de la science. Auteur d\u2019un livre sur les m\u00e9thode de datation technique (avec C. Bl\u00f6ss)<br \/>\nAndreas\u00a0<strong>Otte\u00a0<\/strong>&#8211; informaticien diplom\u00e9, dirige les sites web de heribert Illig et sa propre web sur\u00a0<a href=\"http:\/\/www.elektrisches-universum.de\/?page_id=577\">l&#8217;universe electrique<\/a><br \/>\nChristoph\u00a0<strong>Pfister\u00a0<\/strong>&#8211; Professeur. Il propose que l\u2019histoire document\u00e9 ne commence qu\u2019apr\u00e8s 1600.<br \/>\nThomas\u00a0<strong>Riemer\u00a0<\/strong>\u2013 Investigateur des structures \u00e9nigmatiques des Celtes en Allemagne (&#8216;Keltenschanzen&#8217;).<br \/>\nFran\u00e7ois de\u00a0<strong>Sarre\u00a0<\/strong>\u2013 Professeur biologiste. Auteur d\u2019un livre sur le r\u00e9centisme.<br \/>\nUlrich\u00a0<strong>Voigt\u00a0<\/strong>&#8211; Mathematicien et \u00e9xpert du calendrier. Il refute avec des arguments solides les hypoth\u00e8ses d\u2019un raccourcissement de la chronologie.<br \/>\nClark\u00a0<strong>Whelton<\/strong>, USA &#8211; Auteur du groupe Velikovskyen.<br \/>\nWolfram\u00a0<strong>Zarnack<\/strong>\u00a0&#8211; Physicien. S\u2019occupe de la histoire de la r\u00e9ligion et la nouvelle chronologie.<\/p>\n<p>Quelques des auteurs ci-dessus ont contribu\u00e9s sur notre site.<\/p>\n","protected":false},"excerpt":{"rendered":"<p>Cette page offre une liste des historiens et scientifiques qui participent aujourd&#8217;hui au d\u00e9bat sur la chronologie sans d&#8217;ailleurs adopter les id\u00e9es exprim\u00e9es sur Chrono-Logique (voir Id\u00e9es basiques). Ici on trouvera aussi des articles publi\u00e9s par chercheurs oppos\u00e9s \u00e0 l&#8217;id\u00e9e m\u00eame d&#8217;une revision chronologique, qui analysent nos arguments en essayant de les refuter, et ainsi ils montrent les points faibles de nos th\u00e9ories. Sur les personnes mentionn\u00e9s voyez la liste de qui-est-ce-qui. Christoph D\u00e4ppen &#8211; Auteur suisse. Livres sur Michel N\u00f4tredame et Nocolaus Cusanus. Hermann\u00a0Detering\u00a0&#8211; Th\u00e9ologue. Son site radikalkritik.de analyse l\u2018histoire de la religion Chr\u00e9tienne et de la Bible. Anatoly\u00a0Fomenko\u00a0&#8211; Math\u00e9maticien Russe; il \u00e9tablie une estatistique de la histoire. Horst\u00a0Friedrich\u00a0\u2013 \u00c9crivain sur l\u2019histoire de la Science. Eugen\u00a0Gabowitsch\u00a0(\u2020) &#8211; Math\u00e9maticien et expert informatique, il aidait en expandre les id\u00e9es de Fomenko en Allemagne Mischa\u00a0Gabowitsch\u00a0&#8211; Sociologue. \u00c9tudiait \u00e0 Paris et Princeton University, USA. Au moment il travaille \u00e0 l\u2019institut Einstein \u00e0 Potsdam\/Allemagne. Gernot L.\u00a0Geise\u00a0&#8211; Publiciste de la revue \u201eEfodon-Synesis\u201c ou on lit des articles sur la nouvelle chronologie, entre autres. K. Walter\u00a0Haug\u00a0\u2013 Auteur et investigateur des monuments pr\u00e9historiques en Allemagne. \u00c9crive aussi sur la nouvelle chronologie. Gunnar\u00a0Heinsohn\u00a0\u2013 Sociologue. Son livre \u201eDie Sumerer gab es nicht\u201c (1988) formait la base pour un remenagement de la chronologie du Moyen Orient Ancien. Heribert\u00a0Illig\u00a0&#8211; Publiciste et investigateur. Son bulletin &#8220;Zeitenspr\u00fcnge&#8221; est la meilleure revue sur nos th\u00e8mes. Son hypoth\u00e8se des 297 ann\u00e9es fantomes au Moyen \u00c2ge est bien connue m\u00eames entre les laiques. Paul C.\u00a0Martin\u00a0&#8211; Economiste. \u00c9xpert pour th\u00e8mes numismatiques. Christoph\u00a0Marx\u00a0\u2013 \u00c9xpert de informatique. Recherche les causes \u00e9lectromagn\u00e9tiques des cataclysmes. Gert\u00a0Meier\u00a0&#8211; Advocat. \u00c9crivain sur des th\u00e8mes de la protohistoire, surtout le m\u00e9galithisme. Zainab Angelika\u00a0M\u00fcller\u00a0&#8211; Professeur. \u00c9crive sur l\u2018histoir de la religion. website symbolforschung,de Hans-Ulrich\u00a0Niemitz\u00a0(\u2020)- Professeur de technologie et histoire de la science. Auteur d\u2019un livre sur les m\u00e9thode de datation technique (avec C. Bl\u00f6ss) Andreas\u00a0Otte\u00a0&#8211; informaticien diplom\u00e9, dirige les sites web de heribert Illig et sa propre web sur\u00a0l&#8217;universe electrique Christoph\u00a0Pfister\u00a0&#8211; Professeur. Il propose que l\u2019histoire document\u00e9 ne commence qu\u2019apr\u00e8s 1600. Thomas\u00a0Riemer\u00a0\u2013 Investigateur des structures \u00e9nigmatiques des Celtes en Allemagne (&#8216;Keltenschanzen&#8217;). Fran\u00e7ois de\u00a0Sarre\u00a0\u2013 Professeur biologiste. Auteur d\u2019un livre sur le r\u00e9centisme. Ulrich\u00a0Voigt\u00a0&#8211; Mathematicien et \u00e9xpert du calendrier. Il refute avec des arguments solides les hypoth\u00e8ses d\u2019un raccourcissement de la chronologie. Clark\u00a0Whelton, USA &#8211; Auteur du groupe Velikovskyen. Wolfram\u00a0Zarnack\u00a0&#8211; Physicien. S\u2019occupe de la histoire de la r\u00e9ligion et la nouvelle chronologie. Quelques des auteurs ci-dessus ont contribu\u00e9s sur notre site.<\/p>\n","protected":false},"author":4,"featured_media":0,"parent":0,"menu_order":0,"comment_status":"closed","ping_status":"closed","template":"","meta":{"footnotes":""},"class_list":["post-3547","page","type-page","status-publish","hentry"],"jetpack_sharing_enabled":true,"_links":{"self":[{"href":"https:\/\/chronologiekritik.de\/fr\/wp-json\/wp\/v2\/pages\/3547","targetHints":{"allow":["GET"]}}],"collection":[{"href":"https:\/\/chronologiekritik.de\/fr\/wp-json\/wp\/v2\/pages"}],"about":[{"href":"https:\/\/chronologiekritik.de\/fr\/wp-json\/wp\/v2\/types\/page"}],"author":[{"embeddable":true,"href":"https:\/\/chronologiekritik.de\/fr\/wp-json\/wp\/v2\/users\/4"}],"replies":[{"embeddable":true,"href":"https:\/\/chronologiekritik.de\/fr\/wp-json\/wp\/v2\/comments?post=3547"}],"version-history":[{"count":1,"href":"https:\/\/chronologiekritik.de\/fr\/wp-json\/wp\/v2\/pages\/3547\/revisions"}],"predecessor-version":[{"id":3548,"href":"https:\/\/chronologiekritik.de\/fr\/wp-json\/wp\/v2\/pages\/3547\/revisions\/3548"}],"wp:attachment":[{"href":"https:\/\/chronologiekritik.de\/fr\/wp-json\/wp\/v2\/media?parent=3547"}],"curies":[{"name":"wp","href":"https:\/\/api.w.org\/{rel}","templated":true}]}}